{"id":9854,"date":"2025-09-17T12:44:12","date_gmt":"2025-09-17T10:44:12","guid":{"rendered":"https:\/\/boreait.com\/hu\/?post_type=product&#038;p=9854"},"modified":"2025-09-17T12:44:59","modified_gmt":"2025-09-17T10:44:59","slug":"156-lcd-kepernyo-lp156whu-tpa1-matt-30-tus-wxga-uj","status":"publish","type":"product","link":"https:\/\/boreait.com\/hu\/termek\/156-lcd-kepernyo-lp156whu-tpa1-matt-30-tus-wxga-uj\/","title":{"rendered":"15,6&#8243; LCD k\u00e9perny\u0151 LP156WHU TPA1 matt 30 t\u0171s WXGA \u00daj"},"content":{"rendered":"<p><strong>T\u00e9nyleges modell: N156BGA-EA2 REV C1 vagy B156XTN07.1 \u2013 TELJESEN KOMPATIBILIS AZ LP156WHU TPA1-gyel<\/strong><\/p>\n<p>Az LP156WHU TPA1 egy pr\u00e9mium 15,6 h\u00fcvelykes LCD-k\u00e9perny\u0151, amelyet laptopja vizu\u00e1lis teljes\u00edtm\u00e9ny\u00e9nek jav\u00edt\u00e1s\u00e1ra terveztek. Ez a matt fel\u00fclet\u0171 k\u00e9perny\u0151 hat\u00e9konyan cs\u00f6kkenti a t\u00fckr\u00f6z\u0151d\u00e9st, \u00edgy alkalmas k\u00fcl\u00f6nf\u00e9le f\u00e9nyviszonyokhoz, ak\u00e1r belt\u00e9ren, ak\u00e1r k\u00fclt\u00e9ren. A WXGA felbont\u00e1s (1366&#215;768) biztos\u00edtja, hogy tartalmai tiszt\u00e1n \u00e9s \u00e9lesen jelenjenek meg, \u00edgy ide\u00e1lis olyan feladatokhoz, mint a webb\u00f6ng\u00e9sz\u00e9s, vide\u00f3n\u00e9z\u00e9s \u00e9s dokumentumszerkeszt\u00e9s.<\/p>\n<p>Ez az LCD-k\u00e9perny\u0151 30 t\u0171s eDP-csatlakoz\u00f3val van felszerelve, amely biztos\u00edtja a z\u00f6kken\u0151mentes \u00e9s egyszer\u0171 telep\u00edt\u00e9si folyamatot. A fels\u0151 \u00e9s als\u00f3 konzolok tov\u00e1bb hozz\u00e1j\u00e1rulnak a biztons\u00e1gos \u00e9s stabil illeszked\u00e9shez a laptopban. B\u00e1r ez egy nem IPS panel, m\u00e9gis j\u00f3 sz\u00ednvisszaad\u00e1st \u00e9s betekint\u00e9si sz\u00f6geket biztos\u00edt, kiel\u00e9g\u00edtve a legt\u00f6bb felhaszn\u00e1l\u00f3 mindennapi sz\u00e1m\u00edt\u00e1stechnikai ig\u00e9nyeit.<\/p>\n<p>A vadonat\u00faj \u00e9s kifog\u00e1stalan \u00e1llapot\u00fa LP156WHU TPA1 t\u00f6k\u00e9letes helyettes\u00edt\u0151je vagy friss\u00edt\u00e9se laptopja megl\u00e9v\u0151 k\u00e9perny\u0151j\u00e9hez. Legyen sz\u00f3 di\u00e1kr\u00f3l, profir\u00f3l vagy alkalmi felhaszn\u00e1l\u00f3r\u00f3l, ez az LCD-k\u00e9perny\u0151 megb\u00edzhat\u00f3 teljes\u00edtm\u00e9nyt \u00e9s tiszta vizu\u00e1lis \u00e9lm\u00e9nyt ny\u00fajt, \u00edgy nagyszer\u0171 v\u00e1laszt\u00e1s laptopj\u00e1hoz.<\/p>\n","protected":false},"excerpt":{"rendered":"<p>Friss\u00edtse laptopja kijelz\u0151j\u00e9t az LP156WHU TPA1 LCD k\u00e9perny\u0151vel. Ez a 15,6 h\u00fcvelykes matt k\u00e9perny\u0151 WXGA felbont\u00e1st \u00e9s 30 t\u0171s eDP-csatlakoz\u00f3val rendelkezik. Ez a vadonat\u00faj, nem IPS k\u00e9perny\u0151 a biztons\u00e1gos telep\u00edt\u00e9st biztos\u00edt\u00f3 fels\u0151 \u00e9s als\u00f3 tart\u00f3konzollal tiszta \u00e9s megb\u00edzhat\u00f3 k\u00e9pet k\u00edn\u00e1l a mindennapi haszn\u00e1latra.<\/p>\n","protected":false},"featured_media":9890,"template":"","meta":[],"product_brand":[],"product_cat":[81,71],"product_tag":[],"class_list":{"0":"post-9854","1":"product","2":"type-product","3":"status-publish","4":"has-post-thumbnail","6":"product_cat-15-6-new-laptop-screens-lcd-panels","7":"product_cat-new-laptop-screens-lcd-panels","9":"first","10":"instock","11":"taxable","12":"shipping-taxable","13":"purchasable","14":"product-type-simple"},"_links":{"self":[{"href":"https:\/\/boreait.com\/hu\/wp-json\/wp\/v2\/product\/9854","targetHints":{"allow":["GET"]}}],"collection":[{"href":"https:\/\/boreait.com\/hu\/wp-json\/wp\/v2\/product"}],"about":[{"href":"https:\/\/boreait.com\/hu\/wp-json\/wp\/v2\/types\/product"}],"wp:featuredmedia":[{"embeddable":true,"href":"https:\/\/boreait.com\/hu\/wp-json\/wp\/v2\/media\/9890"}],"wp:attachment":[{"href":"https:\/\/boreait.com\/hu\/wp-json\/wp\/v2\/media?parent=9854"}],"wp:term":[{"taxonomy":"product_brand","embeddable":true,"href":"https:\/\/boreait.com\/hu\/wp-json\/wp\/v2\/product_brand?post=9854"},{"taxonomy":"product_cat","embeddable":true,"href":"https:\/\/boreait.com\/hu\/wp-json\/wp\/v2\/product_cat?post=9854"},{"taxonomy":"product_tag","embeddable":true,"href":"https:\/\/boreait.com\/hu\/wp-json\/wp\/v2\/product_tag?post=9854"}],"curies":[{"name":"wp","href":"https:\/\/api.w.org\/{rel}","templated":true}]}}