{"id":9853,"date":"2025-09-17T12:44:12","date_gmt":"2025-09-17T10:44:12","guid":{"rendered":"https:\/\/boreait.com\/hu\/?post_type=product&#038;p=9853"},"modified":"2025-09-17T12:44:58","modified_gmt":"2025-09-17T10:44:58","slug":"156-lcd-kijelzo-ltn156at37-l01-matt-30-tus-wxga-uj","status":"publish","type":"product","link":"https:\/\/boreait.com\/hu\/termek\/156-lcd-kijelzo-ltn156at37-l01-matt-30-tus-wxga-uj\/","title":{"rendered":"15,6&#8243; LCD kijelz\u0151 LTN156AT37-L01 matt 30 t\u0171s WXGA \u00faj"},"content":{"rendered":"<p><strong>T\u00e9nyleges modell: N156BGA-EA2 REV C1 vagy B156XTN07.1 \u2013 TELJESEN KOMPATIBILIS AZ LTN156AT37-L01-VEL<\/strong><\/p>\n<p>Az LTN156AT37-L01 egy nagy teljes\u00edtm\u00e9ny\u0171, 15,6 h\u00fcvelykes LCD-k\u00e9perny\u0151, amelyet laptopja megjelen\u00edt\u00e9si min\u0151s\u00e9g\u00e9nek jav\u00edt\u00e1s\u00e1ra terveztek. Ez a k\u00e9perny\u0151 matt fel\u00fclet\u00e9vel hat\u00e9konyan cs\u00f6kkenti a t\u00fckr\u00f6z\u0151d\u00e9st, \u00edgy ide\u00e1lis k\u00fcl\u00f6nf\u00e9le f\u00e9nyviszonyok k\u00f6z\u00f6tt, belt\u00e9ren \u00e9s k\u00fclt\u00e9ren egyar\u00e1nt. A WXGA felbont\u00e1s (1366&#215;768) \u00e9les \u00e9s \u00e9l\u00e9nk l\u00e1tv\u00e1nyt biztos\u00edt, amely t\u00f6k\u00e9letes olyan feladatokhoz, mint a webb\u00f6ng\u00e9sz\u00e9s, vide\u00f3k n\u00e9z\u00e9se \u00e9s dokumentumokkal val\u00f3 munka.<\/p>\n<p>Ez az LCD-k\u00e9perny\u0151 30 t\u0171s eDP-csatlakoz\u00f3val van felszerelve, amely gyors \u00e9s egyszer\u0171 telep\u00edt\u00e9st tesz lehet\u0151v\u00e9. A fels\u0151 \u00e9s als\u00f3 tart\u00f3 stabilit\u00e1st biztos\u00edt, \u00edgy biztons\u00e1gosan illeszkedik laptopj\u00e1hoz. B\u00e1r ez egy nem IPS k\u00e9perny\u0151, m\u00e9gis j\u00f3 sz\u00ednpontoss\u00e1got \u00e9s sz\u00e9les betekint\u00e9si sz\u00f6geket k\u00edn\u00e1l, \u00edgy a legt\u00f6bb felhaszn\u00e1l\u00f3 sz\u00e1m\u00e1ra megfelel\u0151.<\/p>\n<p>A vadonat\u00faj \u00e9s kifog\u00e1stalan \u00e1llapot\u00fa LTN156AT37-L01 kiv\u00e1l\u00f3 csere vagy friss\u00edt\u00e9s a jelenlegi laptop k\u00e9perny\u0151j\u00e9hez. Legyen sz\u00f3 tanul\u00f3r\u00f3l, professzion\u00e1lis vagy alkalmi felhaszn\u00e1l\u00f3r\u00f3l, ez a k\u00e9perny\u0151 egyenletes \u00e9s megb\u00edzhat\u00f3 teljes\u00edtm\u00e9nyt ny\u00fajt, k\u00e9nyelmes \u00e9s tiszta megtekint\u00e9si \u00e9lm\u00e9nyt biztos\u00edtva minden alkalommal.<\/p>\n","protected":false},"excerpt":{"rendered":"<p style=\"text-align: left;\">Friss\u00edtse laptopj\u00e1t az LTN156AT37-L01 LCD-k\u00e9perny\u0151vel. Ez a 15,6 h\u00fcvelykes matt k\u00e9perny\u0151 WXGA felbont\u00e1ssal, 30 t\u0171s eDP-csatlakoz\u00f3val, valamint fels\u0151 \u00e9s als\u00f3 konzollal rendelkezik a biztons\u00e1gos telep\u00edt\u00e9s \u00e9rdek\u00e9ben. Ez a vadonat\u00faj \u00e9s nem IPS-es k\u00e9perny\u0151 tiszta \u00e9s megb\u00edzhat\u00f3 k\u00e9pet ny\u00fajt a mindennapi haszn\u00e1latra.<\/p>\n","protected":false},"featured_media":9890,"template":"","meta":[],"product_brand":[],"product_cat":[81,71],"product_tag":[],"class_list":{"0":"post-9853","1":"product","2":"type-product","3":"status-publish","4":"has-post-thumbnail","6":"product_cat-15-6-new-laptop-screens-lcd-panels","7":"product_cat-new-laptop-screens-lcd-panels","9":"first","10":"instock","11":"taxable","12":"shipping-taxable","13":"purchasable","14":"product-type-simple"},"_links":{"self":[{"href":"https:\/\/boreait.com\/hu\/wp-json\/wp\/v2\/product\/9853","targetHints":{"allow":["GET"]}}],"collection":[{"href":"https:\/\/boreait.com\/hu\/wp-json\/wp\/v2\/product"}],"about":[{"href":"https:\/\/boreait.com\/hu\/wp-json\/wp\/v2\/types\/product"}],"wp:featuredmedia":[{"embeddable":true,"href":"https:\/\/boreait.com\/hu\/wp-json\/wp\/v2\/media\/9890"}],"wp:attachment":[{"href":"https:\/\/boreait.com\/hu\/wp-json\/wp\/v2\/media?parent=9853"}],"wp:term":[{"taxonomy":"product_brand","embeddable":true,"href":"https:\/\/boreait.com\/hu\/wp-json\/wp\/v2\/product_brand?post=9853"},{"taxonomy":"product_cat","embeddable":true,"href":"https:\/\/boreait.com\/hu\/wp-json\/wp\/v2\/product_cat?post=9853"},{"taxonomy":"product_tag","embeddable":true,"href":"https:\/\/boreait.com\/hu\/wp-json\/wp\/v2\/product_tag?post=9853"}],"curies":[{"name":"wp","href":"https:\/\/api.w.org\/{rel}","templated":true}]}}