{"id":9852,"date":"2025-09-17T12:44:12","date_gmt":"2025-09-17T10:44:12","guid":{"rendered":"https:\/\/boreait.com\/hu\/?post_type=product&#038;p=9852"},"modified":"2025-09-17T12:44:58","modified_gmt":"2025-09-17T10:44:58","slug":"156-lcd-kepernyo-b156xtn04-0-matt-30-tus-wxga-uj","status":"publish","type":"product","link":"https:\/\/boreait.com\/hu\/termek\/156-lcd-kepernyo-b156xtn04-0-matt-30-tus-wxga-uj\/","title":{"rendered":"15,6&#8243; LCD k\u00e9perny\u0151 B156XTN04.0 matt 30 t\u0171s WXGA \u00daj"},"content":{"rendered":"<p><strong>T\u00e9nyleges modell: N156BGA-EA2 REV C1 vagy B156XTN07.1 \u2013 TELJESEN KOMPATIBILIS A B156XTN04.0-VAL<\/strong><\/p>\n<p>A B156XTN04.0 egy 15,6 h\u00fcvelykes LCD-k\u00e9perny\u0151, amelyet laptopja vizu\u00e1lis teljes\u00edtm\u00e9ny\u00e9nek jav\u00edt\u00e1s\u00e1ra terveztek. Matt fel\u00fclet\u00e9nek k\u00f6sz\u00f6nhet\u0151en ez a k\u00e9perny\u0151 hat\u00e9konyan cs\u00f6kkenti a t\u00fckr\u00f6z\u0151d\u00e9st, \u00edgy t\u00f6k\u00e9letes a k\u00fcl\u00f6nf\u00e9le f\u00e9nyviszonyok melletti haszn\u00e1latra. A WXGA felbont\u00e1s (1366&#215;768) biztos\u00edtja, hogy a k\u00e9p \u00e9les \u00e9s r\u00e9szletes legyen, ak\u00e1r dolgozik, b\u00f6ng\u00e9szik, ak\u00e1r multim\u00e9di\u00e1s tartalmakat \u00e9lvez.<\/p>\n<p>Ez a k\u00e9perny\u0151 30 t\u0171s eDP-csatlakoz\u00f3val van felszerelve, amely lehet\u0151v\u00e9 teszi a z\u00f6kken\u0151mentes csatlakoz\u00e1st laptopj\u00e1hoz. A fels\u0151 \u00e9s als\u00f3 konzolok biztons\u00e1gos \u00e9s egyszer\u0171 telep\u00edt\u00e9st tesznek lehet\u0151v\u00e9, \u00edgy a k\u00e9perny\u0151 t\u00f6k\u00e9letesen illeszkedik a k\u00e9sz\u00fcl\u00e9kbe. B\u00e1r nem IPS kijelz\u0151r\u0151l van sz\u00f3, a B156XTN04.0 tov\u00e1bbra is j\u00f3 sz\u00ednpontoss\u00e1got \u00e9s betekint\u00e9si sz\u00f6geket k\u00edn\u00e1l, \u00edgy megb\u00edzhat\u00f3 v\u00e1laszt\u00e1s a mindennapi haszn\u00e1latra.<\/p>\n<p>A vadonat\u00faj \u00e9s kifog\u00e1stalan \u00e1llapot\u00fa B156XTN04.0 LCD-k\u00e9perny\u0151 kiv\u00e1l\u00f3 helyettes\u00edt\u0151je vagy friss\u00edt\u00e9se laptopj\u00e1hoz. Legyen sz\u00f3 professzion\u00e1lis, tanul\u00f3 vagy alkalmi felhaszn\u00e1l\u00f3r\u00f3l, ez a k\u00e9perny\u0151 egyenletes teljes\u00edtm\u00e9nyt ny\u00fajt, tiszta \u00e9s k\u00e9nyelmes megtekint\u00e9si \u00e9lm\u00e9nyt biztos\u00edtva az \u00d6n ig\u00e9nyeinek megfelel\u0151en.<\/p>\n","protected":false},"excerpt":{"rendered":"<p>B\u0151v\u00edtse laptop kijelz\u0151j\u00e9t a B156XTN04.0 LCD k\u00e9perny\u0151vel. Ez a 15,6 h\u00fcvelykes matt k\u00e9perny\u0151 WXGA felbont\u00e1ssal \u00e9s 30 t\u0171s eDP-csatlakoz\u00f3val rendelkezik, amely egyszer\u0171 telep\u00edt\u00e9st tesz lehet\u0151v\u00e9 a fels\u0151 \u00e9s als\u00f3 konzollal. Vadonat\u00faj \u00e9s nem IPS, tiszta \u00e9s megb\u00edzhat\u00f3 l\u00e1tv\u00e1nyt k\u00edn\u00e1l a mindennapi feladatokhoz.<\/p>\n","protected":false},"featured_media":9890,"template":"","meta":[],"product_brand":[],"product_cat":[81,71],"product_tag":[],"class_list":{"0":"post-9852","1":"product","2":"type-product","3":"status-publish","4":"has-post-thumbnail","6":"product_cat-15-6-new-laptop-screens-lcd-panels","7":"product_cat-new-laptop-screens-lcd-panels","9":"first","10":"instock","11":"taxable","12":"shipping-taxable","13":"purchasable","14":"product-type-simple"},"_links":{"self":[{"href":"https:\/\/boreait.com\/hu\/wp-json\/wp\/v2\/product\/9852","targetHints":{"allow":["GET"]}}],"collection":[{"href":"https:\/\/boreait.com\/hu\/wp-json\/wp\/v2\/product"}],"about":[{"href":"https:\/\/boreait.com\/hu\/wp-json\/wp\/v2\/types\/product"}],"wp:featuredmedia":[{"embeddable":true,"href":"https:\/\/boreait.com\/hu\/wp-json\/wp\/v2\/media\/9890"}],"wp:attachment":[{"href":"https:\/\/boreait.com\/hu\/wp-json\/wp\/v2\/media?parent=9852"}],"wp:term":[{"taxonomy":"product_brand","embeddable":true,"href":"https:\/\/boreait.com\/hu\/wp-json\/wp\/v2\/product_brand?post=9852"},{"taxonomy":"product_cat","embeddable":true,"href":"https:\/\/boreait.com\/hu\/wp-json\/wp\/v2\/product_cat?post=9852"},{"taxonomy":"product_tag","embeddable":true,"href":"https:\/\/boreait.com\/hu\/wp-json\/wp\/v2\/product_tag?post=9852"}],"curies":[{"name":"wp","href":"https:\/\/api.w.org\/{rel}","templated":true}]}}