{"id":9851,"date":"2025-09-17T12:44:11","date_gmt":"2025-09-17T10:44:11","guid":{"rendered":"https:\/\/boreait.com\/hu\/?post_type=product&#038;p=9851"},"modified":"2025-09-17T12:44:58","modified_gmt":"2025-09-17T10:44:58","slug":"156-lcd-kepernyo-b156xtn04-5-matt-30-tus-wxga-uj","status":"publish","type":"product","link":"https:\/\/boreait.com\/hu\/termek\/156-lcd-kepernyo-b156xtn04-5-matt-30-tus-wxga-uj\/","title":{"rendered":"15,6&#8243; LCD k\u00e9perny\u0151 B156XTN04.5 matt 30 t\u0171s WXGA \u00daj"},"content":{"rendered":"<p><strong>T\u00e9nyleges modell: N156BGA-EA2 REV C1 vagy B156XTN07.1 \u2013 TELJESEN KOMPATIBILIS AZ N156BGA-EB2 REV.B1 \u00e9s REV.C4 VEL<\/strong><\/p>\n<p>A B156XTN04.5 egy kiv\u00e1l\u00f3 min\u0151s\u00e9g\u0171, 15,6 h\u00fcvelykes LCD-k\u00e9perny\u0151, amelyet laptopja vizu\u00e1lis \u00e9lm\u00e9ny\u00e9nek jav\u00edt\u00e1s\u00e1ra terveztek. Ez a matt fel\u00fclet\u0171 k\u00e9perny\u0151 cs\u00f6kkenti a t\u00fckr\u00f6z\u0151d\u00e9st, \u00e9s k\u00e9nyelmes megtekint\u00e9st biztos\u00edt k\u00fcl\u00f6nf\u00e9le f\u00e9nyviszonyok k\u00f6z\u00f6tt. A WXGA felbont\u00e1s (1366&#215;768) \u00e9les \u00e9s \u00e9l\u00e9nk l\u00e1tv\u00e1nyt biztos\u00edt, amely t\u00f6k\u00e9letes olyan feladatokhoz, mint a b\u00f6ng\u00e9sz\u00e9s, a munka \u00e9s a m\u00e9diafogyaszt\u00e1s.<\/p>\n<p>Ez az LCD-panel 30 t\u0171s eDP-csatlakoz\u00f3val van felszerelve, amely egyszer\u0171 \u00e9s biztons\u00e1gos csatlakoz\u00e1st biztos\u00edt. A fels\u0151 \u00e9s als\u00f3 tart\u00f3konzolok megk\u00f6nny\u00edtik \u00e9s stabilak a telep\u00edt\u00e9st, \u00edgy a k\u00e9perny\u0151 szil\u00e1rdan a hely\u00e9n marad. B\u00e1r nem IPS panelr\u0151l van sz\u00f3, m\u00e9g mindig megfelel\u0151 sz\u00ednpontoss\u00e1got \u00e9s betekint\u00e9si sz\u00f6geket k\u00edn\u00e1l, \u00edgy a legt\u00f6bb napi tev\u00e9kenys\u00e9ghez alkalmas.<\/p>\n<p>A vadonat\u00faj \u00e9s t\u00f6k\u00e9letes \u00e1llapotban l\u00e9v\u0151 B156XTN04.5 ide\u00e1lis csere vagy friss\u00edt\u00e9s laptopja jelenlegi k\u00e9perny\u0151j\u00e9hez. Legyen \u00d6n di\u00e1k, professzion\u00e1lis vagy alkalmi felhaszn\u00e1l\u00f3, ez az LCD-k\u00e9perny\u0151 egyenletes teljes\u00edtm\u00e9nyt \u00e9s tiszta vizu\u00e1lis \u00e9lm\u00e9nyt biztos\u00edt.<\/p>\n","protected":false},"excerpt":{"rendered":"<p>B\u0151v\u00edtse laptopja kijelz\u0151j\u00e9t a B156XTN04.5 LCD k\u00e9perny\u0151vel. Ez a 15,6 h\u00fcvelykes matt k\u00e9perny\u0151 WXGA felbont\u00e1ssal, 30 t\u0171s eDP-csatlakoz\u00f3val, valamint fels\u0151 \u00e9s als\u00f3 konzollal rendelkezik a biztons\u00e1gos telep\u00edt\u00e9s \u00e9rdek\u00e9ben. Vadonat\u00faj \u00e9s nem IPS, tiszta \u00e9s megb\u00edzhat\u00f3 l\u00e1tv\u00e1nyt ny\u00fajt a mindennapi haszn\u00e1latra.<\/p>\n","protected":false},"featured_media":9890,"template":"","meta":[],"product_brand":[],"product_cat":[81,71],"product_tag":[],"class_list":{"0":"post-9851","1":"product","2":"type-product","3":"status-publish","4":"has-post-thumbnail","6":"product_cat-15-6-new-laptop-screens-lcd-panels","7":"product_cat-new-laptop-screens-lcd-panels","9":"first","10":"instock","11":"taxable","12":"shipping-taxable","13":"purchasable","14":"product-type-simple"},"_links":{"self":[{"href":"https:\/\/boreait.com\/hu\/wp-json\/wp\/v2\/product\/9851","targetHints":{"allow":["GET"]}}],"collection":[{"href":"https:\/\/boreait.com\/hu\/wp-json\/wp\/v2\/product"}],"about":[{"href":"https:\/\/boreait.com\/hu\/wp-json\/wp\/v2\/types\/product"}],"wp:featuredmedia":[{"embeddable":true,"href":"https:\/\/boreait.com\/hu\/wp-json\/wp\/v2\/media\/9890"}],"wp:attachment":[{"href":"https:\/\/boreait.com\/hu\/wp-json\/wp\/v2\/media?parent=9851"}],"wp:term":[{"taxonomy":"product_brand","embeddable":true,"href":"https:\/\/boreait.com\/hu\/wp-json\/wp\/v2\/product_brand?post=9851"},{"taxonomy":"product_cat","embeddable":true,"href":"https:\/\/boreait.com\/hu\/wp-json\/wp\/v2\/product_cat?post=9851"},{"taxonomy":"product_tag","embeddable":true,"href":"https:\/\/boreait.com\/hu\/wp-json\/wp\/v2\/product_tag?post=9851"}],"curies":[{"name":"wp","href":"https:\/\/api.w.org\/{rel}","templated":true}]}}