{"id":9837,"date":"2025-09-17T12:43:48","date_gmt":"2025-09-17T10:43:48","guid":{"rendered":"https:\/\/boreait.com\/hu\/?post_type=product&#038;p=9837"},"modified":"2025-09-17T12:44:58","modified_gmt":"2025-09-17T10:44:58","slug":"156-lcd-kepernyo-n156bga-e31-e41-ea2-eaa-e32-matt-30-tus-wxga-uj","status":"publish","type":"product","link":"https:\/\/boreait.com\/hu\/termek\/156-lcd-kepernyo-n156bga-e31-e41-ea2-eaa-e32-matt-30-tus-wxga-uj\/","title":{"rendered":"15,6&#8243; LCD k\u00e9perny\u0151 N156BGA-E31 E41 EA2 EAA E32 matt 30 t\u0171s WXGA \u00daj"},"content":{"rendered":"<p><strong>T\u00e9nyleges modell: N156BGA-EA2 REV C1 vagy B156XTN07.1 \u2013 TELJESEN KOMPATIBILIS AZ N156BGA-E31 E41 EA2 EAA E32-vel<\/strong><\/p>\n<p>Az N156BGA-E31 E41 EA2 EAA E32 egy pr\u00e9mium 15,6 h\u00fcvelykes LCD-k\u00e9perny\u0151, amelyet \u00fagy terveztek, hogy \u00e9les \u00e9s tiszta vizu\u00e1lis \u00e9lm\u00e9nyt ny\u00fajtson laptopj\u00e1n. Ez a matt fel\u00fclet\u0171 k\u00e9perny\u0151 cs\u00f6kkenti a t\u00fckr\u00f6z\u0151d\u00e9st, \u00edgy belt\u00e9ri \u00e9s k\u00fclt\u00e9ri k\u00f6rnyezetben egyar\u00e1nt ide\u00e1lis. A WXGA felbont\u00e1s (1366&#215;768) \u00e9les \u00e9s \u00e9l\u00e9nk l\u00e1tv\u00e1nyt biztos\u00edt, amely t\u00f6k\u00e9letes a mindennapi tev\u00e9kenys\u00e9gekhez, mint p\u00e9ld\u00e1ul a b\u00f6ng\u00e9sz\u00e9s, a vide\u00f3k megtekint\u00e9se \u00e9s a dokumentumokon val\u00f3 munka.<\/p>\n<p>Ez az LCD-k\u00e9perny\u0151 30 t\u0171s eDP-csatlakoz\u00f3val rendelkezik, amely lehet\u0151v\u00e9 teszi az egyszer\u0171 \u00e9s biztons\u00e1gos telep\u00edt\u00e9st. A mell\u00e9kelt fels\u0151 \u00e9s als\u00f3 tart\u00f3 tov\u00e1bbi stabilit\u00e1st biztos\u00edt, \u00edgy a k\u00e9perny\u0151 biztons\u00e1gosan illeszkedik a laptopba. B\u00e1r ez egy nem IPS k\u00e9perny\u0151, m\u00e9gis j\u00f3 sz\u00ednpontoss\u00e1got \u00e9s sz\u00e9les betekint\u00e9si sz\u00f6geket k\u00edn\u00e1l, \u00edgy a legt\u00f6bb felhaszn\u00e1l\u00f3 sz\u00e1m\u00e1ra megfelel\u0151.<\/p>\n<p>A vadonat\u00faj \u00e9s kiv\u00e1l\u00f3 \u00e1llapotban l\u00e9v\u0151 N156BGA-E31 E41 EA2 EAA E32 ide\u00e1lis csere vagy friss\u00edt\u00e9s a megl\u00e9v\u0151 laptop k\u00e9perny\u0151j\u00e9hez. Ak\u00e1r di\u00e1k, ak\u00e1r profi, ak\u00e1r h\u00e9tk\u00f6znapi felhaszn\u00e1l\u00f3, ez a k\u00e9perny\u0151 megb\u00edzhat\u00f3 teljes\u00edtm\u00e9nyt \u00e9s tiszta, k\u00e9nyelmes megtekint\u00e9si \u00e9lm\u00e9nyt k\u00edn\u00e1l.<\/p>\n","protected":false},"excerpt":{"rendered":"<p>Friss\u00edtse laptopja kijelz\u0151j\u00e9t az N156BGA-E31 E41 EA2 EAA E32 LCD k\u00e9perny\u0151vel. Ez a 15,6 h\u00fcvelykes matt k\u00e9perny\u0151 WXGA felbont\u00e1ssal \u00e9s 30 t\u0171s eDP-csatlakoz\u00f3val rendelkezik az egyszer\u0171 telep\u00edt\u00e9s \u00e9rdek\u00e9ben. Ez a fels\u0151 \u00e9s als\u00f3 tart\u00f3kkal felszerelt nem IPS k\u00e9perny\u0151 vadonat\u00faj, \u00e9s tiszta \u00e9s megb\u00edzhat\u00f3 k\u00e9pet ny\u00fajt a napi feladatokhoz.<\/p>\n","protected":false},"featured_media":9890,"template":"","meta":[],"product_brand":[],"product_cat":[81,71],"product_tag":[],"class_list":{"0":"post-9837","1":"product","2":"type-product","3":"status-publish","4":"has-post-thumbnail","6":"product_cat-15-6-new-laptop-screens-lcd-panels","7":"product_cat-new-laptop-screens-lcd-panels","9":"first","10":"instock","11":"taxable","12":"shipping-taxable","13":"purchasable","14":"product-type-simple"},"_links":{"self":[{"href":"https:\/\/boreait.com\/hu\/wp-json\/wp\/v2\/product\/9837","targetHints":{"allow":["GET"]}}],"collection":[{"href":"https:\/\/boreait.com\/hu\/wp-json\/wp\/v2\/product"}],"about":[{"href":"https:\/\/boreait.com\/hu\/wp-json\/wp\/v2\/types\/product"}],"wp:featuredmedia":[{"embeddable":true,"href":"https:\/\/boreait.com\/hu\/wp-json\/wp\/v2\/media\/9890"}],"wp:attachment":[{"href":"https:\/\/boreait.com\/hu\/wp-json\/wp\/v2\/media?parent=9837"}],"wp:term":[{"taxonomy":"product_brand","embeddable":true,"href":"https:\/\/boreait.com\/hu\/wp-json\/wp\/v2\/product_brand?post=9837"},{"taxonomy":"product_cat","embeddable":true,"href":"https:\/\/boreait.com\/hu\/wp-json\/wp\/v2\/product_cat?post=9837"},{"taxonomy":"product_tag","embeddable":true,"href":"https:\/\/boreait.com\/hu\/wp-json\/wp\/v2\/product_tag?post=9837"}],"curies":[{"name":"wp","href":"https:\/\/api.w.org\/{rel}","templated":true}]}}