{"id":9835,"date":"2025-09-17T12:43:48","date_gmt":"2025-09-17T10:43:48","guid":{"rendered":"https:\/\/boreait.com\/hu\/?post_type=product&#038;p=9835"},"modified":"2025-09-17T12:44:57","modified_gmt":"2025-09-17T10:44:57","slug":"156-lcd-kepernyo-n156bga-eb2-rev-b1-c1-matt-30-tus-wxga-uj","status":"publish","type":"product","link":"https:\/\/boreait.com\/hu\/termek\/156-lcd-kepernyo-n156bga-eb2-rev-b1-c1-matt-30-tus-wxga-uj\/","title":{"rendered":"15,6&#8243; LCD k\u00e9perny\u0151 N156BGA-EB2 REV.B1\/C1 matt 30 t\u0171s WXGA \u00daj"},"content":{"rendered":"<p><strong>T\u00e9nyleges modell: N156BGA-EA2 REV C1 vagy B156XTN07.1 \u2013 TELJESEN KOMPATIBILIS AZ N156BGA-EB2 REV.B1 \u00e9s REV.C1-gyel<\/strong><\/p>\n<p>Az N156BGA-EB2 REV.B1\/C1 egy pr\u00e9mium 15,6 h\u00fcvelykes LCD-k\u00e9perny\u0151, amelyet laptopja megjelen\u00edt\u00e9si min\u0151s\u00e9g\u00e9nek jav\u00edt\u00e1s\u00e1ra terveztek. Matt fel\u00fclete cs\u00f6kkenti a t\u00fckr\u00f6z\u0151d\u00e9st, \u00edgy k\u00e9nyelmes megtekint\u00e9si \u00e9lm\u00e9nyt biztos\u00edt, ak\u00e1r belt\u00e9ren, ak\u00e1r kint tart\u00f3zkodik. A k\u00e9perny\u0151 WXGA felbont\u00e1s\u00fa (1366&#215;768), ami \u00e9les \u00e9s r\u00e9szletgazdag k\u00e9peket biztos\u00edt, \u00edgy t\u00f6k\u00e9letes a b\u00f6ng\u00e9sz\u00e9st\u0151l a vide\u00f3k megtekint\u00e9s\u00e9ig terjed\u0151 feladatokhoz.<\/p>\n<p>A 30 t\u0171s eDP-csatlakoz\u00f3val felszerelt N156BGA-EB2 REV.B1\/C1 egyszer\u0171 \u00e9s megb\u00edzhat\u00f3 telep\u00edt\u00e9st tesz lehet\u0151v\u00e9. A fels\u0151 \u00e9s als\u00f3 konzolok tov\u00e1bbi stabilit\u00e1st biztos\u00edtanak, \u00edgy a telep\u00edt\u00e9si folyamat egyszer\u0171 \u00e9s biztons\u00e1gos. B\u00e1r ez egy nem IPS k\u00e9perny\u0151, m\u00e9g mindig j\u00f3 sz\u00ednpontoss\u00e1got \u00e9s megfelel\u0151 betekint\u00e9si sz\u00f6geket biztos\u00edt, \u00edgy sz\u00e1mos alkalmaz\u00e1shoz alkalmas.<\/p>\n<p>A vadonat\u00faj \u00e9s t\u00f6k\u00e9letes \u00e1llapotban l\u00e9v\u0151 N156BGA-EB2 REV.B1\/C1 kiv\u00e1l\u00f3 v\u00e1laszt\u00e1s laptopja jelenlegi k\u00e9perny\u0151j\u00e9nek cser\u00e9j\u00e9hez vagy friss\u00edt\u00e9s\u00e9hez. Legyen sz\u00f3 tanul\u00f3r\u00f3l, professzion\u00e1lis vagy alkalmi felhaszn\u00e1l\u00f3r\u00f3l, ez az LCD-k\u00e9perny\u0151 egyenletes \u00e9s tiszta teljes\u00edtm\u00e9nyt biztos\u00edt, jav\u00edtva az \u00e1ltal\u00e1nos sz\u00e1m\u00edt\u00e1stechnikai \u00e9lm\u00e9nyt.<\/p>\n","protected":false},"excerpt":{"rendered":"<p>Friss\u00edtse laptopj\u00e1t az N156BGA-EB2 REV.B1\/C1 LCD k\u00e9perny\u0151vel. Ez a 15,6 h\u00fcvelykes matt kijelz\u0151 WXGA felbont\u00e1st \u00e9s 30 t\u0171s eDP-csatlakoz\u00f3val rendelkezik. A biztons\u00e1gos telep\u00edt\u00e9st biztos\u00edt\u00f3 fels\u0151 \u00e9s als\u00f3 tart\u00f3kkal ez a vadonat\u00faj, nem IPS-k\u00e9perny\u0151 megb\u00edzhat\u00f3 \u00e9s tiszta l\u00e1tv\u00e1nyt ny\u00fajt a mindennapi haszn\u00e1latra.<\/p>\n","protected":false},"featured_media":9890,"template":"","meta":[],"product_brand":[],"product_cat":[81,71],"product_tag":[],"class_list":{"0":"post-9835","1":"product","2":"type-product","3":"status-publish","4":"has-post-thumbnail","6":"product_cat-15-6-new-laptop-screens-lcd-panels","7":"product_cat-new-laptop-screens-lcd-panels","9":"first","10":"instock","11":"taxable","12":"shipping-taxable","13":"purchasable","14":"product-type-simple"},"_links":{"self":[{"href":"https:\/\/boreait.com\/hu\/wp-json\/wp\/v2\/product\/9835","targetHints":{"allow":["GET"]}}],"collection":[{"href":"https:\/\/boreait.com\/hu\/wp-json\/wp\/v2\/product"}],"about":[{"href":"https:\/\/boreait.com\/hu\/wp-json\/wp\/v2\/types\/product"}],"wp:featuredmedia":[{"embeddable":true,"href":"https:\/\/boreait.com\/hu\/wp-json\/wp\/v2\/media\/9890"}],"wp:attachment":[{"href":"https:\/\/boreait.com\/hu\/wp-json\/wp\/v2\/media?parent=9835"}],"wp:term":[{"taxonomy":"product_brand","embeddable":true,"href":"https:\/\/boreait.com\/hu\/wp-json\/wp\/v2\/product_brand?post=9835"},{"taxonomy":"product_cat","embeddable":true,"href":"https:\/\/boreait.com\/hu\/wp-json\/wp\/v2\/product_cat?post=9835"},{"taxonomy":"product_tag","embeddable":true,"href":"https:\/\/boreait.com\/hu\/wp-json\/wp\/v2\/product_tag?post=9835"}],"curies":[{"name":"wp","href":"https:\/\/api.w.org\/{rel}","templated":true}]}}