{"id":9833,"date":"2025-09-17T12:43:48","date_gmt":"2025-09-17T10:43:48","guid":{"rendered":"https:\/\/boreait.com\/hu\/?post_type=product&#038;p=9833"},"modified":"2025-09-17T12:44:57","modified_gmt":"2025-09-17T10:44:57","slug":"156-lcd-kepernyo-n156bga-ea2-rev-c1-matt-30-tus-wxga-uj","status":"publish","type":"product","link":"https:\/\/boreait.com\/hu\/termek\/156-lcd-kepernyo-n156bga-ea2-rev-c1-matt-30-tus-wxga-uj\/","title":{"rendered":"15,6&#8243; LCD k\u00e9perny\u0151 N156BGA-EA2 REV C1 matt 30 t\u0171s WXGA \u00daj"},"content":{"rendered":"<p><strong>T\u00e9nyleges modell:<\/strong> B156XT07.1 \/ NT156WHM-N22 \/ NT156WHM-N42 \/ V8.0 L156WHB tp d2<\/p>\n<p>Az Innolux N156BGA-EA2 REV C1 egy kiv\u00e1l\u00f3 min\u0151s\u00e9g\u0171, 15,6 h\u00fcvelykes LCD-k\u00e9perny\u0151, amelyet laptopja megjelen\u00edt\u00e9si teljes\u00edtm\u00e9ny\u00e9nek jav\u00edt\u00e1s\u00e1ra terveztek. Ez a matt fel\u00fclet\u0171 k\u00e9perny\u0151 cs\u00f6kkenti a t\u00fckr\u00f6z\u0151d\u00e9st, \u00edgy belt\u00e9ri \u00e9s k\u00fclt\u00e9ri haszn\u00e1latra egyar\u00e1nt ide\u00e1lis. A WXGA felbont\u00e1s (1366&#215;768) \u00e9les \u00e9s \u00e9l\u00e9nk l\u00e1tv\u00e1nyt biztos\u00edt, amely t\u00f6k\u00e9letes a k\u00fcl\u00f6nf\u00e9le feladatokhoz a webb\u00f6ng\u00e9sz\u00e9st\u0151l a multim\u00e9di\u00e1s fogyaszt\u00e1sig.<\/p>\n<p>Ez az LCD-panel 30 t\u0171s eDP-csatlakoz\u00f3val van felszerelve, amely z\u00f6kken\u0151mentes csatlakoz\u00e1st \u00e9s egyszer\u0171 telep\u00edt\u00e9st biztos\u00edt. A fels\u0151 \u00e9s als\u00f3 tart\u00f3 tov\u00e1bbi stabilit\u00e1st biztos\u00edt, \u00edgy biztons\u00e1gosan illeszkedik laptopj\u00e1hoz. B\u00e1r ez nem IPS k\u00e9perny\u0151, m\u00e9gis kiv\u00e1l\u00f3 sz\u00ednvisszaad\u00e1st \u00e9s sz\u00e9les betekint\u00e9si sz\u00f6geket k\u00edn\u00e1l, \u00edgy a legt\u00f6bb felhaszn\u00e1l\u00f3 sz\u00e1m\u00e1ra nagyszer\u0171 v\u00e1laszt\u00e1s.<\/p>\n<p>A vadonat\u00faj \u00e9s kifog\u00e1stalan \u00e1llapot\u00fa Innolux N156BGA-EA2 REV C1 ide\u00e1lis csere vagy friss\u00edt\u00e9s a megl\u00e9v\u0151 laptop k\u00e9perny\u0151j\u00e9hez. Legyen \u00d6n di\u00e1k, professzion\u00e1lis vagy alkalmi felhaszn\u00e1l\u00f3, ez a kijelz\u0151 megb\u00edzhat\u00f3 teljes\u00edtm\u00e9nyt \u00e9s tiszta vizu\u00e1lis \u00e9lm\u00e9nyt k\u00edn\u00e1l.<\/p>\n","protected":false},"excerpt":{"rendered":"<p>Friss\u00edtse laptopja kijelz\u0151j\u00e9t az Innolux N156BGA-EA2 REV C1-gyel. Ez a 15,6 h\u00fcvelykes matt LCD-k\u00e9perny\u0151 WXGA felbont\u00e1st k\u00edn\u00e1l, amely tiszta \u00e9s \u00e9les k\u00e9pet biztos\u00edt. 30 t\u0171s eDP-csatlakoz\u00f3val rendelkezik, \u00edgy k\u00f6nnyen felszerelhet\u0151 a fels\u0151 \u00e9s als\u00f3 konzollal. \u00c9lvezze a megb\u00edzhat\u00f3 teljes\u00edtm\u00e9nyt ezzel a vadonat\u00faj, nem IPS panellel, amely t\u00f6k\u00e9letes a mindennapi sz\u00e1m\u00edt\u00e1stechnikai ig\u00e9nyekhez.<\/p>\n","protected":false},"featured_media":9890,"template":"","meta":[],"product_brand":[],"product_cat":[81,71],"product_tag":[],"class_list":{"0":"post-9833","1":"product","2":"type-product","3":"status-publish","4":"has-post-thumbnail","6":"product_cat-15-6-new-laptop-screens-lcd-panels","7":"product_cat-new-laptop-screens-lcd-panels","9":"first","10":"instock","11":"taxable","12":"shipping-taxable","13":"purchasable","14":"product-type-simple"},"_links":{"self":[{"href":"https:\/\/boreait.com\/hu\/wp-json\/wp\/v2\/product\/9833","targetHints":{"allow":["GET"]}}],"collection":[{"href":"https:\/\/boreait.com\/hu\/wp-json\/wp\/v2\/product"}],"about":[{"href":"https:\/\/boreait.com\/hu\/wp-json\/wp\/v2\/types\/product"}],"wp:featuredmedia":[{"embeddable":true,"href":"https:\/\/boreait.com\/hu\/wp-json\/wp\/v2\/media\/9890"}],"wp:attachment":[{"href":"https:\/\/boreait.com\/hu\/wp-json\/wp\/v2\/media?parent=9833"}],"wp:term":[{"taxonomy":"product_brand","embeddable":true,"href":"https:\/\/boreait.com\/hu\/wp-json\/wp\/v2\/product_brand?post=9833"},{"taxonomy":"product_cat","embeddable":true,"href":"https:\/\/boreait.com\/hu\/wp-json\/wp\/v2\/product_cat?post=9833"},{"taxonomy":"product_tag","embeddable":true,"href":"https:\/\/boreait.com\/hu\/wp-json\/wp\/v2\/product_tag?post=9833"}],"curies":[{"name":"wp","href":"https:\/\/api.w.org\/{rel}","templated":true}]}}