{"id":982,"date":"2025-09-17T09:47:57","date_gmt":"2025-09-17T07:47:57","guid":{"rendered":"https:\/\/boreait.com\/hu\/?post_type=product&#038;p=982"},"modified":"2026-01-14T08:38:13","modified_gmt":"2026-01-14T07:38:13","slug":"eredeti-00xrcc-dell-optiplex-9010-bal-jobb-belso-hangszoro-szerelveny-0xrcc","status":"publish","type":"product","link":"https:\/\/boreait.com\/hu\/termek\/eredeti-00xrcc-dell-optiplex-9010-bal-jobb-belso-hangszoro-szerelveny-0xrcc\/","title":{"rendered":"EREDETI &#8211; 00XRCC Dell OptiPlex 9010 Bal jobb bels\u0151 hangsz\u00f3r\u00f3 szerelv\u00e9ny 0XRCC"},"content":{"rendered":"<p>Az EREDETI 00XRCC Dell OptiPlex 9010 LeftRight Internal Speaker Assembly (0XRCC) egy kiv\u00e1l\u00f3 min\u0151s\u00e9g\u0171 \u00e9s eredeti Dell hangsz\u00f3r\u00f3k\u00e9szlet, amely a Dell OptiPlex 9010 asztali sz\u00e1m\u00edt\u00f3g\u00e9p bels\u0151 hangsz\u00f3r\u00f3inak cser\u00e9j\u00e9re vagy friss\u00edt\u00e9s\u00e9re szolg\u00e1l. Ez a bels\u0151 hangsug\u00e1rz\u00f3-szerelv\u00e9ny bal \u00e9s jobb oldali hangsz\u00f3r\u00f3kb\u00f3l \u00e1ll, amelyeket gondosan \u00fagy terveztek, hogy tiszta \u00e9s mag\u00e1val ragad\u00f3 hangkimenetet biztos\u00edtsanak.<\/p>\n<p>Az optim\u00e1lis hangmin\u0151s\u00e9g biztos\u00edt\u00e1s\u00e1ra tervezett bels\u0151 hangsz\u00f3r\u00f3k t\u00f6k\u00e9letesek a multim\u00e9di\u00e1s alkalmaz\u00e1sok sz\u00e9les sk\u00e1l\u00e1j\u00e1hoz, bele\u00e9rtve a vide\u00f3kat, a zenehallgat\u00e1st, az online konferenci\u00e1kon val\u00f3 r\u00e9szv\u00e9telt \u00e9s a j\u00e1t\u00e9kokat. Ak\u00e1r \u00fczleti, ak\u00e1r sz\u00f3rakoztat\u00f3 c\u00e9lokra haszn\u00e1lja az OptiPlex 9010-et, ez a hangsug\u00e1rz\u00f3-szerelv\u00e9ny tov\u00e1bbfejlesztett hang\u00e9lm\u00e9nyt biztos\u00edt, amely kieg\u00e9sz\u00edti a k\u00e9perny\u0151n megjelen\u0151 vizu\u00e1lis tartalmat.<\/p>\n<p>A Dell OptiPlex 9010 LeftRight bels\u0151 hangsz\u00f3r\u00f3-egys\u00e9g kiv\u00e1l\u00f3 min\u0151s\u00e9g\u0171 anyagokb\u00f3l k\u00e9sz\u00fclt, \u00e9s a Dell szigor\u00fa gy\u00e1rt\u00e1si szabv\u00e1nyai szerint k\u00e9sz\u00fclt, garant\u00e1lva a tart\u00f3ss\u00e1got \u00e9s a megb\u00edzhat\u00f3s\u00e1got. Z\u00f6kken\u0151mentesen beilleszthet\u0151 az asztali sz\u00e1m\u00edt\u00f3g\u00e9p h\u00e1z\u00e1ba, meg\u0151rizve az eleg\u00e1ns diz\u00e1jnt, \u00e9s elegend\u0151 helyet hagyva a megfelel\u0151 l\u00e9g\u00e1raml\u00e1shoz \u00e9s h\u0171t\u00e9shez.<\/p>\n<p>A bels\u0151 hangsz\u00f3r\u00f3-szerelv\u00e9ny cser\u00e9je egyszer\u0171 folyamat, \u00e9s nem ig\u00e9nyel k\u00fcl\u00f6n\u00f6sebb m\u0171szaki ismereteket. Az EREDETI 00XRCC Dell OptiPlex 9010 LeftRight Internal Speaker Assembly (0XRCC) seg\u00edts\u00e9g\u00e9vel helyre\u00e1ll\u00edthatja vagy jav\u00edthatja Dell OptiPlex 9010 asztali sz\u00e1m\u00edt\u00f3g\u00e9pe hangteljes\u00edtm\u00e9ny\u00e9t, \u00e9s m\u00e9g mag\u00e1val ragad\u00f3bb hang\u00e9lm\u00e9nyben r\u00e9szes\u00fclhet minden hanggal kapcsolatos tev\u00e9kenys\u00e9ge sor\u00e1n.<\/p>\n<p>Ak\u00e1r professzion\u00e1lis, aki a konferenciah\u00edv\u00e1sokhoz \u00e9s prezent\u00e1ci\u00f3khoz jobb hangmin\u0151s\u00e9gre v\u00e1gyik, vagy egy sz\u00f3rakoztat\u00f3bb film- \u00e9s zenei \u00e9lm\u00e9nyre v\u00e1gy\u00f3 sz\u00f3rakoztat\u00e1sra v\u00e1gy\u00f3 rajong\u00f3, az EREDETI 00XRCC Dell OptiPlex 9010 LeftRight Internal Speaker Assembly (0XRCC) kiv\u00e1l\u00f3 v\u00e1laszt\u00e1s a De9deskll Opti10xP kiv\u00e9teles hangmin\u0151s\u00e9g\u00e9nek biztos\u00edt\u00e1s\u00e1hoz.<\/p>\n","protected":false},"excerpt":{"rendered":"<p>Az EREDETI 00XRCC Dell OptiPlex 9010 LeftRight Internal Speaker Assembly (0XRCC) egy eredeti Dell cserehangsug\u00e1rz\u00f3-k\u00e9szlet, amelyet kifejezetten a Dell OptiPlex 9010 asztali modellhez terveztek. Ez a hangsug\u00e1rz\u00f3-szerelv\u00e9ny tiszta \u00e9s \u00e9les hangot biztos\u00edt, \u00e9s mag\u00e1val ragad\u00f3 hang\u00e9lm\u00e9nyt biztos\u00edt k\u00fcl\u00f6nf\u00e9le multim\u00e9di\u00e1s alkalmaz\u00e1sokhoz.<\/p>\n","protected":false},"featured_media":1052,"template":"","meta":[],"product_brand":[],"product_cat":[18],"product_tag":[17],"class_list":{"0":"post-982","1":"product","2":"type-product","3":"status-publish","4":"has-post-thumbnail","6":"product_cat-laptop-speakers","7":"product_tag-dell","9":"first","10":"instock","11":"taxable","12":"shipping-taxable","13":"purchasable","14":"product-type-simple"},"_links":{"self":[{"href":"https:\/\/boreait.com\/hu\/wp-json\/wp\/v2\/product\/982","targetHints":{"allow":["GET"]}}],"collection":[{"href":"https:\/\/boreait.com\/hu\/wp-json\/wp\/v2\/product"}],"about":[{"href":"https:\/\/boreait.com\/hu\/wp-json\/wp\/v2\/types\/product"}],"wp:featuredmedia":[{"embeddable":true,"href":"https:\/\/boreait.com\/hu\/wp-json\/wp\/v2\/media\/1052"}],"wp:attachment":[{"href":"https:\/\/boreait.com\/hu\/wp-json\/wp\/v2\/media?parent=982"}],"wp:term":[{"taxonomy":"product_brand","embeddable":true,"href":"https:\/\/boreait.com\/hu\/wp-json\/wp\/v2\/product_brand?post=982"},{"taxonomy":"product_cat","embeddable":true,"href":"https:\/\/boreait.com\/hu\/wp-json\/wp\/v2\/product_cat?post=982"},{"taxonomy":"product_tag","embeddable":true,"href":"https:\/\/boreait.com\/hu\/wp-json\/wp\/v2\/product_tag?post=982"}],"curies":[{"name":"wp","href":"https:\/\/api.w.org\/{rel}","templated":true}]}}