{"id":9812,"date":"2025-09-17T12:43:24","date_gmt":"2025-09-17T10:43:24","guid":{"rendered":"https:\/\/boreait.com\/hu\/?post_type=product&#038;p=9812"},"modified":"2026-02-06T13:29:16","modified_gmt":"2026-02-06T12:29:16","slug":"dell-latitude-e5530-hangszorokeszlet-balra-jobb-387my-0387my-cn-0387my-hasznalt","status":"publish","type":"product","link":"https:\/\/boreait.com\/hu\/termek\/dell-latitude-e5530-hangszorokeszlet-balra-jobb-387my-0387my-cn-0387my-hasznalt\/","title":{"rendered":"Dell Latitude E5530 hangsz\u00f3r\u00f3k\u00e9szlet balra &amp; Jobb 387MY 0387MY CN-0387MY &#8211; Haszn\u00e1lt"},"content":{"rendered":"<p>Dell Latitude E5530 hangsz\u00f3r\u00f3k\u00e9szlet (bal \u00e9s jobb)<\/p>\n<p>Cser\u00e9lje ki a Dell Latitude E5530 k\u00e9sz\u00fcl\u00e9k hib\u00e1s vagy s\u00e9r\u00fclt hangsz\u00f3r\u00f3it erre az eredeti haszn\u00e1lt hangsz\u00f3r\u00f3k\u00e9szletre. A tiszta \u00e9s megb\u00edzhat\u00f3 hangteljes\u00edtm\u00e9nyre tervezett k\u00e9szlet tartalmazza a teljes hangvissza\u00e1ll\u00edt\u00e1shoz sz\u00fcks\u00e9ges bal \u00e9s jobb hangsz\u00f3r\u00f3kat.<\/p>\n<p>**A term\u00e9k jellemz\u0151i:**<\/p>\n<p>&#8211; **Kompatibilit\u00e1s:** Kifejezetten a Dell Latitude E5530 laptopmodellhez tervezve.<\/p>\n<p>&#8211; **Alkatr\u00e9szsz\u00e1mok:** 387MY, 0387MY, CN-0387MY.<\/p>\n<p>&#8211; **\u00c1llapot:** Haszn\u00e1lt hangsz\u00f3r\u00f3k, f\u00e9nyk\u00e9pekkel, amelyeken pontosan a kapott alkatr\u00e9szek l\u00e1that\u00f3k.<\/p>\n<p>**Mi\u00e9rt v\u00e1lassza ezt a hangsz\u00f3r\u00f3k\u00e9szletet?**<\/p>\n<p>&#8211; **Vissza\u00e1ll\u00edtja az audiofunkci\u00f3kat:** T\u00f6k\u00e9letes a hangsz\u00f3r\u00f3k hib\u00e1s m\u0171k\u00f6d\u00e9se miatti hangprobl\u00e9m\u00e1k megold\u00e1s\u00e1ra.<\/p>\n<p>&#8211; **K\u00f6zvetlen csere:** K\u00f6nnyen telep\u00edthet\u0151, nincs sz\u00fcks\u00e9g m\u00f3dos\u00edt\u00e1sra.<\/p>\n<p>&#8211; **Sz\u00e1ll\u00edt\u00e1s az eg\u00e9sz vil\u00e1gon:** Megv\u00e1s\u00e1rolhat\u00f3 \u00e9s sz\u00e1ll\u00edthat\u00f3 vil\u00e1gszerte, Eur\u00f3p\u00e1ra \u00f6sszpontos\u00edtva.<\/p>\n<p>K\u00e9rj\u00fck, vegye figyelembe, hogy a telep\u00edt\u00e9si utas\u00edt\u00e1sokat nem tartalmazza. Ha seg\u00edts\u00e9gre van sz\u00fcks\u00e9ge a telep\u00edt\u00e9shez, forduljon hozz\u00e1nk bizalommal. Az\u00e9rt vagyunk itt, hogy t\u00e1mogassuk \u00d6nt \u00e9s biztos\u00edtsuk a z\u00f6kken\u0151mentes cserefolyamatot.<\/p>\n<p>**Fontos:** A list\u00e1ban szerepl\u0151 fot\u00f3k pontosan azt a hangsz\u00f3r\u00f3k\u00e9szletet mutatj\u00e1k be, amelyet kapni fog. Az \u00d6n el\u00e9gedetts\u00e9ge \u00e9rdek\u00e9ben minden alkatr\u00e9szt min\u0151s\u00e9gi ellen\u0151rz\u00e9snek vet\u00fcnk al\u00e1.<\/p>\n","protected":false},"excerpt":{"rendered":"<p>Dell Latitude E5530 hangsz\u00f3r\u00f3k\u00e9szlet (bal \u00e9s jobb) \u2013 Eredeti cserealkatr\u00e9szek. \u00c1ll\u00edtsa vissza Dell Latitude E5530 audiofunkci\u00f3it ezzel a haszn\u00e1lt hangsz\u00f3r\u00f3k\u00e9szlettel, amely ide\u00e1lis a hib\u00e1s vagy s\u00e9r\u00fclt hangsz\u00f3r\u00f3k cser\u00e9j\u00e9hez.<\/p>\n","protected":false},"featured_media":9870,"template":"","meta":[],"product_brand":[],"product_cat":[18],"product_tag":[17],"class_list":{"0":"post-9812","1":"product","2":"type-product","3":"status-publish","4":"has-post-thumbnail","6":"product_cat-laptop-speakers","7":"product_tag-dell","9":"first","10":"instock","11":"taxable","12":"shipping-taxable","13":"purchasable","14":"product-type-simple"},"_links":{"self":[{"href":"https:\/\/boreait.com\/hu\/wp-json\/wp\/v2\/product\/9812","targetHints":{"allow":["GET"]}}],"collection":[{"href":"https:\/\/boreait.com\/hu\/wp-json\/wp\/v2\/product"}],"about":[{"href":"https:\/\/boreait.com\/hu\/wp-json\/wp\/v2\/types\/product"}],"wp:featuredmedia":[{"embeddable":true,"href":"https:\/\/boreait.com\/hu\/wp-json\/wp\/v2\/media\/9870"}],"wp:attachment":[{"href":"https:\/\/boreait.com\/hu\/wp-json\/wp\/v2\/media?parent=9812"}],"wp:term":[{"taxonomy":"product_brand","embeddable":true,"href":"https:\/\/boreait.com\/hu\/wp-json\/wp\/v2\/product_brand?post=9812"},{"taxonomy":"product_cat","embeddable":true,"href":"https:\/\/boreait.com\/hu\/wp-json\/wp\/v2\/product_cat?post=9812"},{"taxonomy":"product_tag","embeddable":true,"href":"https:\/\/boreait.com\/hu\/wp-json\/wp\/v2\/product_tag?post=9812"}],"curies":[{"name":"wp","href":"https:\/\/api.w.org\/{rel}","templated":true}]}}