{"id":981,"date":"2025-09-17T09:47:57","date_gmt":"2025-09-17T07:47:57","guid":{"rendered":"https:\/\/boreait.com\/hu\/?post_type=product&#038;p=981"},"modified":"2026-01-09T09:09:22","modified_gmt":"2026-01-09T08:09:22","slug":"dell-optiplex-9010-aio-alaplap-hazfedel","status":"publish","type":"product","link":"https:\/\/boreait.com\/hu\/termek\/dell-optiplex-9010-aio-alaplap-hazfedel\/","title":{"rendered":"Dell Optiplex 9010 AIO alaplap h\u00e1zfed\u00e9l"},"content":{"rendered":"<p>A Dell Optiplex 9010 AIO alaplap h\u00e1zburkolata az Optiplex 9010 All-in-One (AIO) asztali sz\u00e1m\u00edt\u00f3g\u00e9p l\u00e9nyeges r\u00e9sze, amelyet arra terveztek, hogy biztons\u00e1gos \u00e9s v\u00e9d\u0151 h\u00e1zat biztos\u00edtson az alaplapnak \u00e9s m\u00e1s kritikus bels\u0151 alkatr\u00e9szeknek. Ez az eredeti Dell h\u00e1zfed\u00e9l biztos\u00edtja az AIO rendszer optim\u00e1lis m\u0171k\u00f6d\u00e9s\u00e9t \u00e9s hossz\u00fa \u00e9lettartam\u00e1t.<\/p>\n<p>Az alaplap h\u00e1z\u00e1nak fedel\u00e9t pontosan \u00fagy tervezt\u00e9k, hogy megfeleljen az Optiplex 9010 AIO h\u00e1z\u00e1nak pontos specifik\u00e1ci\u00f3inak. Biztons\u00e1gosan k\u00f6r\u00fclveszi az alaplapot, megv\u00e9di a port\u00f3l, t\u00f6rmel\u00e9kt\u0151l \u00e9s az esetleges s\u00e9r\u00fcl\u00e9sekt\u0151l. A burkolat d\u00f6nt\u0151 szerepet j\u00e1tszik az AIO rendszer bels\u0151 h\u0151m\u00e9rs\u00e9klet\u00e9nek fenntart\u00e1s\u00e1ban az\u00e1ltal, hogy el\u0151seg\u00edti a megfelel\u0151 l\u00e9g\u00e1raml\u00e1st \u00e9s szell\u0151z\u00e9st.<\/p>\n<p>S\u0151t, a h\u00e1zfed\u00e9l seg\u00edt a bels\u0151 alkatr\u00e9szek rendszerez\u00e9s\u00e9ben, megakad\u00e1lyozva a v\u00e9letlen lev\u00e1laszt\u00e1st vagy az interferenci\u00e1t. Ez a szervezett elrendez\u00e9s nemcsak az AIO rendszer z\u00f6kken\u0151mentes m\u0171k\u00f6d\u00e9s\u00e9t biztos\u00edtja, hanem megk\u00f6nny\u00edti a k\u00f6nny\u0171 hozz\u00e1f\u00e9r\u00e9st a szervizel\u00e9s \u00e9s a friss\u00edt\u00e9sek sor\u00e1n.<\/p>\n<p>A Dell Optiplex 9010 AIO alaplap h\u00e1zburkolata strapab\u00edr\u00f3 anyagokb\u00f3l k\u00e9sz\u00fclt, \u00edgy biztos\u00edtva, hogy kib\u00edrja a napi haszn\u00e1lat ig\u00e9nybev\u00e9tel\u00e9t. Felhaszn\u00e1l\u00f3bar\u00e1t kialak\u00edt\u00e1sa lehet\u0151v\u00e9 teszi az egyszer\u0171 telep\u00edt\u00e9st \u00e9s elt\u00e1vol\u00edt\u00e1st, \u00edgy a karbantart\u00e1si feladatok k\u00e9nyelmesek az IT szakemberek \u00e9s a v\u00e9gfelhaszn\u00e1l\u00f3k sz\u00e1m\u00e1ra egyar\u00e1nt.<\/p>\n<p>Az alaplap \u00e9s a bels\u0151 alkatr\u00e9szek megfelel\u0151 v\u00e9delme \u00e9s rendszerez\u00e9se r\u00e9v\u00e9n a h\u00e1zfed\u00e9l hozz\u00e1j\u00e1rul az Optiplex 9010 AIO asztali sz\u00e1m\u00edt\u00f3g\u00e9p \u00e1ltal\u00e1nos megb\u00edzhat\u00f3s\u00e1g\u00e1hoz, stabilit\u00e1s\u00e1hoz \u00e9s teljes\u00edtm\u00e9ny\u00e9hez.<\/p>\n<p>Ha \u00d6nnek Dell Optiplex 9010 AIO-ja van, \u00e9s meg k\u00edv\u00e1nja \u0151rizni kritikus bels\u0151 \u00f6sszetev\u0151inek integrit\u00e1s\u00e1t, akkor a Dell Optiplex 9010 AIO alaplap h\u00e1zburkolata elengedhetetlen alkatr\u00e9sz. Biztos\u00edtja AIO rendszer\u00e9nek hossz\u00fa t\u00e1v\u00fa funkcionalit\u00e1s\u00e1t \u00e9s hat\u00e9konys\u00e1g\u00e1t, probl\u00e9mamentes sz\u00e1m\u00edt\u00e1stechnikai \u00e9lm\u00e9nyt biztos\u00edtva a munk\u00e1hoz \u00e9s a szabadid\u0151h\u00f6z egyar\u00e1nt.<\/p>\n","protected":false},"excerpt":{"rendered":"<p>A Dell Optiplex 9010 AIO alaplap h\u00e1zburkolata egy eredeti Dell alkatr\u00e9sz, amelyet az Optiplex 9010 All-in-One (AIO) asztali modellben az alaplap bez\u00e1r\u00e1s\u00e1ra \u00e9s v\u00e9delm\u00e9re terveztek. Biztons\u00e1gos \u00e9s rendezett h\u00e1zat biztos\u00edt a kritikus bels\u0151 alkatr\u00e9szek sz\u00e1m\u00e1ra.<\/p>\n","protected":false},"featured_media":1051,"template":"","meta":[],"product_brand":[],"product_cat":[27],"product_tag":[17],"class_list":{"0":"post-981","1":"product","2":"type-product","3":"status-publish","4":"has-post-thumbnail","6":"product_cat-motherboards-board-parts","7":"product_tag-dell","9":"first","10":"instock","11":"taxable","12":"shipping-taxable","13":"purchasable","14":"product-type-simple"},"_links":{"self":[{"href":"https:\/\/boreait.com\/hu\/wp-json\/wp\/v2\/product\/981","targetHints":{"allow":["GET"]}}],"collection":[{"href":"https:\/\/boreait.com\/hu\/wp-json\/wp\/v2\/product"}],"about":[{"href":"https:\/\/boreait.com\/hu\/wp-json\/wp\/v2\/types\/product"}],"wp:featuredmedia":[{"embeddable":true,"href":"https:\/\/boreait.com\/hu\/wp-json\/wp\/v2\/media\/1051"}],"wp:attachment":[{"href":"https:\/\/boreait.com\/hu\/wp-json\/wp\/v2\/media?parent=981"}],"wp:term":[{"taxonomy":"product_brand","embeddable":true,"href":"https:\/\/boreait.com\/hu\/wp-json\/wp\/v2\/product_brand?post=981"},{"taxonomy":"product_cat","embeddable":true,"href":"https:\/\/boreait.com\/hu\/wp-json\/wp\/v2\/product_cat?post=981"},{"taxonomy":"product_tag","embeddable":true,"href":"https:\/\/boreait.com\/hu\/wp-json\/wp\/v2\/product_tag?post=981"}],"curies":[{"name":"wp","href":"https:\/\/api.w.org\/{rel}","templated":true}]}}