{"id":980,"date":"2025-09-17T09:47:57","date_gmt":"2025-09-17T07:47:57","guid":{"rendered":"https:\/\/boreait.com\/hu\/?post_type=product&#038;p=980"},"modified":"2026-01-07T10:09:25","modified_gmt":"2026-01-07T09:09:25","slug":"dell-optiplex-9010-aio-merevlemez-fedel-caddy","status":"publish","type":"product","link":"https:\/\/boreait.com\/hu\/termek\/dell-optiplex-9010-aio-merevlemez-fedel-caddy\/","title":{"rendered":"Dell Optiplex 9010 AIO merevlemez-fed\u00e9l Caddy"},"content":{"rendered":"<p>A Dell Optiplex 9010 AIO merevlemez-fed\u00e9l egy megb\u00edzhat\u00f3 \u00e9s n\u00e9lk\u00fcl\u00f6zhetetlen tartoz\u00e9k, amelyet az Optiplex 9010 All-in-One (AIO) asztali sz\u00e1m\u00edt\u00f3g\u00e9phez terveztek. Ez az eredeti Dell caddy biztons\u00e1gos \u00e9s v\u00e9d\u0151 burkolatot biztos\u00edt az AIO rendszerbe telep\u00edtett merevlemez-meghajt\u00f3nak (HDD).<\/p>\n<p>A merevlemez-meghajt\u00f3 beszerel\u00e9se a caddy-be egyszer\u0171 folyamat, \u00e9s a caddy-t pontosan \u00fagy tervezt\u00e9k, hogy illeszkedjen az Optiplex 9010 AIO h\u00e1z speci\u00e1lis m\u00e9reteihez. A caddy robusztus fel\u00e9p\u00edt\u00e9se \u00e9s prec\u00edzi\u00f3s \u00f6nt\u00e9se t\u00f6k\u00e9letes illeszked\u00e9st \u00e9s z\u00f6kken\u0151mentes integr\u00e1ci\u00f3t biztos\u00edt az asztalon bel\u00fcl.<\/p>\n<p>A merevlemez burkolat\u00e1nak els\u0151dleges c\u00e9lja, hogy meg\u00f3vja a HDD-t az esetleges s\u00e9r\u00fcl\u00e9sekt\u0151l \u00e9s a k\u00fcls\u0151 elemekt\u0151l. Megv\u00e9di a meghajt\u00f3t a port\u00f3l, t\u00f6rmel\u00e9kt\u0151l \u00e9s v\u00e9letlen \u00fct\u00e9sekt\u0151l, n\u00f6velve a merevlemez \u00e1ltal\u00e1nos \u00e9lettartam\u00e1t \u00e9s megb\u00edzhat\u00f3s\u00e1g\u00e1t. Ezenk\u00edv\u00fcl a caddy biztons\u00e1gosan a hely\u00e9n tartja a HDD-t, hogy megakad\u00e1lyozza a mozg\u00e1st m\u0171k\u00f6d\u00e9s k\u00f6zben, minimaliz\u00e1lva a meghajt\u00f3 lev\u00e1laszt\u00e1sa miatti adatveszt\u00e9s kock\u00e1zat\u00e1t.<\/p>\n<p>Jav\u00edt\u00e1si vagy friss\u00edt\u00e9si c\u00e9lokra a caddy lehet\u0151v\u00e9 teszi a merevlemez egyszer\u0171 elt\u00e1vol\u00edt\u00e1s\u00e1t \u00e9s cser\u00e9j\u00e9t speci\u00e1lis szersz\u00e1mok n\u00e9lk\u00fcl. Ez a felhaszn\u00e1l\u00f3bar\u00e1t kialak\u00edt\u00e1s probl\u00e9mamentes karbantart\u00e1st \u00e9s rendszerfriss\u00edt\u00e9st tesz lehet\u0151v\u00e9.<\/p>\n<p>Ha egy Dell Optiplex 9010 AIO asztali sz\u00e1m\u00edt\u00f3g\u00e9pe van, \u00e9s szeretn\u00e9 v\u00e9deni \u00e9s biztons\u00e1goss\u00e1 tenni merevlemez\u00e9t, akkor a Dell Optiplex 9010 AIO merevlemezbor\u00edt\u00f3 doboz az ide\u00e1lis megold\u00e1s. Nyugalmat k\u00edn\u00e1l az\u00e1ltal, hogy meg\u00f3vja \u00e9rt\u00e9kes adatait, \u00e9s hozz\u00e1j\u00e1rul az AIO-rendszer \u00e1ltal\u00e1nos teljes\u00edtm\u00e9ny\u00e9hez \u00e9s megb\u00edzhat\u00f3s\u00e1g\u00e1hoz.<\/p>\n","protected":false},"excerpt":{"rendered":"<p>A Dell Optiplex 9010 AIO merevlemez-fed\u00e9l Caddy egy eredeti Dell-alkatr\u00e9sz, amelyet az Optiplex 9010 All-in-One (AIO) asztali modellhez terveztek. Ez a caddy a merevlemez-meghajt\u00f3 (HDD) v\u00e9d\u0151burkolatak\u00e9nt szolg\u00e1l, biztos\u00edtva a biztons\u00e1gos t\u00e1rol\u00e1st az AIO h\u00e1zon bel\u00fcl.<\/p>\n","protected":false},"featured_media":1050,"template":"","meta":[],"product_brand":[],"product_cat":[27],"product_tag":[17],"class_list":{"0":"post-980","1":"product","2":"type-product","3":"status-publish","4":"has-post-thumbnail","6":"product_cat-motherboards-board-parts","7":"product_tag-dell","9":"first","10":"instock","11":"taxable","12":"shipping-taxable","13":"purchasable","14":"product-type-simple"},"_links":{"self":[{"href":"https:\/\/boreait.com\/hu\/wp-json\/wp\/v2\/product\/980","targetHints":{"allow":["GET"]}}],"collection":[{"href":"https:\/\/boreait.com\/hu\/wp-json\/wp\/v2\/product"}],"about":[{"href":"https:\/\/boreait.com\/hu\/wp-json\/wp\/v2\/types\/product"}],"wp:featuredmedia":[{"embeddable":true,"href":"https:\/\/boreait.com\/hu\/wp-json\/wp\/v2\/media\/1050"}],"wp:attachment":[{"href":"https:\/\/boreait.com\/hu\/wp-json\/wp\/v2\/media?parent=980"}],"wp:term":[{"taxonomy":"product_brand","embeddable":true,"href":"https:\/\/boreait.com\/hu\/wp-json\/wp\/v2\/product_brand?post=980"},{"taxonomy":"product_cat","embeddable":true,"href":"https:\/\/boreait.com\/hu\/wp-json\/wp\/v2\/product_cat?post=980"},{"taxonomy":"product_tag","embeddable":true,"href":"https:\/\/boreait.com\/hu\/wp-json\/wp\/v2\/product_tag?post=980"}],"curies":[{"name":"wp","href":"https:\/\/api.w.org\/{rel}","templated":true}]}}