{"id":9788,"date":"2025-09-17T12:42:57","date_gmt":"2025-09-17T10:42:57","guid":{"rendered":"https:\/\/boreait.com\/hu\/?post_type=product&#038;p=9788"},"modified":"2026-02-06T13:26:48","modified_gmt":"2026-02-06T12:26:48","slug":"lenovo-thinkpad-t61-intel-core2-duo-processzor-t7500-eredeti-hasznalt-alkatresz","status":"publish","type":"product","link":"https:\/\/boreait.com\/hu\/termek\/lenovo-thinkpad-t61-intel-core2-duo-processzor-t7500-eredeti-hasznalt-alkatresz\/","title":{"rendered":"Lenovo ThinkPad T61 Intel\u00ae Core\u21222 Duo processzor T7500 \u2013 Eredeti haszn\u00e1lt alkatr\u00e9sz"},"content":{"rendered":"<p>Intel\u00ae Core\u21222 Duo T7500 processzor Lenovo ThinkPad T61-hez<\/p>\n<p>Fokozza Lenovo ThinkPad T61 teljes\u00edtm\u00e9ny\u00e9t ezzel az eredeti Intel\u00ae Core\u21222 Duo T7500 processzorral. Ezt a processzort az elavult vagy hib\u00e1san m\u0171k\u00f6d\u0151 CPU cser\u00e9j\u00e9re tervezt\u00e9k, n\u00f6velve ezzel a laptop sebess\u00e9g\u00e9t \u00e9s hat\u00e9konys\u00e1g\u00e1t.<\/p>\n<p>**A term\u00e9k jellemz\u0151i:**<\/p>\n<p>&#8211; **Kompatibilit\u00e1s:** Kifejezetten a Lenovo ThinkPad T61 laptophoz tervezve.<\/p>\n<p>&#8211; **Processzormodell:** Intel\u00ae Core\u21222 Duo T7500, megb\u00edzhat\u00f3 teljes\u00edtm\u00e9ny\u00e9r\u0151l \u00e9s hat\u00e9konys\u00e1g\u00e1r\u00f3l ismert.<\/p>\n<p>&#8211; **\u00c1llapot:** Ez egy eredeti haszn\u00e1lt alkatr\u00e9sz. A mell\u00e9kelt fot\u00f3k a pontos processzort mutatj\u00e1k be.<\/p>\n<p>**Mi\u00e9rt v\u00e1lassza ezt a processzort?**<\/p>\n<p>&#8211; **Teljes\u00edtm\u00e9nyfriss\u00edt\u00e9s:** Ide\u00e1lis a Lenovo ThinkPad T61 sebess\u00e9g\u00e9nek \u00e9s k\u00e9pess\u00e9geinek jav\u00edt\u00e1s\u00e1hoz.<\/p>\n<p>&#8211; **K\u00f6zvetlen csere:** K\u00f6nnyen cser\u00e9lheti jelenlegi processzor\u00e1t tov\u00e1bbi m\u00f3dos\u00edt\u00e1sok n\u00e9lk\u00fcl.<\/p>\n<p>&#8211; **Glob\u00e1lis sz\u00e1ll\u00edt\u00e1s:** Megv\u00e1s\u00e1rolhat\u00f3 \u00e9s sz\u00e1ll\u00edthat\u00f3 vil\u00e1gszerte, Eur\u00f3p\u00e1ra \u00f6sszpontos\u00edtva.<\/p>\n<p>K\u00e9rj\u00fck, vegye figyelembe, hogy a telep\u00edt\u00e9si utas\u00edt\u00e1sokat nem tartalmazza. Ha seg\u00edts\u00e9gre van sz\u00fcks\u00e9ge a telep\u00edt\u00e9shez, vagy b\u00e1rmilyen k\u00e9rd\u00e9se van, forduljon hozz\u00e1nk bizalommal. Csapatunk az\u00e9rt van itt, hogy seg\u00edtsen biztos\u00edtani a z\u00f6kken\u0151mentes friss\u00edt\u00e9si folyamatot.<\/p>\n<p>**Fontos:** A list\u00e1ban szerepl\u0151 fot\u00f3k pontosan azt a processzort \u00e1br\u00e1zolj\u00e1k, amelyet kapni fog. Minden alkatr\u00e9szt ellen\u0151riznek a min\u0151s\u00e9g \u00e9s a funkcionalit\u00e1s biztos\u00edt\u00e1sa \u00e9rdek\u00e9ben.<\/p>\n","protected":false},"excerpt":{"rendered":"<p>Intel\u00ae Core\u21222 Duo processzor T7500 Lenovo ThinkPad T61-hez \u2013 Eredeti haszn\u00e1lt alkatr\u00e9sz. Friss\u00edtse Lenovo ThinkPad T61 k\u00e9sz\u00fcl\u00e9k\u00e9t ezzel a megb\u00edzhat\u00f3 processzorral a teljes\u00edtm\u00e9ny \u00e9s a hat\u00e9konys\u00e1g n\u00f6vel\u00e9se \u00e9rdek\u00e9ben. Ide\u00e1lis hib\u00e1s vagy elavult processzor cser\u00e9j\u00e9hez.<\/p>\n","protected":false},"featured_media":9844,"template":"","meta":[],"product_brand":[],"product_cat":[39],"product_tag":[26],"class_list":{"0":"post-9788","1":"product","2":"type-product","3":"status-publish","4":"has-post-thumbnail","6":"product_cat-processors-cpu","7":"product_tag-lenovo","9":"first","10":"instock","11":"taxable","12":"shipping-taxable","13":"purchasable","14":"product-type-simple"},"_links":{"self":[{"href":"https:\/\/boreait.com\/hu\/wp-json\/wp\/v2\/product\/9788","targetHints":{"allow":["GET"]}}],"collection":[{"href":"https:\/\/boreait.com\/hu\/wp-json\/wp\/v2\/product"}],"about":[{"href":"https:\/\/boreait.com\/hu\/wp-json\/wp\/v2\/types\/product"}],"wp:featuredmedia":[{"embeddable":true,"href":"https:\/\/boreait.com\/hu\/wp-json\/wp\/v2\/media\/9844"}],"wp:attachment":[{"href":"https:\/\/boreait.com\/hu\/wp-json\/wp\/v2\/media?parent=9788"}],"wp:term":[{"taxonomy":"product_brand","embeddable":true,"href":"https:\/\/boreait.com\/hu\/wp-json\/wp\/v2\/product_brand?post=9788"},{"taxonomy":"product_cat","embeddable":true,"href":"https:\/\/boreait.com\/hu\/wp-json\/wp\/v2\/product_cat?post=9788"},{"taxonomy":"product_tag","embeddable":true,"href":"https:\/\/boreait.com\/hu\/wp-json\/wp\/v2\/product_tag?post=9788"}],"curies":[{"name":"wp","href":"https:\/\/api.w.org\/{rel}","templated":true}]}}