{"id":977,"date":"2025-09-17T09:47:57","date_gmt":"2025-09-17T07:47:57","guid":{"rendered":"https:\/\/boreait.com\/hu\/?post_type=product&#038;p=977"},"modified":"2026-01-07T10:08:46","modified_gmt":"2026-01-07T09:08:46","slug":"dell-optiplex-9010-inspiron-2330-optikai-meghajto-csatlakozokabel-ppx7r-0ppx7r","status":"publish","type":"product","link":"https:\/\/boreait.com\/hu\/termek\/dell-optiplex-9010-inspiron-2330-optikai-meghajto-csatlakozokabel-ppx7r-0ppx7r\/","title":{"rendered":"Dell OptiPlex 9010 Inspiron 2330 optikai meghajt\u00f3 csatlakoz\u00f3k\u00e1bel PPX7R 0PPX7R"},"content":{"rendered":"<p>A Dell OptiPlex 9010 Inspiron 2330 optikai meghajt\u00f3 csatlakoz\u00f3k\u00e1bele (cikksz\u00e1m: PPX7R vagy 0PPX7R) a Dell asztali sz\u00e1m\u00edt\u00f3g\u00e9pek, k\u00f6zt\u00fck az OptiPlex 9010 \u00e9s Inspiron 2330 modellek n\u00e9lk\u00fcl\u00f6zhetetlen alkatr\u00e9sze. Ezt az eredeti Dell-k\u00e1belt \u00fagy tervezt\u00e9k, hogy kapcsolatot l\u00e9tes\u00edtsen az optikai meghajt\u00f3 \u00e9s az alaplap k\u00f6z\u00f6tt, lehet\u0151v\u00e9 t\u00e9ve a z\u00f6kken\u0151mentes adat\u00e1tvitelt \u00e9s az optikai meghajt\u00f3 megfelel\u0151 m\u0171k\u00f6d\u00e9s\u00e9t.<\/p>\n<p>A k\u00e1bel prec\u00edz kialak\u00edt\u00e1sa biztons\u00e1gos \u00e9s megb\u00edzhat\u00f3 kapcsolatot biztos\u00edt az optikai meghajt\u00f3 \u00e9s az alaplap k\u00f6z\u00f6tt, megakad\u00e1lyozva az adatveszt\u00e9st vagy az adat\u00e1tvitel k\u00f6zbeni megszak\u00edt\u00e1sokat. Ez z\u00f6kken\u0151mentes hozz\u00e1f\u00e9r\u00e9st biztos\u00edt a CD-khez, DVD-khez \u00e9s m\u00e1s optikai adathordoz\u00f3khoz, lehet\u0151v\u00e9 t\u00e9ve a felhaszn\u00e1l\u00f3k sz\u00e1m\u00e1ra az adatok olvas\u00e1s\u00e1t, \u00edr\u00e1s\u00e1t \u00e9s k\u00f6nny\u0171 el\u00e9r\u00e9s\u00e9t.<\/p>\n<p>A Dell min\u0151s\u00e9g ir\u00e1nti elk\u00f6telezetts\u00e9ge miatt a PPX7R optikai meghajt\u00f3 csatlakoz\u00f3k\u00e1bel szigor\u00fa tesztel\u00e9sen megy kereszt\u00fcl, hogy megfeleljen a magas ipari szabv\u00e1nyoknak, \u00edgy biztos\u00edtva az optim\u00e1lis teljes\u00edtm\u00e9nyt \u00e9s a hossz\u00fa \u00e9lettartamot. Eredeti Dell-alkatr\u00e9szk\u00e9nt garant\u00e1lja a kompatibilit\u00e1st, \u00e9s \u00fagy tervezt\u00e9k, hogy z\u00f6kken\u0151mentesen integr\u00e1l\u00f3djon a Dell OptiPlex 9010 \u00e9s Inspiron 2330 asztali sz\u00e1m\u00edt\u00f3g\u00e9pekbe.<\/p>\n<p>Ak\u00e1r megl\u00e9v\u0151 optikai meghajt\u00f3j\u00e1t friss\u00edti, ak\u00e1r hib\u00e1s k\u00e1belt cser\u00e9l, az eredeti Dell OptiPlex 9010 Inspiron 2330 optikai meghajt\u00f3 csatlakoz\u00f3k\u00e1bel (PPX7R vagy 0PPX7R) v\u00e1laszt\u00e1sa probl\u00e9mamentes telep\u00edt\u00e9st \u00e9s megb\u00edzhat\u00f3 teljes\u00edtm\u00e9nyt biztos\u00edt. B\u00edzzon ebben az eredeti Dell-komponensben, hogy z\u00f6kken\u0151mentes adat\u00e1tvitelt biztos\u00edtson, \u00e9s z\u00f6kken\u0151mentesen hozz\u00e1f\u00e9rjen optikai adathordoz\u00f3ihoz Dell asztali sz\u00e1m\u00edt\u00f3g\u00e9p\u00e9n.<\/p>\n","protected":false},"excerpt":{"rendered":"<p>A Dell OptiPlex 9010 Inspiron 2330 optikai meghajt\u00f3 csatlakoz\u00f3k\u00e1bele (cikksz\u00e1m: PPX7R vagy 0PPX7R) egy eredeti Dell alkatr\u00e9sz, amelyet az optikai meghajt\u00f3 alaplaphoz val\u00f3 csatlakoztat\u00e1s\u00e1ra terveztek. Ez a k\u00e1bel z\u00f6kken\u0151mentes adat\u00e1tvitelt biztos\u00edt, \u00e9s lehet\u0151v\u00e9 teszi az optikai meghajt\u00f3 megfelel\u0151 m\u0171k\u00f6d\u00e9s\u00e9t a Dell OptiPlex 9010 \u00e9s Inspiron 2330 asztali sz\u00e1m\u00edt\u00f3g\u00e9pekben.<\/p>\n","protected":false},"featured_media":1035,"template":"","meta":[],"product_brand":[],"product_cat":[20],"product_tag":[17],"class_list":{"0":"post-977","1":"product","2":"type-product","3":"status-publish","4":"has-post-thumbnail","6":"product_cat-cables","7":"product_tag-dell","9":"first","10":"instock","11":"taxable","12":"shipping-taxable","13":"purchasable","14":"product-type-simple"},"_links":{"self":[{"href":"https:\/\/boreait.com\/hu\/wp-json\/wp\/v2\/product\/977","targetHints":{"allow":["GET"]}}],"collection":[{"href":"https:\/\/boreait.com\/hu\/wp-json\/wp\/v2\/product"}],"about":[{"href":"https:\/\/boreait.com\/hu\/wp-json\/wp\/v2\/types\/product"}],"wp:featuredmedia":[{"embeddable":true,"href":"https:\/\/boreait.com\/hu\/wp-json\/wp\/v2\/media\/1035"}],"wp:attachment":[{"href":"https:\/\/boreait.com\/hu\/wp-json\/wp\/v2\/media?parent=977"}],"wp:term":[{"taxonomy":"product_brand","embeddable":true,"href":"https:\/\/boreait.com\/hu\/wp-json\/wp\/v2\/product_brand?post=977"},{"taxonomy":"product_cat","embeddable":true,"href":"https:\/\/boreait.com\/hu\/wp-json\/wp\/v2\/product_cat?post=977"},{"taxonomy":"product_tag","embeddable":true,"href":"https:\/\/boreait.com\/hu\/wp-json\/wp\/v2\/product_tag?post=977"}],"curies":[{"name":"wp","href":"https:\/\/api.w.org\/{rel}","templated":true}]}}