{"id":9766,"date":"2025-09-17T12:42:06","date_gmt":"2025-09-17T10:42:06","guid":{"rendered":"https:\/\/boreait.com\/hu\/?post_type=product&#038;p=9766"},"modified":"2025-09-17T12:43:44","modified_gmt":"2025-09-17T10:43:44","slug":"lenovo-thinkpad-t61-erintopad-bal-gombjai-jobb-eredeti-cserealkatreszek","status":"publish","type":"product","link":"https:\/\/boreait.com\/hu\/termek\/lenovo-thinkpad-t61-erintopad-bal-gombjai-jobb-eredeti-cserealkatreszek\/","title":{"rendered":"Lenovo ThinkPad T61 \u00e9rint\u0151pad bal gombjai &amp; Jobb &#8211; Eredeti cserealkatr\u00e9szek"},"content":{"rendered":"<p>\u00c9rint\u0151pad gombjai (bal \u00e9s jobb) a Lenovo ThinkPad T61-hez<\/p>\n<p>Fokozza Lenovo ThinkPad T61 haszn\u00e1lhat\u00f3s\u00e1g\u00e1t ezzel az eredeti bal \u00e9s jobb \u00e9rint\u0151pad gombk\u00e9szlettel. A s\u00e9r\u00fclt vagy nem reag\u00e1l\u00f3 gombok cser\u00e9j\u00e9re tervezett k\u00e9szlet biztos\u00edtja az \u00e9rint\u0151pad pontos \u00e9s z\u00f6kken\u0151mentes m\u0171k\u00f6d\u00e9s\u00e9t.<\/p>\n<p>**A term\u00e9k jellemz\u0151i:**<\/p>\n<p>&#8211; **Kompatibilit\u00e1s:** Kifejezetten Lenovo ThinkPad T61 laptopokhoz tervezve.<\/p>\n<p>&#8211; **Funkcionalit\u00e1s:** Kicser\u00e9li az elhaszn\u00e1l\u00f3dott vagy hib\u00e1s \u00e9rint\u0151pad gombjait, vissza\u00e1ll\u00edtva az \u00e9rint\u0151pad optim\u00e1lis teljes\u00edtm\u00e9ny\u00e9t.<\/p>\n<p>&#8211; **Min\u0151s\u00e9g:** Eredeti cserealkatr\u00e9szek a megb\u00edzhat\u00f3 m\u0171k\u00f6d\u00e9s \u00e9rdek\u00e9ben.<\/p>\n<p>&#8211; **\u00c1llapot:** A f\u00e9nyk\u00e9pek pontosan az \u00e9rint\u0151pad gombjait mutatj\u00e1k, amelyek t\u00fckr\u00f6zik az aktu\u00e1lis haszn\u00e1lt \u00e1llapotukat.<\/p>\n<p>**Mi\u00e9rt v\u00e1lassza ezeket az \u00e9rint\u0151pad gombokat?**<\/p>\n<p>&#8211; **Tov\u00e1bbfejlesztett haszn\u00e1lhat\u00f3s\u00e1g:** A nem reag\u00e1l\u00f3 vagy s\u00e9r\u00fclt \u00e9rint\u0151pad gombjaival kapcsolatos probl\u00e9m\u00e1k megold\u00e1sa.<\/p>\n<p>&#8211; **K\u00f6zvetlen csere:** Egyszer\u0171 telep\u00edt\u00e9s, v\u00e1ltoztat\u00e1s n\u00e9lk\u00fcl.<\/p>\n<p>&#8211; **Glob\u00e1lis sz\u00e1ll\u00edt\u00e1s:** Megv\u00e1s\u00e1rolhat\u00f3 \u00e9s sz\u00e1ll\u00edthat\u00f3 vil\u00e1gszerte, Eur\u00f3p\u00e1ra \u00f6sszpontos\u00edtva.<\/p>\n<p>K\u00e9rj\u00fck, vegye figyelembe, hogy a telep\u00edt\u00e9si utas\u00edt\u00e1sokat nem tartalmazza. Ha seg\u00edts\u00e9gre van sz\u00fcks\u00e9ge a telep\u00edt\u00e9shez, tov\u00e1bbi t\u00e1mogat\u00e1s\u00e9rt forduljon hozz\u00e1nk bizalommal. Elk\u00f6telezettek vagyunk a z\u00f6kken\u0151mentes cserefolyamat biztos\u00edt\u00e1sa mellett.<\/p>\n<p>**Fontos:** A list\u00e1ban szerepl\u0151 fot\u00f3k pontosan az \u00e9rint\u0151pad gombjait mutatj\u00e1k be. Minden alkatr\u00e9szt ellen\u0151riznek a min\u0151s\u00e9g \u00e9s az el\u00e9gedetts\u00e9g \u00e9rdek\u00e9ben.<\/p>\n","protected":false},"excerpt":{"rendered":"<p>\u00c9rint\u0151pad gombjai (bal \u00e9s jobb) a Lenovo ThinkPad T61-hez \u2013 Eredeti cserealkatr\u00e9szek. Cser\u00e9lje ki a ThinkPad T61 kopott vagy nem reag\u00e1l\u00f3 \u00e9rint\u0151pad gombjait ezzel a kiv\u00e1l\u00f3 min\u0151s\u00e9g\u0171 k\u00e9szlettel a jobb funkcionalit\u00e1s \u00e9rdek\u00e9ben.<\/p>\n","protected":false},"featured_media":9825,"template":"","meta":[],"product_brand":[],"product_cat":[27],"product_tag":[26],"class_list":{"0":"post-9766","1":"product","2":"type-product","3":"status-publish","4":"has-post-thumbnail","6":"product_cat-motherboards-board-parts","7":"product_tag-lenovo","9":"first","10":"instock","11":"taxable","12":"shipping-taxable","13":"purchasable","14":"product-type-simple"},"_links":{"self":[{"href":"https:\/\/boreait.com\/hu\/wp-json\/wp\/v2\/product\/9766","targetHints":{"allow":["GET"]}}],"collection":[{"href":"https:\/\/boreait.com\/hu\/wp-json\/wp\/v2\/product"}],"about":[{"href":"https:\/\/boreait.com\/hu\/wp-json\/wp\/v2\/types\/product"}],"wp:featuredmedia":[{"embeddable":true,"href":"https:\/\/boreait.com\/hu\/wp-json\/wp\/v2\/media\/9825"}],"wp:attachment":[{"href":"https:\/\/boreait.com\/hu\/wp-json\/wp\/v2\/media?parent=9766"}],"wp:term":[{"taxonomy":"product_brand","embeddable":true,"href":"https:\/\/boreait.com\/hu\/wp-json\/wp\/v2\/product_brand?post=9766"},{"taxonomy":"product_cat","embeddable":true,"href":"https:\/\/boreait.com\/hu\/wp-json\/wp\/v2\/product_cat?post=9766"},{"taxonomy":"product_tag","embeddable":true,"href":"https:\/\/boreait.com\/hu\/wp-json\/wp\/v2\/product_tag?post=9766"}],"curies":[{"name":"wp","href":"https:\/\/api.w.org\/{rel}","templated":true}]}}