{"id":9763,"date":"2025-09-17T12:42:05","date_gmt":"2025-09-17T10:42:05","guid":{"rendered":"https:\/\/boreait.com\/hu\/?post_type=product&#038;p=9763"},"modified":"2026-02-06T13:16:26","modified_gmt":"2026-02-06T12:16:26","slug":"lenovo-thinkpad-t61-usb-kartya-egyportos-eredeti-csere","status":"publish","type":"product","link":"https:\/\/boreait.com\/hu\/termek\/lenovo-thinkpad-t61-usb-kartya-egyportos-eredeti-csere\/","title":{"rendered":"Lenovo ThinkPad T61 USB k\u00e1rtya \u2013 egyportos eredeti csere"},"content":{"rendered":"<p>Egyetlen USB-k\u00e1rtya Lenovo ThinkPad T61-hez<\/p>\n<p> \u00c1ll\u00edtsa vissza Lenovo ThinkPad T61 USB-funkci\u00f3it ezzel az eredeti USB-k\u00e1rty\u00e1val. Ak\u00e1r csatlakoz\u00e1si probl\u00e9m\u00e1kat tapasztal, ak\u00e1r a megl\u00e9v\u0151 USB-portja s\u00e9r\u00fclt, ez a cserek\u00e1rtya ide\u00e1lis megold\u00e1s.<\/p>\n<p>**A term\u00e9k jellemz\u0151i:**<\/p>\n<p>&#8211; **Kompatibilit\u00e1s:** Kifejezetten a Lenovo ThinkPad T61-hez k\u00e9sz\u00fclt.<\/p>\n<p>&#8211; **M\u0171k\u00f6d\u00e9s:** Helyettes\u00edti a hib\u00e1san m\u0171k\u00f6d\u0151 vagy s\u00e9r\u00fclt USB-portot, megb\u00edzhat\u00f3 csatlakoz\u00e1st biztos\u00edtva.<\/p>\n<p>&#8211; **Min\u0151s\u00e9g:** Eredeti cserealkatr\u00e9sz a folyamatos teljes\u00edtm\u00e9ny \u00e9rdek\u00e9ben.<\/p>\n<p>&#8211; **\u00c1llapot:** A mell\u00e9kelt fot\u00f3k a t\u00e9nylegesen megkapott USB-k\u00e1rty\u00e1r\u00f3l k\u00e9sz\u00fcltek, t\u00fckr\u00f6zve annak jelenlegi \u00e1llapot\u00e1t.<\/p>\n<p>**Mi\u00e9rt v\u00e1lassza ezt az USB-k\u00e1rty\u00e1t?**<\/p>\n<p>&#8211; **Megb\u00edzhat\u00f3 csatlakoz\u00e1s:** Elengedhetetlen a ThinkPad T61 USB-funkci\u00f3inak vissza\u00e1ll\u00edt\u00e1s\u00e1hoz.<\/p>\n<p>&#8211; **K\u00f6zvetlen csere:** K\u00f6nnyen telep\u00edthet\u0151, nincs sz\u00fcks\u00e9g m\u00f3dos\u00edt\u00e1sra.<\/p>\n<p>&#8211; **Glob\u00e1lis sz\u00e1ll\u00edt\u00e1s:** El\u00e9rhet\u0151 vil\u00e1gszerte, Eur\u00f3p\u00e1ra \u00f6sszpontos\u00edtva.<\/p>\n<p>K\u00e9rj\u00fck, vegye figyelembe, hogy a telep\u00edt\u00e9si utas\u00edt\u00e1sokat nem tartalmazza. Ha seg\u00edts\u00e9gre van sz\u00fcks\u00e9ge a telep\u00edt\u00e9shez, forduljon hozz\u00e1nk bizalommal.<\/p>\n<p>**Fontos:** A list\u00e1ban szerepl\u0151 f\u00e9nyk\u00e9pek pontosan azt az USB-k\u00e1rty\u00e1t mutatj\u00e1k, amelyet kapni fog. Minden alkatr\u00e9szt gondosan ellen\u0151riznek a min\u0151s\u00e9g \u00e9s a funkcionalit\u00e1s biztos\u00edt\u00e1sa \u00e9rdek\u00e9ben.<\/p>\n","protected":false},"excerpt":{"rendered":"<p>Egyetlen USB-k\u00e1rtya Lenovo ThinkPad T61-hez \u2013 Eredeti cserealkatr\u00e9sz. T\u00f6k\u00e9letes a ThinkPad T61 USB-funkci\u00f3inak vissza\u00e1ll\u00edt\u00e1s\u00e1hoz. K\u00f6nnyen telep\u00edthet\u0151.<\/p>\n","protected":false},"featured_media":9822,"template":"","meta":[],"product_brand":[],"product_cat":[27],"product_tag":[26],"class_list":{"0":"post-9763","1":"product","2":"type-product","3":"status-publish","4":"has-post-thumbnail","6":"product_cat-motherboards-board-parts","7":"product_tag-lenovo","9":"first","10":"instock","11":"taxable","12":"shipping-taxable","13":"purchasable","14":"product-type-simple"},"_links":{"self":[{"href":"https:\/\/boreait.com\/hu\/wp-json\/wp\/v2\/product\/9763","targetHints":{"allow":["GET"]}}],"collection":[{"href":"https:\/\/boreait.com\/hu\/wp-json\/wp\/v2\/product"}],"about":[{"href":"https:\/\/boreait.com\/hu\/wp-json\/wp\/v2\/types\/product"}],"wp:featuredmedia":[{"embeddable":true,"href":"https:\/\/boreait.com\/hu\/wp-json\/wp\/v2\/media\/9822"}],"wp:attachment":[{"href":"https:\/\/boreait.com\/hu\/wp-json\/wp\/v2\/media?parent=9763"}],"wp:term":[{"taxonomy":"product_brand","embeddable":true,"href":"https:\/\/boreait.com\/hu\/wp-json\/wp\/v2\/product_brand?post=9763"},{"taxonomy":"product_cat","embeddable":true,"href":"https:\/\/boreait.com\/hu\/wp-json\/wp\/v2\/product_cat?post=9763"},{"taxonomy":"product_tag","embeddable":true,"href":"https:\/\/boreait.com\/hu\/wp-json\/wp\/v2\/product_tag?post=9763"}],"curies":[{"name":"wp","href":"https:\/\/api.w.org\/{rel}","templated":true}]}}