{"id":9762,"date":"2025-09-17T12:42:05","date_gmt":"2025-09-17T10:42:05","guid":{"rendered":"https:\/\/boreait.com\/hu\/?post_type=product&#038;p=9762"},"modified":"2025-09-17T12:43:38","modified_gmt":"2025-09-17T10:43:38","slug":"lenovo-thinkpad-t61-wi-fi-kartya-802-11a-b-g-24-ghz-54-mbps-wm3945abg-mow2","status":"publish","type":"product","link":"https:\/\/boreait.com\/hu\/termek\/lenovo-thinkpad-t61-wi-fi-kartya-802-11a-b-g-24-ghz-54-mbps-wm3945abg-mow2\/","title":{"rendered":"Lenovo Thinkpad T61 Wi-Fi k\u00e1rtya 802.11a\/b\/g 2,4 GHz 54 Mbps WM3945ABG MOW2"},"content":{"rendered":"<p>Lenovo Thinkpad T61 Wi-Fi k\u00e1rtya (802.11a\/b\/g 2,4 GHz, 54 Mbps, WM3945ABG MOW2)<\/p>\n<p>N\u00f6velje Lenovo Thinkpad T61 vezet\u00e9k n\u00e9lk\u00fcli k\u00e9pess\u00e9geit ezzel a Wi-Fi-k\u00e1rty\u00e1val, amelyet \u00fagy terveztek, hogy t\u00e1mogassa a 802.11a\/b\/g szabv\u00e1nyokat 2,4 GHz-en, 54 Mbps maxim\u00e1lis sebess\u00e9ggel. Ez a k\u00e1rtya t\u00f6k\u00e9letes a stabil \u00e9s megb\u00edzhat\u00f3 internetkapcsolat biztos\u00edt\u00e1s\u00e1ra.<\/p>\n<p>**A term\u00e9k jellemz\u0151i:**<\/p>\n<p>&#8211; **Kompatibilit\u00e1s:** Kifejezetten a Lenovo Thinkpad T61-hez tervezt\u00e9k.<\/p>\n<p>&#8211; **Vezet\u00e9k n\u00e9lk\u00fcli szabv\u00e1nyok:** T\u00e1mogatja a 802.11a\/b\/g szabv\u00e1nyt a sokoldal\u00fa csatlakoz\u00e1s \u00e9rdek\u00e9ben.<\/p>\n<p>&#8211; **Frekvencia &amp; Sebess\u00e9g:** 2,4 GHz-en m\u0171k\u00f6dik, ak\u00e1r 54 Mbps sebess\u00e9ggel.<\/p>\n<p>&#8211; **Alkatr\u00e9szsz\u00e1m:** WM3945ABG MOW2.<\/p>\n<p>**Mi\u00e9rt v\u00e1lassza ezt a Wi-Fi-k\u00e1rty\u00e1t?**<\/p>\n<p>&#8211; **Megb\u00edzhat\u00f3 csatlakoz\u00e1s:** Ide\u00e1lis a stabil \u00e9s gyors vezet\u00e9k n\u00e9lk\u00fcli kapcsolatok fenntart\u00e1s\u00e1hoz.<\/p>\n<p>&#8211; **Egyszer\u0171 telep\u00edt\u00e9s:** K\u00f6zvetlen csere, amely z\u00f6kken\u0151mentesen integr\u00e1lhat\u00f3 a Thinkpad T61-be.<\/p>\n<p>&#8211; **Glob\u00e1lis sz\u00e1ll\u00edt\u00e1s:** Megv\u00e1s\u00e1rolhat\u00f3 \u00e9s sz\u00e1ll\u00edthat\u00f3 vil\u00e1gszerte, Eur\u00f3p\u00e1ra \u00f6sszpontos\u00edtva.<\/p>\n<p>K\u00e9rj\u00fck, vegye figyelembe, hogy a telep\u00edt\u00e9si utas\u00edt\u00e1sokat nem tartalmazza. Ha seg\u00edts\u00e9gre van sz\u00fcks\u00e9ge, forduljon hozz\u00e1nk bizalommal t\u00e1mogat\u00e1s\u00e9rt. Az\u00e9rt vagyunk itt, hogy biztos\u00edtsuk a z\u00f6kken\u0151mentes csere\u00e9lm\u00e9nyt.<\/p>\n<p>**Fontos:** A list\u00e1ban szerepl\u0151 fot\u00f3k pontosan azt a Wi-Fi-k\u00e1rty\u00e1t \u00e1br\u00e1zolj\u00e1k, amelyet kapni fog. Minden alkatr\u00e9szt gondosan ellen\u0151riznek a min\u0151s\u00e9g \u00e9s az \u00fcgyfelek el\u00e9gedetts\u00e9ge \u00e9rdek\u00e9ben.<\/p>\n","protected":false},"excerpt":{"rendered":"<p>Lenovo Thinkpad T61 Wi-Fi k\u00e1rtya (802.11a\/b\/g 2,4 GHz, 54 Mbps, WM3945ABG MOW2). Fokozza Thinkpad T61 csatlakoztathat\u00f3s\u00e1g\u00e1t ezzel a megb\u00edzhat\u00f3 Wi-Fi-k\u00e1rty\u00e1val, amely t\u00f6bbf\u00e9le vezet\u00e9k n\u00e9lk\u00fcli szabv\u00e1nyt is t\u00e1mogat.<\/p>\n","protected":false},"featured_media":9821,"template":"","meta":[],"product_brand":[],"product_cat":[27],"product_tag":[26],"class_list":{"0":"post-9762","1":"product","2":"type-product","3":"status-publish","4":"has-post-thumbnail","6":"product_cat-motherboards-board-parts","7":"product_tag-lenovo","9":"first","10":"instock","11":"taxable","12":"shipping-taxable","13":"purchasable","14":"product-type-simple"},"_links":{"self":[{"href":"https:\/\/boreait.com\/hu\/wp-json\/wp\/v2\/product\/9762","targetHints":{"allow":["GET"]}}],"collection":[{"href":"https:\/\/boreait.com\/hu\/wp-json\/wp\/v2\/product"}],"about":[{"href":"https:\/\/boreait.com\/hu\/wp-json\/wp\/v2\/types\/product"}],"wp:featuredmedia":[{"embeddable":true,"href":"https:\/\/boreait.com\/hu\/wp-json\/wp\/v2\/media\/9821"}],"wp:attachment":[{"href":"https:\/\/boreait.com\/hu\/wp-json\/wp\/v2\/media?parent=9762"}],"wp:term":[{"taxonomy":"product_brand","embeddable":true,"href":"https:\/\/boreait.com\/hu\/wp-json\/wp\/v2\/product_brand?post=9762"},{"taxonomy":"product_cat","embeddable":true,"href":"https:\/\/boreait.com\/hu\/wp-json\/wp\/v2\/product_cat?post=9762"},{"taxonomy":"product_tag","embeddable":true,"href":"https:\/\/boreait.com\/hu\/wp-json\/wp\/v2\/product_tag?post=9762"}],"curies":[{"name":"wp","href":"https:\/\/api.w.org\/{rel}","templated":true}]}}