{"id":9761,"date":"2025-09-17T12:42:05","date_gmt":"2025-09-17T10:42:05","guid":{"rendered":"https:\/\/boreait.com\/hu\/?post_type=product&#038;p=9761"},"modified":"2026-02-06T13:16:08","modified_gmt":"2026-02-06T12:16:08","slug":"lenovo-thinkpad-t61-lcd-kabel-eredeti-cserealkatresz","status":"publish","type":"product","link":"https:\/\/boreait.com\/hu\/termek\/lenovo-thinkpad-t61-lcd-kabel-eredeti-cserealkatresz\/","title":{"rendered":"Lenovo ThinkPad T61 LCD-k\u00e1bel \u2013 Eredeti cserealkatr\u00e9sz"},"content":{"rendered":"<p>Lenovo ThinkPad T61 LCD k\u00e1bel<\/p>\n<p>Ezzel az eredeti LCD-k\u00e1bellel tartsa Lenovo ThinkPad T61 k\u00e9sz\u00fcl\u00e9k\u00e9t kiv\u00e1l\u00f3an m\u0171k\u00f6d\u0151k\u00e9pes \u00e1llapotban. A laptop kijelz\u0151j\u00e9nek az alaplaphoz val\u00f3 csatlakoztat\u00e1s\u00e1ra tervezt\u00e9k, ez a k\u00e1bel elengedhetetlen a k\u00e9perny\u0151 m\u0171k\u00f6d\u0151k\u00e9pess\u00e9g\u00e9nek fenntart\u00e1s\u00e1hoz.<\/p>\n<p>**A term\u00e9k jellemz\u0151i:**<\/p>\n<p>&#8211; **Kompatibilit\u00e1s:** Kifejezetten a Lenovo ThinkPad T61 laptop modellhez tervezve.<\/p>\n<p>&#8211; **Funkcionalit\u00e1s:** Biztos\u00edtja a stabil kapcsolatot az LCD-k\u00e9perny\u0151 \u00e9s az alaplap k\u00f6z\u00f6tt.<\/p>\n<p>&#8211; **\u00c1llapot:** A val\u00f3di fot\u00f3k pontosan azt a r\u00e9szt mutatj\u00e1k, amelyet \u00d6n kap, \u00edgy teljes \u00e1tl\u00e1that\u00f3s\u00e1got biztos\u00edt a jelenlegi \u00e1llapot\u00e1r\u00f3l.<\/p>\n<p>**Mi\u00e9rt v\u00e1lassza ezt az LCD-k\u00e1belt?**<\/p>\n<p>&#8211; **Megb\u00edzhat\u00f3 teljes\u00edtm\u00e9ny:** T\u00f6k\u00e9letes a s\u00e9r\u00fclt vagy hib\u00e1s LCD-k\u00e1bel cser\u00e9j\u00e9hez, ezzel helyre\u00e1ll\u00edtva laptopja kijelz\u0151funkci\u00f3it.<\/p>\n<p>&#8211; **K\u00f6zvetlen csere:** Z\u00f6kken\u0151mentesen illeszkedik, m\u00f3dos\u00edt\u00e1sok n\u00e9lk\u00fcl, \u00edgy a telep\u00edt\u00e9s egyszer\u0171.<\/p>\n<p>&#8211; **Glob\u00e1lis sz\u00e1ll\u00edt\u00e1s:** vil\u00e1gszerte megv\u00e1s\u00e1rolhat\u00f3, az eur\u00f3pai \u00fcgyfelekre \u00f6sszpontos\u00edtva.<\/p>\n<p>K\u00e9rj\u00fck, vegye figyelembe, hogy a telep\u00edt\u00e9si utas\u00edt\u00e1sokat nem tartalmazza. Ha seg\u00edts\u00e9gre van sz\u00fcks\u00e9ge a telep\u00edt\u00e9shez, tov\u00e1bbi t\u00e1mogat\u00e1s\u00e9rt forduljon hozz\u00e1nk bizalommal.<\/p>\n<p>**Fontos:** A list\u00e1n szerepl\u0151 fot\u00f3k pontosan azt az LCD-k\u00e1belt \u00e1br\u00e1zolj\u00e1k, amelyet kapni fog. Minden alkatr\u00e9szt ellen\u0151riznek, hogy megbizonyosodjanak arr\u00f3l, hogy megfelelnek min\u0151s\u00e9gi szabv\u00e1nyainknak.<\/p>\n","protected":false},"excerpt":{"rendered":"<p>Lenovo ThinkPad T61 LCD-k\u00e1bel \u2013 Eredeti cserealkatr\u00e9sz. Biztos\u00edtson megb\u00edzhat\u00f3 kapcsolatot a kijelz\u0151 \u00e9s az alaplap k\u00f6z\u00f6tt ezzel a kiv\u00e1l\u00f3 min\u0151s\u00e9g\u0171 LCD-k\u00e1bellel a Lenovo ThinkPad T61-hez.<\/p>\n","protected":false},"featured_media":9820,"template":"","meta":[],"product_brand":[],"product_cat":[20],"product_tag":[26],"class_list":{"0":"post-9761","1":"product","2":"type-product","3":"status-publish","4":"has-post-thumbnail","6":"product_cat-cables","7":"product_tag-lenovo","9":"first","10":"instock","11":"taxable","12":"shipping-taxable","13":"purchasable","14":"product-type-simple"},"_links":{"self":[{"href":"https:\/\/boreait.com\/hu\/wp-json\/wp\/v2\/product\/9761","targetHints":{"allow":["GET"]}}],"collection":[{"href":"https:\/\/boreait.com\/hu\/wp-json\/wp\/v2\/product"}],"about":[{"href":"https:\/\/boreait.com\/hu\/wp-json\/wp\/v2\/types\/product"}],"wp:featuredmedia":[{"embeddable":true,"href":"https:\/\/boreait.com\/hu\/wp-json\/wp\/v2\/media\/9820"}],"wp:attachment":[{"href":"https:\/\/boreait.com\/hu\/wp-json\/wp\/v2\/media?parent=9761"}],"wp:term":[{"taxonomy":"product_brand","embeddable":true,"href":"https:\/\/boreait.com\/hu\/wp-json\/wp\/v2\/product_brand?post=9761"},{"taxonomy":"product_cat","embeddable":true,"href":"https:\/\/boreait.com\/hu\/wp-json\/wp\/v2\/product_cat?post=9761"},{"taxonomy":"product_tag","embeddable":true,"href":"https:\/\/boreait.com\/hu\/wp-json\/wp\/v2\/product_tag?post=9761"}],"curies":[{"name":"wp","href":"https:\/\/api.w.org\/{rel}","templated":true}]}}