{"id":9744,"date":"2025-09-17T12:41:39","date_gmt":"2025-09-17T10:41:39","guid":{"rendered":"https:\/\/boreait.com\/hu\/?post_type=product&#038;p=9744"},"modified":"2026-02-06T13:13:09","modified_gmt":"2026-02-06T12:13:09","slug":"lenovo-thinkpad-t61-also-fedel-eredeti-cserealkatresz","status":"publish","type":"product","link":"https:\/\/boreait.com\/hu\/termek\/lenovo-thinkpad-t61-also-fedel-eredeti-cserealkatresz\/","title":{"rendered":"Lenovo ThinkPad T61 als\u00f3 fed\u00e9l \u2013 Eredeti cserealkatr\u00e9sz"},"content":{"rendered":"<p>Lenovo ThinkPad T61 als\u00f3 bor\u00edt\u00f3ja<\/p>\n<p>Biztons\u00e1gos \u00e9s v\u00e9dje Lenovo ThinkPad T61 k\u00e9sz\u00fcl\u00e9k\u00e9t ezzel az eredeti als\u00f3 bor\u00edt\u00e1ssal. Ez a k\u00f6zvetlen cserek\u00e9nt tervezett als\u00f3 burkolat ide\u00e1lis laptopja tart\u00f3ss\u00e1g\u00e1nak \u00e9s integrit\u00e1s\u00e1nak helyre\u00e1ll\u00edt\u00e1s\u00e1hoz.<\/p>\n<p>**A term\u00e9k jellemz\u0151i:**<\/p>\n<p>&#8211; **Kompatibilit\u00e1s:** Kifejezetten a Lenovo ThinkPad T61 modellhez tervezt\u00e9k.<\/p>\n<p>&#8211; **M\u0171k\u00f6d\u00e9s:** A s\u00e9r\u00fclt vagy elhaszn\u00e1l\u00f3dott als\u00f3 burkolatokat helyettes\u00edti a bels\u0151 alkatr\u00e9szek v\u00e9delm\u00e9nek biztos\u00edt\u00e1sa \u00e9rdek\u00e9ben.<\/p>\n<p>&#8211; **Min\u0151s\u00e9g:** Kiv\u00e1l\u00f3 min\u0151s\u00e9g\u0171, eredeti cserealkatr\u00e9sz a megb\u00edzhat\u00f3 teljes\u00edtm\u00e9ny \u00e9rdek\u00e9ben.<\/p>\n<p>&#8211; **\u00c1llapot:** A mell\u00e9kelt f\u00e9nyk\u00e9peken pontosan a kapott als\u00f3 bor\u00edt\u00f3 l\u00e1that\u00f3, amely t\u00fckr\u00f6zi a jelenlegi \u00e1llapot\u00e1t.<\/p>\n<p>**Mi\u00e9rt v\u00e1lassza ezt az als\u00f3 bor\u00edt\u00f3t?**<\/p>\n<p>&#8211; **Vissza\u00e1ll\u00edtja a stabilit\u00e1st:** Biztos\u00edtja, hogy a ThinkPad T61 stabil \u00e9s v\u00e9dett maradjon haszn\u00e1lat k\u00f6zben.<\/p>\n<p>&#8211; **K\u00f6zvetlen csere:** K\u00f6nnyen telep\u00edthet\u0151, tov\u00e1bbi m\u00f3dos\u00edt\u00e1sok n\u00e9lk\u00fcl.<\/p>\n<p>&#8211; **El\u00e9rhet\u0151s\u00e9g az eg\u00e9sz vil\u00e1gon:** Vil\u00e1gszerte sz\u00e1ll\u00edtjuk, Eur\u00f3p\u00e1ra \u00f6sszpontos\u00edtva.<\/p>\n<p>K\u00e9rj\u00fck, vegye figyelembe, hogy a telep\u00edt\u00e9si utas\u00edt\u00e1sokat nem tartalmazza. Ha seg\u00edts\u00e9gre van sz\u00fcks\u00e9ge a telep\u00edt\u00e9shez, forduljon hozz\u00e1nk bizalommal. Csapatunk az\u00e9rt van itt, hogy seg\u00edtsen \u00d6nnek.<\/p>\n<p>**Fontos:** A list\u00e1ban szerepl\u0151 fot\u00f3k a t\u00e9nyleges als\u00f3 bor\u00edt\u00f3t \u00e1br\u00e1zolj\u00e1k, amelyet kapni fog. Minden alkatr\u00e9szt gondosan ellen\u0151riznek, hogy megbizonyosodjanak arr\u00f3l, hogy megfelelnek min\u0151s\u00e9gi szabv\u00e1nyainknak.<\/p>\n","protected":false},"excerpt":{"rendered":"<p>Lenovo ThinkPad T61 als\u00f3 burkolata \u2013 Eredeti cserealkatr\u00e9sz. T\u00f6k\u00e9letes a s\u00e9r\u00fclt vagy elhaszn\u00e1l\u00f3dott als\u00f3 bor\u00edt\u00e1sok cser\u00e9j\u00e9hez, biztos\u00edtva laptopja v\u00e9delm\u00e9t \u00e9s stabilit\u00e1s\u00e1t.<\/p>\n","protected":false},"featured_media":9814,"template":"","meta":[],"product_brand":[],"product_cat":[16],"product_tag":[26],"class_list":{"0":"post-9744","1":"product","2":"type-product","3":"status-publish","4":"has-post-thumbnail","6":"product_cat-laptop-housing","7":"product_tag-lenovo","9":"first","10":"instock","11":"taxable","12":"shipping-taxable","13":"purchasable","14":"product-type-simple"},"_links":{"self":[{"href":"https:\/\/boreait.com\/hu\/wp-json\/wp\/v2\/product\/9744","targetHints":{"allow":["GET"]}}],"collection":[{"href":"https:\/\/boreait.com\/hu\/wp-json\/wp\/v2\/product"}],"about":[{"href":"https:\/\/boreait.com\/hu\/wp-json\/wp\/v2\/types\/product"}],"wp:featuredmedia":[{"embeddable":true,"href":"https:\/\/boreait.com\/hu\/wp-json\/wp\/v2\/media\/9814"}],"wp:attachment":[{"href":"https:\/\/boreait.com\/hu\/wp-json\/wp\/v2\/media?parent=9744"}],"wp:term":[{"taxonomy":"product_brand","embeddable":true,"href":"https:\/\/boreait.com\/hu\/wp-json\/wp\/v2\/product_brand?post=9744"},{"taxonomy":"product_cat","embeddable":true,"href":"https:\/\/boreait.com\/hu\/wp-json\/wp\/v2\/product_cat?post=9744"},{"taxonomy":"product_tag","embeddable":true,"href":"https:\/\/boreait.com\/hu\/wp-json\/wp\/v2\/product_tag?post=9744"}],"curies":[{"name":"wp","href":"https:\/\/api.w.org\/{rel}","templated":true}]}}