{"id":9742,"date":"2025-09-17T12:41:38","date_gmt":"2025-09-17T10:41:38","guid":{"rendered":"https:\/\/boreait.com\/hu\/?post_type=product&#038;p=9742"},"modified":"2026-02-06T13:12:35","modified_gmt":"2026-02-06T12:12:35","slug":"lenovo-thinkpad-t61-csuklotamasz-eredeti-cserealkatresz","status":"publish","type":"product","link":"https:\/\/boreait.com\/hu\/termek\/lenovo-thinkpad-t61-csuklotamasz-eredeti-cserealkatresz\/","title":{"rendered":"Lenovo ThinkPad T61 csukl\u00f3t\u00e1masz \u2013 Eredeti cserealkatr\u00e9sz"},"content":{"rendered":"<p>Lenovo ThinkPad T61 csukl\u00f3t\u00e1masz<\/p>\n<p>Fokozza Lenovo ThinkPad T61 haszn\u00e1lhat\u00f3s\u00e1g\u00e1t \u00e9s megjelen\u00e9s\u00e9t ezzel az eredeti csukl\u00f3t\u00e1masz cser\u00e9vel. Ez a csukl\u00f3t\u00e1masz t\u00f6k\u00e9letes a kop\u00e1s vagy s\u00e9r\u00fcl\u00e9s kezel\u00e9s\u00e9re, seg\u00edt vissza\u00e1ll\u00edtani laptopja eredeti k\u00e9nyelm\u00e9t \u00e9s funkcionalit\u00e1s\u00e1t.<\/p>\n<p>**A term\u00e9k jellemz\u0151i:**<\/p>\n<p>&#8211; **Kompatibilit\u00e1s:** Kifejezetten a Lenovo ThinkPad T61 laptop modellhez tervezve.<\/p>\n<p>&#8211; **Funkcionalit\u00e1s:** Helyettes\u00edti a kopott, repedezett vagy s\u00e9r\u00fclt csukl\u00f3t\u00e1maszokat, vissza\u00e1ll\u00edtva a k\u00e9nyelmes g\u00e9pel\u00e9si \u00e9lm\u00e9nyt.<\/p>\n<p>&#8211; **Min\u0151s\u00e9g:** Kiv\u00e1l\u00f3 min\u0151s\u00e9g\u0171, eredeti cserealkatr\u00e9sz a megb\u00edzhat\u00f3 teljes\u00edtm\u00e9ny \u00e9rdek\u00e9ben.<\/p>\n<p>&#8211; **\u00c1llapot:** A mell\u00e9kelt fot\u00f3k a t\u00e9nylegesen megkapott csukl\u00f3t\u00e1maszr\u00f3l k\u00e9sz\u00fcltek, \u00e9s pontosan mutatj\u00e1k az aktu\u00e1lis \u00e1llapot\u00e1t.<\/p>\n<p>**Mi\u00e9rt v\u00e1lassza ezt a csukl\u00f3t\u00e1maszt?**<\/p>\n<p>&#8211; **Vissza\u00e1ll\u00edtja a k\u00e9nyelmet:** Ide\u00e1lis laptopja megjelen\u00e9s\u00e9nek \u00e9s \u00e9rzet\u00e9nek jav\u00edt\u00e1s\u00e1hoz.<\/p>\n<p>&#8211; **K\u00f6zvetlen csere:** K\u00f6nnyen telep\u00edthet\u0151, t\u00f6k\u00e9letes illeszked\u00e9st biztos\u00edtva m\u00f3dos\u00edt\u00e1sok n\u00e9lk\u00fcl.<\/p>\n<p>&#8211; **Sz\u00e1ll\u00edt\u00e1s az eg\u00e9sz vil\u00e1gon:** El\u00e9rhet\u0151 glob\u00e1lis sz\u00e1ll\u00edt\u00e1shoz, Eur\u00f3p\u00e1ra \u00f6sszpontos\u00edtva.<\/p>\n<p>K\u00e9rj\u00fck, vegye figyelembe, hogy a telep\u00edt\u00e9si utas\u00edt\u00e1sokat nem tartalmazza. Ha seg\u00edts\u00e9gre van sz\u00fcks\u00e9ge a telep\u00edt\u00e9shez, tov\u00e1bbi t\u00e1mogat\u00e1s\u00e9rt forduljon hozz\u00e1nk bizalommal.<\/p>\n<p>**Fontos:** A list\u00e1ban szerepl\u0151 fot\u00f3k pontosan azt a csukl\u00f3t\u00e1maszt \u00e1br\u00e1zolj\u00e1k, amelyet kapni fog. Minden alkatr\u00e9szt gondosan ellen\u0151riznek a min\u0151s\u00e9g \u00e9s az \u00fcgyfelek el\u00e9gedetts\u00e9ge \u00e9rdek\u00e9ben.<\/p>\n","protected":false},"excerpt":{"rendered":"<p>Lenovo ThinkPad T61 csukl\u00f3t\u00e1masz \u2013 Eredeti cserealkatr\u00e9sz. Ide\u00e1lis az elhaszn\u00e1l\u00f3dott vagy s\u00e9r\u00fclt csukl\u00f3t\u00e1maszok cser\u00e9j\u00e9hez, vissza\u00e1ll\u00edtva a laptop k\u00e9nyelm\u00e9t \u00e9s megjelen\u00e9s\u00e9t.<\/p>\n","protected":false},"featured_media":9802,"template":"","meta":[],"product_brand":[],"product_cat":[16],"product_tag":[26],"class_list":{"0":"post-9742","1":"product","2":"type-product","3":"status-publish","4":"has-post-thumbnail","6":"product_cat-laptop-housing","7":"product_tag-lenovo","9":"first","10":"instock","11":"taxable","12":"shipping-taxable","13":"purchasable","14":"product-type-simple"},"_links":{"self":[{"href":"https:\/\/boreait.com\/hu\/wp-json\/wp\/v2\/product\/9742","targetHints":{"allow":["GET"]}}],"collection":[{"href":"https:\/\/boreait.com\/hu\/wp-json\/wp\/v2\/product"}],"about":[{"href":"https:\/\/boreait.com\/hu\/wp-json\/wp\/v2\/types\/product"}],"wp:featuredmedia":[{"embeddable":true,"href":"https:\/\/boreait.com\/hu\/wp-json\/wp\/v2\/media\/9802"}],"wp:attachment":[{"href":"https:\/\/boreait.com\/hu\/wp-json\/wp\/v2\/media?parent=9742"}],"wp:term":[{"taxonomy":"product_brand","embeddable":true,"href":"https:\/\/boreait.com\/hu\/wp-json\/wp\/v2\/product_brand?post=9742"},{"taxonomy":"product_cat","embeddable":true,"href":"https:\/\/boreait.com\/hu\/wp-json\/wp\/v2\/product_cat?post=9742"},{"taxonomy":"product_tag","embeddable":true,"href":"https:\/\/boreait.com\/hu\/wp-json\/wp\/v2\/product_tag?post=9742"}],"curies":[{"name":"wp","href":"https:\/\/api.w.org\/{rel}","templated":true}]}}