{"id":9739,"date":"2025-09-17T12:41:37","date_gmt":"2025-09-17T10:41:37","guid":{"rendered":"https:\/\/boreait.com\/hu\/?post_type=product&#038;p=9739"},"modified":"2025-09-17T12:43:07","modified_gmt":"2025-09-17T10:43:07","slug":"lenovo-thinkpad-t61-billentyuzet-42t3215-nordic-layout-tobb-orszaggal-kompatibilis","status":"publish","type":"product","link":"https:\/\/boreait.com\/hu\/termek\/lenovo-thinkpad-t61-billentyuzet-42t3215-nordic-layout-tobb-orszaggal-kompatibilis\/","title":{"rendered":"Lenovo ThinkPad T61 billenty\u0171zet 42T3215 Nordic Layout \u2013 t\u00f6bb orsz\u00e1ggal kompatibilis"},"content":{"rendered":"<p>Lenovo ThinkPad T61 billenty\u0171zet (FRU 42T3215) \u2013 Nordic Layout<\/p>\n<p>Fokozza Lenovo ThinkPad T61 k\u00e9sz\u00fcl\u00e9k\u00e9t ezzel a sokoldal\u00fa, \u00e9szaki elrendez\u00e9s\u0171 billenty\u0171zettel. Az FRU 42T3215 modellt \u00fagy tervezt\u00e9k, hogy z\u00f6kken\u0151mentesen kompatibilis legyen a k\u00fcl\u00f6nb\u00f6z\u0151 orsz\u00e1gokban, \u00edgy alkalmas k\u00fcl\u00f6nb\u00f6z\u0151 nyelvekhez \u00e9s elrendez\u00e9sekhez. Ak\u00e1r hib\u00e1s billenty\u0171zetet cser\u00e9l, ak\u00e1r egyszer\u0171en friss\u00edt, ez az eredeti alkatr\u00e9sz megb\u00edzhat\u00f3 \u00e9s hat\u00e9kony megold\u00e1st k\u00edn\u00e1l.<\/p>\n<p>**A term\u00e9k jellemz\u0151i:**<\/p>\n<p>&#8211; **Kompatibilit\u00e1s:** Lenovo ThinkPad T61-hez tervezve, FRU 42T3215-tel.<\/p>\n<p>&#8211; **Elrendez\u00e9s:** skandin\u00e1v elrendez\u00e9s, t\u00f6bb nyelvvel \u00e9s r\u00e9gi\u00f3val is kompatibilis.<\/p>\n<p>&#8211; **Funkcionalit\u00e1s:** Ide\u00e1lis az elhaszn\u00e1l\u00f3dott vagy hib\u00e1san m\u0171k\u00f6d\u0151 billenty\u0171zetek cser\u00e9j\u00e9hez, a teljes g\u00e9pel\u00e9si funkci\u00f3 helyre\u00e1ll\u00edt\u00e1s\u00e1hoz.<\/p>\n<p>&#8211; **\u00c1llapot:** A mell\u00e9kelt fot\u00f3k a t\u00e9nylegesen megkapott billenty\u0171zetr\u0151l k\u00e9sz\u00fcltek, \u00e9s az aktu\u00e1lis \u00e1llapot\u00e1t mutatj\u00e1k.<\/p>\n<p>**Mi\u00e9rt v\u00e1lassza ezt a billenty\u0171zetet?**<\/p>\n<p>&#8211; **T\u00f6bb orsz\u00e1g kompatibilit\u00e1sa:** K\u00fcl\u00f6nb\u00f6z\u0151 r\u00e9gi\u00f3kban \u00e9s nyelveken haszn\u00e1lhat\u00f3 felhaszn\u00e1l\u00f3k sz\u00e1m\u00e1ra.<\/p>\n<p>&#8211; **K\u00f6zvetlen csere:** Egyszer\u0171 telep\u00edt\u00e9s, tov\u00e1bbi m\u00f3dos\u00edt\u00e1sok n\u00e9lk\u00fcl.<\/p>\n<p>&#8211; **Glob\u00e1lis sz\u00e1ll\u00edt\u00e1s:** Vil\u00e1gszerte megv\u00e1s\u00e1rolhat\u00f3, az eur\u00f3pai \u00fcgyfelekre \u00f6sszpontos\u00edtva.<\/p>\n<p>K\u00e9rj\u00fck, vegye figyelembe, hogy a telep\u00edt\u00e9si utas\u00edt\u00e1sokat nem tartalmazza. Ha seg\u00edts\u00e9gre van sz\u00fcks\u00e9ge a telep\u00edt\u00e9shez, forduljon bizalommal t\u00e1mogat\u00e1s\u00e9rt.<\/p>\n<p>**Fontos:** A list\u00e1n szerepl\u0151 fot\u00f3k pontosan azt a billenty\u0171zetet \u00e1br\u00e1zolj\u00e1k, amelyet kapni fog, biztos\u00edtva az \u00e1tl\u00e1that\u00f3s\u00e1got \u00e9s a v\u00e1s\u00e1rl\u00e1ssal kapcsolatos el\u00e9gedetts\u00e9get.<\/p>\n","protected":false},"excerpt":{"rendered":"<p>Lenovo ThinkPad T61 billenty\u0171zet (FRU 42T3215) skandin\u00e1v elrendez\u00e9ssel. Ez a sokoldal\u00fa billenty\u0171zet t\u00f6bb nyelvvel \u00e9s elrendez\u00e9ssel kompatibilis, \u00edgy z\u00f6kken\u0151mentes g\u00e9pel\u00e9si \u00e9lm\u00e9nyt biztos\u00edt a k\u00fcl\u00f6nb\u00f6z\u0151 r\u00e9gi\u00f3kban.<\/p>\n","protected":false},"featured_media":9796,"template":"","meta":[],"product_brand":[],"product_cat":[35],"product_tag":[26],"class_list":{"0":"post-9739","1":"product","2":"type-product","3":"status-publish","4":"has-post-thumbnail","6":"product_cat-laptop-keyboard","7":"product_tag-lenovo","9":"first","10":"instock","11":"taxable","12":"shipping-taxable","13":"purchasable","14":"product-type-simple"},"_links":{"self":[{"href":"https:\/\/boreait.com\/hu\/wp-json\/wp\/v2\/product\/9739","targetHints":{"allow":["GET"]}}],"collection":[{"href":"https:\/\/boreait.com\/hu\/wp-json\/wp\/v2\/product"}],"about":[{"href":"https:\/\/boreait.com\/hu\/wp-json\/wp\/v2\/types\/product"}],"wp:featuredmedia":[{"embeddable":true,"href":"https:\/\/boreait.com\/hu\/wp-json\/wp\/v2\/media\/9796"}],"wp:attachment":[{"href":"https:\/\/boreait.com\/hu\/wp-json\/wp\/v2\/media?parent=9739"}],"wp:term":[{"taxonomy":"product_brand","embeddable":true,"href":"https:\/\/boreait.com\/hu\/wp-json\/wp\/v2\/product_brand?post=9739"},{"taxonomy":"product_cat","embeddable":true,"href":"https:\/\/boreait.com\/hu\/wp-json\/wp\/v2\/product_cat?post=9739"},{"taxonomy":"product_tag","embeddable":true,"href":"https:\/\/boreait.com\/hu\/wp-json\/wp\/v2\/product_tag?post=9739"}],"curies":[{"name":"wp","href":"https:\/\/api.w.org\/{rel}","templated":true}]}}