{"id":9728,"date":"2025-09-17T12:41:15","date_gmt":"2025-09-17T10:41:15","guid":{"rendered":"https:\/\/boreait.com\/hu\/?post_type=product&#038;p=9728"},"modified":"2026-02-06T13:11:43","modified_gmt":"2026-02-06T12:11:43","slug":"lenovo-thinkpad-t400-2-gb-2rx8-pc3-8500s-7-10-fp-ram-eredeti-alkatreszek","status":"publish","type":"product","link":"https:\/\/boreait.com\/hu\/termek\/lenovo-thinkpad-t400-2-gb-2rx8-pc3-8500s-7-10-fp-ram-eredeti-alkatreszek\/","title":{"rendered":"Lenovo Thinkpad T400 2 GB 2Rx8 PC3-8500S-7-10-FP RAM &#8211; Eredeti alkatr\u00e9szek"},"content":{"rendered":"<p>2 GB 2Rx8 PC3-8500S-7-10-FP RAM Lenovo Thinkpad T400-hoz<\/p>\n<p>N\u00f6velje Lenovo Thinkpad T400 teljes\u00edtm\u00e9ny\u00e9t ezzel a megb\u00edzhat\u00f3 2 GB RAM modullal. Ak\u00e1r hib\u00e1s modult cser\u00e9l, ak\u00e1r rendszer\u00e9t friss\u00edti, ezt a RAM-ot \u00fagy tervezt\u00e9k, hogy z\u00f6kken\u0151mentesen m\u0171k\u00f6dj\u00f6n egy\u00fctt a T400-zal.<\/p>\n<p>**A term\u00e9k jellemz\u0151i:**<\/p>\n<p>&#8211; **Kompatibilit\u00e1s:** Kifejezetten a Lenovo Thinkpad T400-hoz tervezt\u00e9k.<\/p>\n<p>&#8211; **M\u0171szaki adatok:** 2 GB, 2Rx8, PC3-8500S-7-10-FP RAM, ide\u00e1lis a rendszer teljes\u00edtm\u00e9ny\u00e9nek fokoz\u00e1s\u00e1ra.<\/p>\n<p>&#8211; **Funkcionalit\u00e1s:** Jav\u00edtja a t\u00f6bbfeladatos munkav\u00e9gz\u00e9st \u00e9s az \u00e1ltal\u00e1nos sebess\u00e9get a g\u00f6rd\u00fcl\u00e9kenyebb sz\u00e1m\u00edt\u00e1stechnikai \u00e9lm\u00e9ny \u00e9rdek\u00e9ben.<\/p>\n<p>&#8211; **Min\u0151s\u00e9g:** Eredeti cserealkatr\u00e9sz, megb\u00edzhat\u00f3s\u00e1g \u00e9s kompatibilit\u00e1s szempontj\u00e1b\u00f3l tesztelve.<\/p>\n<p>**Mi\u00e9rt v\u00e1lassza ezt a RAM-modult?**<\/p>\n<p>&#8211; **Teljes\u00edtm\u00e9nyn\u00f6vel\u00e9s:** T\u00f6k\u00e9letes a Thinkpad T400 sebess\u00e9g\u00e9nek \u00e9s v\u00e1laszk\u00e9szs\u00e9g\u00e9nek jav\u00edt\u00e1s\u00e1hoz.<\/p>\n<p>&#8211; **K\u00f6zvetlen csere:** K\u00f6nnyen telep\u00edthet\u0151, nincs sz\u00fcks\u00e9g tov\u00e1bbi konfigur\u00e1ci\u00f3kra.<\/p>\n<p>&#8211; **Glob\u00e1lis sz\u00e1ll\u00edt\u00e1s:** El\u00e9rhet\u0151 vil\u00e1gszerte, Eur\u00f3p\u00e1ra \u00f6sszpontos\u00edtva.<\/p>\n<p>K\u00e9rj\u00fck, vegye figyelembe, hogy a telep\u00edt\u00e9si utas\u00edt\u00e1sokat nem tartalmazza. Ha seg\u00edts\u00e9gre van sz\u00fcks\u00e9ge a telep\u00edt\u00e9shez, forduljon hozz\u00e1nk bizalommal.<\/p>\n<p>**Fontos:** A list\u00e1ban szerepl\u0151 fot\u00f3k pontosan azt a RAM-modult mutatj\u00e1k be, amelyet kapni fog, \u00e9s annak jelenlegi \u00e1llapot\u00e1t. Minden alkatr\u00e9szt alaposan megvizsg\u00e1lnak a min\u0151s\u00e9g biztos\u00edt\u00e1sa \u00e9rdek\u00e9ben.<\/p>\n","protected":false},"excerpt":{"rendered":"<div class=\"dark bg-gray-950 rounded-md border-[0.5px] border-token-border-medium\">\n<div class=\"overflow-y-auto p-4\" dir=\"ltr\"><code class=\"!whitespace-pre hljs language-javascript\">2 GB 2Rx8 <span class=\"hljs-title class_\">PC3<\/span>-8500S-<span class=\"hljs-number\">7<\/span>-<span class=\"0<\/span>-\">1<\/span>-<span class=\"0<\/spanjs-number\" konstans_\">FP<\/span> <span class=\"hljs-variable \u00e1lland\u00f3_\">RAM<\/span> <span class=\"hljs-keyword\"><\/span> <span class=\"hljs-title class_\">Lenov\u00f3hoz<\/span> <span class=\"hljs-title class_\">Thinkpad<\/span> <span class=\"hljs-variable konstant_\">T400<\/span>>- <span class=\"span classle\">-h<\/span>-> laptop teljes\u00edtm\u00e9nye <span class=\"hljs-keyword\">a<\/span> <span class=\"hljs-variable language_\">ezzel a<\/span> eredeti <span class=\"hljs-variable language_\">RAM<\/span> <span class=\"hljs-variable language_\">modullal<\/span>, amely kompatibilis <span class=\"hljs-keyword\">a<\/span> a <span class=\"hljs-ti-tle class=\"hljs-ti-tle class=\"hljs-title class=\"hljs-title class=\"hljs-title class=\"hljs-title class_\">Thinkpad<\/span> <span class=\"hljs-variable \u00e1lland\u00f3_\">T400<\/span>.<\/p>\n<p><\/code><\/div>\n<\/div>\n<h3><\/h3>\n","protected":false},"featured_media":9794,"template":"","meta":[],"product_brand":[],"product_cat":[37,36],"product_tag":[26],"class_list":{"0":"post-9728","1":"product","2":"type-product","3":"status-publish","4":"has-post-thumbnail","6":"product_cat-ddr3-ddr3l","7":"product_cat-ram-memory","8":"product_tag-lenovo","10":"first","11":"instock","12":"taxable","13":"shipping-taxable","14":"purchasable","15":"product-type-simple"},"_links":{"self":[{"href":"https:\/\/boreait.com\/hu\/wp-json\/wp\/v2\/product\/9728","targetHints":{"allow":["GET"]}}],"collection":[{"href":"https:\/\/boreait.com\/hu\/wp-json\/wp\/v2\/product"}],"about":[{"href":"https:\/\/boreait.com\/hu\/wp-json\/wp\/v2\/types\/product"}],"wp:featuredmedia":[{"embeddable":true,"href":"https:\/\/boreait.com\/hu\/wp-json\/wp\/v2\/media\/9794"}],"wp:attachment":[{"href":"https:\/\/boreait.com\/hu\/wp-json\/wp\/v2\/media?parent=9728"}],"wp:term":[{"taxonomy":"product_brand","embeddable":true,"href":"https:\/\/boreait.com\/hu\/wp-json\/wp\/v2\/product_brand?post=9728"},{"taxonomy":"product_cat","embeddable":true,"href":"https:\/\/boreait.com\/hu\/wp-json\/wp\/v2\/product_cat?post=9728"},{"taxonomy":"product_tag","embeddable":true,"href":"https:\/\/boreait.com\/hu\/wp-json\/wp\/v2\/product_tag?post=9728"}],"curies":[{"name":"wp","href":"https:\/\/api.w.org\/{rel}","templated":true}]}}