{"id":9727,"date":"2025-09-17T12:41:15","date_gmt":"2025-09-17T10:41:15","guid":{"rendered":"https:\/\/boreait.com\/hu\/?post_type=product&#038;p=9727"},"modified":"2026-02-06T13:11:27","modified_gmt":"2026-02-06T12:11:27","slug":"lenovo-thinkpad-t400-intel-core-2-duo-processzor-p8400-tesztelt-mukodes","status":"publish","type":"product","link":"https:\/\/boreait.com\/hu\/termek\/lenovo-thinkpad-t400-intel-core-2-duo-processzor-p8400-tesztelt-mukodes\/","title":{"rendered":"Lenovo ThinkPad T400 Intel Core 2 Duo processzor P8400 \u2013 tesztelt m\u0171k\u00f6d\u00e9s"},"content":{"rendered":"<p>Intel\u00ae Core\u21222 Duo P8400 processzor Lenovo ThinkPad T400-hoz<\/p>\n<p>Fokozza Lenovo ThinkPad T400 teljes\u00edtm\u00e9ny\u00e9t ezzel az Intel\u00ae Core\u21222 Duo P8400 processzorral. Ez a megb\u00edzhat\u00f3s\u00e1g\u00e1r\u00f3l \u00e9s hat\u00e9konys\u00e1g\u00e1r\u00f3l ismert processzor ide\u00e1lis a megl\u00e9v\u0151 CPU cser\u00e9j\u00e9hez vagy laptopja teljes\u00edtm\u00e9ny\u00e9nek jav\u00edt\u00e1s\u00e1hoz.<\/p>\n<p>**A term\u00e9k jellemz\u0151i:**<\/p>\n<p>&#8211; **Kompatibilit\u00e1s:** Kifejezetten a Lenovo ThinkPad T400-hoz tervezt\u00e9k.<\/p>\n<p>&#8211; **Processzor r\u00e9szletei:** Intel\u00ae Core\u21222 Duo P8400 processzor, amely megb\u00edzhat\u00f3 teljes\u00edtm\u00e9nyt ny\u00fajt a mindennapi sz\u00e1m\u00edt\u00e1stechnikai feladatokhoz.<\/p>\n<p>&#8211; **\u00c1llapot:** Tesztelve \u00e9s meger\u0151s\u00edtetten m\u0171k\u00f6d\u0151k\u00e9pes, a processzorr\u00f3l k\u00e9sz\u00fclt t\u00e9nyleges f\u00e9nyk\u00e9pekkel, amelyek bemutatj\u00e1k a jelenlegi \u00e1llapot\u00e1t.<\/p>\n<p>**Mi\u00e9rt v\u00e1lassza ezt a processzort?**<\/p>\n<p>&#8211; **Tov\u00e1bbfejlesztett teljes\u00edtm\u00e9ny:** Kiv\u00e1l\u00f3 v\u00e1laszt\u00e1s a ThinkPad T400 sebess\u00e9g\u00e9nek \u00e9s hat\u00e9konys\u00e1g\u00e1nak n\u00f6vel\u00e9s\u00e9re.<\/p>\n<p>&#8211; **K\u00f6nny\u0171 csere:** K\u00f6zvetlen\u00fcl kompatibilis a ThinkPad T400-zal, egyszer\u0171 telep\u00edt\u00e9st biztos\u00edtva.<\/p>\n<p>&#8211; **Glob\u00e1lis sz\u00e1ll\u00edt\u00e1s:** Megv\u00e1s\u00e1rolhat\u00f3 \u00e9s sz\u00e1ll\u00edthat\u00f3 vil\u00e1gszerte, Eur\u00f3p\u00e1ra \u00f6sszpontos\u00edtva.<\/p>\n<p>K\u00e9rj\u00fck, vegye figyelembe, hogy a telep\u00edt\u00e9si utas\u00edt\u00e1sokat nem tartalmazza. Ha seg\u00edts\u00e9gre van sz\u00fcks\u00e9ge a telep\u00edt\u00e9shez, tov\u00e1bbi t\u00e1mogat\u00e1s\u00e9rt forduljon hozz\u00e1nk bizalommal. Csapatunk az\u00e9rt van itt, hogy seg\u00edtsen biztos\u00edtani a z\u00f6kken\u0151mentes cserefolyamatot.<\/p>\n<p>**Fontos:** A list\u00e1ban szerepl\u0151 fot\u00f3k pontosan azt a processzort \u00e1br\u00e1zolj\u00e1k, amelyet kapni fog. Minden alkatr\u00e9szt gondosan ellen\u0151riznek a min\u0151s\u00e9g \u00e9s a teljes\u00edtm\u00e9ny garant\u00e1l\u00e1sa \u00e9rdek\u00e9ben.<\/p>\n","protected":false},"excerpt":{"rendered":"<p>Intel\u00ae Core\u21222 Duo P8400 processzor Lenovo ThinkPad T400-hoz. Gy\u0151z\u0151dj\u00f6n meg arr\u00f3l, hogy ThinkPad T400 z\u00f6kken\u0151mentesen m\u0171k\u00f6dik ezzel a megb\u00edzhat\u00f3 processzorral. T\u00f6k\u00e9letes a megl\u00e9v\u0151 CPU cser\u00e9j\u00e9hez vagy friss\u00edt\u00e9s\u00e9hez.<\/p>\n","protected":false},"featured_media":9793,"template":"","meta":[],"product_brand":[],"product_cat":[39],"product_tag":[26],"class_list":{"0":"post-9727","1":"product","2":"type-product","3":"status-publish","4":"has-post-thumbnail","6":"product_cat-processors-cpu","7":"product_tag-lenovo","9":"first","10":"instock","11":"taxable","12":"shipping-taxable","13":"purchasable","14":"product-type-simple"},"_links":{"self":[{"href":"https:\/\/boreait.com\/hu\/wp-json\/wp\/v2\/product\/9727","targetHints":{"allow":["GET"]}}],"collection":[{"href":"https:\/\/boreait.com\/hu\/wp-json\/wp\/v2\/product"}],"about":[{"href":"https:\/\/boreait.com\/hu\/wp-json\/wp\/v2\/types\/product"}],"wp:featuredmedia":[{"embeddable":true,"href":"https:\/\/boreait.com\/hu\/wp-json\/wp\/v2\/media\/9793"}],"wp:attachment":[{"href":"https:\/\/boreait.com\/hu\/wp-json\/wp\/v2\/media?parent=9727"}],"wp:term":[{"taxonomy":"product_brand","embeddable":true,"href":"https:\/\/boreait.com\/hu\/wp-json\/wp\/v2\/product_brand?post=9727"},{"taxonomy":"product_cat","embeddable":true,"href":"https:\/\/boreait.com\/hu\/wp-json\/wp\/v2\/product_cat?post=9727"},{"taxonomy":"product_tag","embeddable":true,"href":"https:\/\/boreait.com\/hu\/wp-json\/wp\/v2\/product_tag?post=9727"}],"curies":[{"name":"wp","href":"https:\/\/api.w.org\/{rel}","templated":true}]}}