{"id":9714,"date":"2025-09-17T12:40:48","date_gmt":"2025-09-17T10:40:48","guid":{"rendered":"https:\/\/boreait.com\/hu\/?post_type=product&#038;p=9714"},"modified":"2025-09-17T12:42:38","modified_gmt":"2025-09-17T10:42:38","slug":"lenovo-thinkpad-t400-nordic-layout-billentyuzet-mas-nyelvekkel-kompatibilis-fru-42t3230","status":"publish","type":"product","link":"https:\/\/boreait.com\/hu\/termek\/lenovo-thinkpad-t400-nordic-layout-billentyuzet-mas-nyelvekkel-kompatibilis-fru-42t3230\/","title":{"rendered":"Lenovo Thinkpad T400 Nordic Layout billenty\u0171zet \u2013 m\u00e1s nyelvekkel kompatibilis FRU 42T3230"},"content":{"rendered":"<p>Lenovo Thinkpad T400 billenty\u0171zet \u2013 Nordic Layout (FRU 42T3230)<\/p>\n<p>Friss\u00edtse vagy cser\u00e9lje le Lenovo Thinkpad T400 billenty\u0171zet\u00e9t ezzel az eredeti skandin\u00e1v elrendez\u00e9s\u0171 billenty\u0171zettel. Ez a billenty\u0171zet m\u00e1s nyelvekkel is kompatibilis, \u00edgy sokoldal\u00fa v\u00e1laszt\u00e1s a k\u00fcl\u00f6nf\u00e9le ig\u00e9nyekhez.<\/p>\n<p>**A term\u00e9k jellemz\u0151i:**<\/p>\n<p>&#8211; **Kompatibilit\u00e1s:** Lenovo Thinkpad T400-hoz tervezve, \u00e9szaki elrendez\u00e9ssel. M\u00e1s nyelvekkel is kompatibilis.<\/p>\n<p>&#8211; **Alkatr\u00e9szsz\u00e1m:** FRU 42T3230.<\/p>\n<p>&#8211; **Min\u0151s\u00e9g:** Eredeti cserealkatr\u00e9sz, amely megb\u00edzhat\u00f3 teljes\u00edtm\u00e9nyt \u00e9s t\u00f6k\u00e9letes illeszked\u00e9st biztos\u00edt.<\/p>\n<p>&#8211; **\u00c1llapot:** A mell\u00e9kelt fot\u00f3k a t\u00e9nylegesen megkapott billenty\u0171zetr\u0151l k\u00e9sz\u00fcltek, t\u00fckr\u00f6zve annak jelenlegi \u00e1llapot\u00e1t.<\/p>\n<p>**Mi\u00e9rt v\u00e1lassza ezt a billenty\u0171zetet?**<\/p>\n<p>&#8211; **Sokoldal\u00fa elrendez\u00e9s:** Ide\u00e1lis azoknak a felhaszn\u00e1l\u00f3knak, akiknek \u00e9szaki elrendez\u00e9sre van sz\u00fcks\u00e9g\u00fck, de m\u00e1s nyelvi konfigur\u00e1ci\u00f3kat is t\u00e1mogat.<\/p>\n<p>&#8211; **K\u00f6zvetlen csere:** Egyszer\u0171 telep\u00edt\u00e9s, m\u00f3dos\u00edt\u00e1sok n\u00e9lk\u00fcl.<\/p>\n<p>&#8211; **Glob\u00e1lis sz\u00e1ll\u00edt\u00e1s:** Megv\u00e1s\u00e1rolhat\u00f3 \u00e9s sz\u00e1ll\u00edthat\u00f3 vil\u00e1gszerte, Eur\u00f3p\u00e1ra \u00f6sszpontos\u00edtva.<\/p>\n<p>K\u00e9rj\u00fck, vegye figyelembe, hogy a telep\u00edt\u00e9si utas\u00edt\u00e1sokat nem tartalmazza. Ha seg\u00edts\u00e9gre van sz\u00fcks\u00e9ge a telep\u00edt\u00e9shez, vagy b\u00e1rmilyen k\u00e9rd\u00e9se van, forduljon hozz\u00e1nk t\u00e1mogat\u00e1s\u00e9rt. Elk\u00f6telezettek vagyunk amellett, hogy z\u00f6kken\u0151mentes cserefolyamatot biztos\u00edtunk \u00d6nnek.<\/p>\n<p>**Fontos:** Az adatlapon szerepl\u0151 f\u00e9nyk\u00e9pek pontosan azt a billenty\u0171zetet mutatj\u00e1k, amelyet kapni fog. Minden alkatr\u00e9szt ellen\u0151riznek a min\u0151s\u00e9g \u00e9s az \u00fcgyfelek el\u00e9gedetts\u00e9ge \u00e9rdek\u00e9ben.<\/p>\n","protected":false},"excerpt":{"rendered":"<p>Lenovo Thinkpad T400 billenty\u0171zet \u2013 Nordic Layout, m\u00e1s nyelvekkel is kompatibilis. Eredeti cserealkatr\u00e9sz FRU 42T3230. Ide\u00e1lis Thinkpad T400 helyre\u00e1ll\u00edt\u00e1s\u00e1hoz vagy friss\u00edt\u00e9s\u00e9hez ezzel a kiv\u00e1l\u00f3 min\u0151s\u00e9g\u0171, sokoldal\u00fa billenty\u0171zettel.<\/p>\n","protected":false},"featured_media":9779,"template":"","meta":[],"product_brand":[],"product_cat":[35],"product_tag":[26],"class_list":{"0":"post-9714","1":"product","2":"type-product","3":"status-publish","4":"has-post-thumbnail","6":"product_cat-laptop-keyboard","7":"product_tag-lenovo","9":"first","10":"instock","11":"taxable","12":"shipping-taxable","13":"purchasable","14":"product-type-simple"},"_links":{"self":[{"href":"https:\/\/boreait.com\/hu\/wp-json\/wp\/v2\/product\/9714","targetHints":{"allow":["GET"]}}],"collection":[{"href":"https:\/\/boreait.com\/hu\/wp-json\/wp\/v2\/product"}],"about":[{"href":"https:\/\/boreait.com\/hu\/wp-json\/wp\/v2\/types\/product"}],"wp:featuredmedia":[{"embeddable":true,"href":"https:\/\/boreait.com\/hu\/wp-json\/wp\/v2\/media\/9779"}],"wp:attachment":[{"href":"https:\/\/boreait.com\/hu\/wp-json\/wp\/v2\/media?parent=9714"}],"wp:term":[{"taxonomy":"product_brand","embeddable":true,"href":"https:\/\/boreait.com\/hu\/wp-json\/wp\/v2\/product_brand?post=9714"},{"taxonomy":"product_cat","embeddable":true,"href":"https:\/\/boreait.com\/hu\/wp-json\/wp\/v2\/product_cat?post=9714"},{"taxonomy":"product_tag","embeddable":true,"href":"https:\/\/boreait.com\/hu\/wp-json\/wp\/v2\/product_tag?post=9714"}],"curies":[{"name":"wp","href":"https:\/\/api.w.org\/{rel}","templated":true}]}}