{"id":9696,"date":"2025-09-17T12:40:24","date_gmt":"2025-09-17T10:40:24","guid":{"rendered":"https:\/\/boreait.com\/hu\/?post_type=product&#038;p=9696"},"modified":"2026-02-06T12:47:31","modified_gmt":"2026-02-06T11:47:31","slug":"lenovo-thinkpad-l530-bluetooth-kartya-4-0-fru-60y3303-eredeti-csere","status":"publish","type":"product","link":"https:\/\/boreait.com\/hu\/termek\/lenovo-thinkpad-l530-bluetooth-kartya-4-0-fru-60y3303-eredeti-csere\/","title":{"rendered":"Lenovo ThinkPad L530 Bluetooth k\u00e1rtya 4.0 FRU 60Y3303 \u2013 Eredeti csere"},"content":{"rendered":"<p>Lenovo ThinkPad L530 Bluetooth k\u00e1rtya 4.0 (FRU 60Y3303)<\/p>\n<p>B\u0151v\u00edtse Lenovo ThinkPad L530 k\u00e9sz\u00fcl\u00e9k\u00e9t ezzel az eredeti Bluetooth-k\u00e1rty\u00e1val. A z\u00f6kken\u0151mentes integr\u00e1ci\u00f3ra tervezett k\u00e1rtya megb\u00edzhat\u00f3 Bluetooth 4.0 kapcsolatot biztos\u00edt a hib\u00e1s vagy elavult modulok cser\u00e9j\u00e9hez.<\/p>\n<p>**A term\u00e9k jellemz\u0151i:**<\/p>\n<p>&#8211; **Kompatibilit\u00e1s:** Kifejezetten Lenovo ThinkPad L530 laptopokhoz tervezve.<\/p>\n<p>&#8211; **Bluetooth-verzi\u00f3:** 4.0, amely stabil \u00e9s hat\u00e9kony vezet\u00e9k n\u00e9lk\u00fcli kapcsolatot k\u00edn\u00e1l.<\/p>\n<p>&#8211; **Alkatr\u00e9szsz\u00e1m:** FRU 60Y3303.<\/p>\n<p>&#8211; **\u00c1llapot:** A mell\u00e9kelt fot\u00f3k a t\u00e9nylegesen megkapott r\u00e9szr\u0151l k\u00e9sz\u00fcltek, \u00e9s az aktu\u00e1lis \u00e1llapotot mutatj\u00e1k.<\/p>\n<p>**Mi\u00e9rt v\u00e1lassza ezt a Bluetooth-k\u00e1rty\u00e1t?**<\/p>\n<p>&#8211; **Megb\u00edzhat\u00f3 kapcsolat:** Eredeti cser\u00e9vel vissza\u00e1ll\u00edtja vagy friss\u00edti a Bluetooth funkci\u00f3t.<\/p>\n<p>&#8211; **K\u00f6zvetlen csere:** K\u00f6nnyen telep\u00edthet\u0151, tov\u00e1bbi m\u00f3dos\u00edt\u00e1sok n\u00e9lk\u00fcl.<\/p>\n<p>&#8211; **Glob\u00e1lis sz\u00e1ll\u00edt\u00e1s:** Megv\u00e1s\u00e1rolhat\u00f3 \u00e9s sz\u00e1ll\u00edthat\u00f3 vil\u00e1gszerte, Eur\u00f3p\u00e1ra \u00f6sszpontos\u00edtva.<\/p>\n<p>K\u00e9rj\u00fck, vegye figyelembe, hogy a telep\u00edt\u00e9si utas\u00edt\u00e1sokat nem tartalmazza. Ha seg\u00edts\u00e9gre van sz\u00fcks\u00e9ge a telep\u00edt\u00e9shez, forduljon hozz\u00e1nk bizalommal. Az\u00e9rt vagyunk itt, hogy biztos\u00edtsuk a z\u00f6kken\u0151mentes cserefolyamatot.<\/p>\n<p>**Fontos:** A list\u00e1ban szerepl\u0151 k\u00e9pek pontosan azt a Bluetooth-k\u00e1rty\u00e1t mutatj\u00e1k, amelyet kapni fog. Minden alkatr\u00e9szt ellen\u0151riznek a min\u0151s\u00e9g \u00e9s a teljes\u00edtm\u00e9ny biztos\u00edt\u00e1sa \u00e9rdek\u00e9ben.<\/p>\n","protected":false},"excerpt":{"rendered":"<p>Lenovo ThinkPad L530 Bluetooth Card 4.0 (FRU 60Y3303) \u2013 Eredeti cserealkatr\u00e9sz. B\u0151v\u00edtse vagy cser\u00e9lje ki Bluetooth funkci\u00f3it ezzel a kiv\u00e1l\u00f3 min\u0151s\u00e9g\u0171 k\u00e1rty\u00e1val, amelyet kifejezetten a ThinkPad L530-hoz terveztek.<\/p>\n","protected":false},"featured_media":9750,"template":"","meta":[],"product_brand":[],"product_cat":[27],"product_tag":[26],"class_list":{"0":"post-9696","1":"product","2":"type-product","3":"status-publish","4":"has-post-thumbnail","6":"product_cat-motherboards-board-parts","7":"product_tag-lenovo","9":"first","10":"instock","11":"taxable","12":"shipping-taxable","13":"purchasable","14":"product-type-simple"},"_links":{"self":[{"href":"https:\/\/boreait.com\/hu\/wp-json\/wp\/v2\/product\/9696","targetHints":{"allow":["GET"]}}],"collection":[{"href":"https:\/\/boreait.com\/hu\/wp-json\/wp\/v2\/product"}],"about":[{"href":"https:\/\/boreait.com\/hu\/wp-json\/wp\/v2\/types\/product"}],"wp:featuredmedia":[{"embeddable":true,"href":"https:\/\/boreait.com\/hu\/wp-json\/wp\/v2\/media\/9750"}],"wp:attachment":[{"href":"https:\/\/boreait.com\/hu\/wp-json\/wp\/v2\/media?parent=9696"}],"wp:term":[{"taxonomy":"product_brand","embeddable":true,"href":"https:\/\/boreait.com\/hu\/wp-json\/wp\/v2\/product_brand?post=9696"},{"taxonomy":"product_cat","embeddable":true,"href":"https:\/\/boreait.com\/hu\/wp-json\/wp\/v2\/product_cat?post=9696"},{"taxonomy":"product_tag","embeddable":true,"href":"https:\/\/boreait.com\/hu\/wp-json\/wp\/v2\/product_tag?post=9696"}],"curies":[{"name":"wp","href":"https:\/\/api.w.org\/{rel}","templated":true}]}}