{"id":9693,"date":"2025-09-17T12:40:23","date_gmt":"2025-09-17T10:40:23","guid":{"rendered":"https:\/\/boreait.com\/hu\/?post_type=product&#038;p=9693"},"modified":"2026-02-06T12:45:59","modified_gmt":"2026-02-06T11:45:59","slug":"lenovo-thinkpad-l530-alaplap-48-4sf09-011-eredeti-cserealkatresz","status":"publish","type":"product","link":"https:\/\/boreait.com\/hu\/termek\/lenovo-thinkpad-l530-alaplap-48-4sf09-011-eredeti-cserealkatresz\/","title":{"rendered":"Lenovo Thinkpad L530 alaplap 48.4SF09.011 \u2013 Eredeti cserealkatr\u00e9sz"},"content":{"rendered":"<p>Lenovo Thinkpad L530 alaplap (48.4SF09.011)<\/p>\n<p>A 48.4SF09.011 cikksz\u00e1m\u00fa eredeti alaplappal \u00e1ll\u00edtsa vissza Lenovo Thinkpad L530 teljes funkcionalit\u00e1s\u00e1t. Ez az alaplap ide\u00e1lis hib\u00e1san m\u0171k\u00f6d\u0151 vagy s\u00e9r\u00fclt alaplap cser\u00e9j\u00e9hez, \u00edgy biztos\u00edtva a laptop megb\u00edzhat\u00f3 m\u0171k\u00f6d\u00e9s\u00e9t.<\/p>\n<p>**A term\u00e9k jellemz\u0151i:**<\/p>\n<p>&#8211; **Kompatibilit\u00e1s:** Kifejezetten a Lenovo Thinkpad L530 modellhez tervezt\u00e9k.<\/p>\n<p>&#8211; **Alkatr\u00e9szsz\u00e1m:** 48.4SF09.011, amely biztos\u00edtja a pontos illeszked\u00e9st \u00e9s kompatibilit\u00e1st.<\/p>\n<p>&#8211; **M\u0171k\u00f6d\u00e9s:** Kicser\u00e9li a hib\u00e1s vagy s\u00e9r\u00fclt alaplapokat, vissza\u00e1ll\u00edtva a teljes teljes\u00edtm\u00e9nyt.<\/p>\n<p>&#8211; **\u00c1llapot:** Val\u00f3di f\u00e9nyk\u00e9peket adunk a t\u00e1bl\u00e1r\u00f3l, amelyek a kapott alkatr\u00e9sz t\u00e9nyleges \u00e1llapot\u00e1t mutatj\u00e1k.<\/p>\n<p>**Mi\u00e9rt v\u00e1lassza ezt az alaplapot?**<\/p>\n<p>&#8211; **Megb\u00edzhat\u00f3s\u00e1g:** Ide\u00e1lis a Lenovo Thinkpad L530 jav\u00edt\u00e1s\u00e1hoz vagy friss\u00edt\u00e9s\u00e9hez, biztos\u00edtva a megb\u00edzhat\u00f3 teljes\u00edtm\u00e9nyt.<\/p>\n<p>&#8211; **K\u00f6zvetlen csere:** Egyszer\u0171 telep\u00edt\u00e9s, m\u00f3dos\u00edt\u00e1sok n\u00e9lk\u00fcl.<\/p>\n<p>&#8211; **Glob\u00e1lis sz\u00e1ll\u00edt\u00e1s:** Az \u00fcgyfelek sz\u00e1m\u00e1ra vil\u00e1gszerte el\u00e9rhet\u0151, az eur\u00f3pai piacokra \u00f6sszpontos\u00edtva.<\/p>\n<p>K\u00e9rj\u00fck, vegye figyelembe, hogy a telep\u00edt\u00e9si utas\u00edt\u00e1sokat nem tartalmazza. Ha seg\u00edts\u00e9gre van sz\u00fcks\u00e9ge a telep\u00edt\u00e9si folyamatban, forduljon hozz\u00e1nk bizalommal.<\/p>\n<p>**Fontos:** A list\u00e1ban szerepl\u0151 f\u00e9nyk\u00e9pek pontosan azt az alaplapot mutatj\u00e1k, amelyet \u00d6n kap. Minden egys\u00e9get gondosan ellen\u0151riznek, hogy megbizonyosodjanak arr\u00f3l, hogy megfelelnek min\u0151s\u00e9gi szabv\u00e1nyainknak.<\/p>\n","protected":false},"excerpt":{"rendered":"<p>Lenovo Thinkpad L530 alaplap (48.4SF09.011) \u2013 Eredeti cserealkatr\u00e9sz. Gy\u0151z\u0151dj\u00f6n meg arr\u00f3l, hogy Lenovo Thinkpad L530 z\u00f6kken\u0151mentesen m\u0171k\u00f6dik ezzel a megb\u00edzhat\u00f3 alaplappal, amely t\u00f6k\u00e9letes a hib\u00e1s vagy s\u00e9r\u00fclt alaplap cser\u00e9j\u00e9hez.<\/p>\n","protected":false},"featured_media":9747,"template":"","meta":[],"product_brand":[],"product_cat":[27],"product_tag":[26],"class_list":{"0":"post-9693","1":"product","2":"type-product","3":"status-publish","4":"has-post-thumbnail","6":"product_cat-motherboards-board-parts","7":"product_tag-lenovo","9":"first","10":"instock","11":"taxable","12":"shipping-taxable","13":"purchasable","14":"product-type-simple"},"_links":{"self":[{"href":"https:\/\/boreait.com\/hu\/wp-json\/wp\/v2\/product\/9693","targetHints":{"allow":["GET"]}}],"collection":[{"href":"https:\/\/boreait.com\/hu\/wp-json\/wp\/v2\/product"}],"about":[{"href":"https:\/\/boreait.com\/hu\/wp-json\/wp\/v2\/types\/product"}],"wp:featuredmedia":[{"embeddable":true,"href":"https:\/\/boreait.com\/hu\/wp-json\/wp\/v2\/media\/9747"}],"wp:attachment":[{"href":"https:\/\/boreait.com\/hu\/wp-json\/wp\/v2\/media?parent=9693"}],"wp:term":[{"taxonomy":"product_brand","embeddable":true,"href":"https:\/\/boreait.com\/hu\/wp-json\/wp\/v2\/product_brand?post=9693"},{"taxonomy":"product_cat","embeddable":true,"href":"https:\/\/boreait.com\/hu\/wp-json\/wp\/v2\/product_cat?post=9693"},{"taxonomy":"product_tag","embeddable":true,"href":"https:\/\/boreait.com\/hu\/wp-json\/wp\/v2\/product_tag?post=9693"}],"curies":[{"name":"wp","href":"https:\/\/api.w.org\/{rel}","templated":true}]}}