{"id":9686,"date":"2025-09-17T12:40:22","date_gmt":"2025-09-17T10:40:22","guid":{"rendered":"https:\/\/boreait.com\/hu\/?post_type=product&#038;p=9686"},"modified":"2026-02-06T12:44:09","modified_gmt":"2026-02-06T11:44:09","slug":"lenovo-thinkpad-l530-alaplappantok-eredeti-cserealkatreszek","status":"publish","type":"product","link":"https:\/\/boreait.com\/hu\/termek\/lenovo-thinkpad-l530-alaplappantok-eredeti-cserealkatreszek\/","title":{"rendered":"Lenovo ThinkPad L530 alaplapp\u00e1ntok \u2013 Eredeti cserealkatr\u00e9szek"},"content":{"rendered":"<p>Alaplapi zsan\u00e9rok Lenovo ThinkPad L530-hoz<\/p>\n<p>A Lenovo ThinkPad L530 teljesen m\u0171k\u00f6d\u0151k\u00e9pes maradhat ezzel az eredeti alaplapi zsan\u00e9rk\u00e9szlettel. A kopott vagy s\u00e9r\u00fclt zsan\u00e9rok cser\u00e9j\u00e9re tervezett alkatr\u00e9szek biztos\u00edtj\u00e1k, hogy laptopja k\u00e9perny\u0151je biztons\u00e1gosan a hely\u00e9n maradjon, meg\u0151rizve stabilit\u00e1s\u00e1t \u00e9s haszn\u00e1lhat\u00f3s\u00e1g\u00e1t.<\/p>\n<p>**A term\u00e9k jellemz\u0151i:**<\/p>\n<p>&#8211; **Kompatibilit\u00e1s:** Kifejezetten a Lenovo ThinkPad L530 laptopmodellhez tervezve.<\/p>\n<p>&#8211; **Funkcion\u00e1lis:** Kicser\u00e9li a kopott vagy hib\u00e1san m\u0171k\u00f6d\u0151 zsan\u00e9rokat, hogy helyre\u00e1ll\u00edtsa laptopja szerkezeti integrit\u00e1s\u00e1t.<\/p>\n<p>&#8211; **Min\u0151s\u00e9g:** Eredeti cserealkatr\u00e9szek az \u00e1lland\u00f3 \u00e9s megb\u00edzhat\u00f3 teljes\u00edtm\u00e9ny \u00e9rdek\u00e9ben.<\/p>\n<p>&#8211; **\u00c1llapot:** A list\u00e1ban szerepl\u0151 fot\u00f3k a t\u00e9nyleges zsan\u00e9rokat mutatj\u00e1k, amelyek aktu\u00e1lis \u00e1llapotukat t\u00fckr\u00f6zik.<\/p>\n<p>**Mi\u00e9rt v\u00e1lassza ezeket az alaplapp\u00e1ntokat?**<\/p>\n<p>&#8211; **Tov\u00e1bbi tart\u00f3ss\u00e1g:** Ide\u00e1lis megold\u00e1s a meglazult vagy t\u00f6r\u00f6tt zsan\u00e9rokkal kapcsolatos probl\u00e9m\u00e1k megold\u00e1s\u00e1ra, \u00edgy biztos\u00edtva, hogy a k\u00e9perny\u0151 a hely\u00e9n maradjon.<\/p>\n<p>&#8211; **K\u00f6zvetlen csere:** K\u00f6nnyen telep\u00edthet\u0151, nincs sz\u00fcks\u00e9g tov\u00e1bbi m\u00f3dos\u00edt\u00e1sokra.<\/p>\n<p>&#8211; **El\u00e9rhet\u0151s\u00e9g az eg\u00e9sz vil\u00e1gon:** El\u00e9rhet\u0151 glob\u00e1lis sz\u00e1ll\u00edt\u00e1sra, az eur\u00f3pai piacokra \u00f6sszpontos\u00edtva.<\/p>\n<p>K\u00e9rj\u00fck, vegye figyelembe, hogy a telep\u00edt\u00e9si utas\u00edt\u00e1sokat nem tartalmazza. Ha tov\u00e1bbi seg\u00edts\u00e9gre van sz\u00fcks\u00e9ge a telep\u00edt\u00e9shez, forduljon hozz\u00e1nk bizalommal. \u00dcgyf\u00e9lszolg\u00e1lati csapatunk k\u00e9szen \u00e1ll a seg\u00edts\u00e9g\u00e9re b\u00e1rmilyen k\u00e9rd\u00e9s vagy agg\u00e1ly eset\u00e9n.<\/p>\n<p>**Fontos:** Az ezen a list\u00e1n szerepl\u0151 k\u00e9pek pontosan az \u00d6n \u00e1ltal kapott zsan\u00e9rokr\u00f3l k\u00e9sz\u00fcltek. Minden zsan\u00e9rt gondosan ellen\u0151riznek a min\u0151s\u00e9g \u00e9s az el\u00e9gedetts\u00e9g \u00e9rdek\u00e9ben.<\/p>\n","protected":false},"excerpt":{"rendered":"<p>Alaplapi zsan\u00e9rok Lenovo ThinkPad L530-hoz \u2013 Eredeti cserealkatr\u00e9szek. Biztos\u00edtsa laptopja stabilit\u00e1s\u00e1t ezekkel a megb\u00edzhat\u00f3 zsan\u00e9rokkal, amelyek t\u00f6k\u00e9letesek a kopott vagy s\u00e9r\u00fclt alkatr\u00e9szek cser\u00e9j\u00e9hez.<\/p>\n","protected":false},"featured_media":9732,"template":"","meta":[],"product_brand":[],"product_cat":[19],"product_tag":[26],"class_list":{"0":"post-9686","1":"product","2":"type-product","3":"status-publish","4":"has-post-thumbnail","6":"product_cat-screen-hinge","7":"product_tag-lenovo","9":"first","10":"instock","11":"taxable","12":"shipping-taxable","13":"purchasable","14":"product-type-simple"},"_links":{"self":[{"href":"https:\/\/boreait.com\/hu\/wp-json\/wp\/v2\/product\/9686","targetHints":{"allow":["GET"]}}],"collection":[{"href":"https:\/\/boreait.com\/hu\/wp-json\/wp\/v2\/product"}],"about":[{"href":"https:\/\/boreait.com\/hu\/wp-json\/wp\/v2\/types\/product"}],"wp:featuredmedia":[{"embeddable":true,"href":"https:\/\/boreait.com\/hu\/wp-json\/wp\/v2\/media\/9732"}],"wp:attachment":[{"href":"https:\/\/boreait.com\/hu\/wp-json\/wp\/v2\/media?parent=9686"}],"wp:term":[{"taxonomy":"product_brand","embeddable":true,"href":"https:\/\/boreait.com\/hu\/wp-json\/wp\/v2\/product_brand?post=9686"},{"taxonomy":"product_cat","embeddable":true,"href":"https:\/\/boreait.com\/hu\/wp-json\/wp\/v2\/product_cat?post=9686"},{"taxonomy":"product_tag","embeddable":true,"href":"https:\/\/boreait.com\/hu\/wp-json\/wp\/v2\/product_tag?post=9686"}],"curies":[{"name":"wp","href":"https:\/\/api.w.org\/{rel}","templated":true}]}}