{"id":9666,"date":"2025-09-17T12:39:54","date_gmt":"2025-09-17T10:39:54","guid":{"rendered":"https:\/\/boreait.com\/hu\/?post_type=product&#038;p=9666"},"modified":"2025-09-17T12:40:03","modified_gmt":"2025-09-17T10:40:03","slug":"14-es-fhd-ips-nv140fhm-n65-laptop-kepernyo-matt-30-tus-edp-uj-konzolok-nelkul","status":"publish","type":"product","link":"https:\/\/boreait.com\/hu\/termek\/14-es-fhd-ips-nv140fhm-n65-laptop-kepernyo-matt-30-tus-edp-uj-konzolok-nelkul\/","title":{"rendered":"14&#8243;-es FHD IPS NV140FHM-N65 laptop k\u00e9perny\u0151, matt, 30 t\u0171s eDP, \u00faj, konzolok n\u00e9lk\u00fcl"},"content":{"rendered":"<p><strong>T\u00e9nyleges k\u00e9perny\u0151modell: B140HAN04.D \/ B140HAN07.1 \/ NV140FHM-N4T V8.2 \/ N140HCA-EEK \u2013 teljes m\u00e9rt\u00e9kben kompatibilis a k\u00f6vetkez\u0151vel: <span data-sheets-root=\"1\">NV140FHM-N65<\/span><\/strong><\/p>\n<p>Az NV140FHM-N65 egy pr\u00e9mium 14 h\u00fcvelykes Full HD (1920&#215;1080) IPS laptopk\u00e9perny\u0151, amelyet arra terveztek, hogy \u00e9les, tiszta k\u00e9pekkel \u00e9s \u00e9l\u00e9nk sz\u00ednekkel fokozza a sz\u00e1m\u00edt\u00e1stechnikai \u00e9lm\u00e9nyt. Ez a kiv\u00e1l\u00f3 min\u0151s\u00e9g\u0171 kijelz\u0151 30 t\u0171s eDP-csatlakoz\u00f3val rendelkezik, amely sokf\u00e9le laptoppal kompatibilis. A matt fel\u00fclet cs\u00f6kkenti a t\u00fckr\u00f6z\u0151d\u00e9st, k\u00e9nyelmes megtekint\u00e9st biztos\u00edt k\u00fcl\u00f6nf\u00e9le f\u00e9nyviszonyok k\u00f6z\u00f6tt, \u00edgy ide\u00e1lis hosszabb ideig tart\u00f3 haszn\u00e1latra, ak\u00e1r dolgozik, tanul, ak\u00e1r multim\u00e9di\u00e1s tartalmakat \u00e9lvez.<\/p>\n<p>Ez a k\u00e9perny\u0151 vadonat\u00faj \u00e9s t\u00f6k\u00e9letes \u00e1llapotban van, kiv\u00e1l\u00f3 helyettes\u00edt\u0151je r\u00e9gi vagy s\u00e9r\u00fclt laptop k\u00e9perny\u0151j\u00e9nek. Nem tartalmaz fels\u0151 \u00e9s als\u00f3 tart\u00f3konzolt, ami lehet\u0151v\u00e9 teszi az \u00e1ramvonalas, konzol n\u00e9lk\u00fcli telep\u00edt\u00e9st. A folyamat megk\u00f6nny\u00edt\u00e9se \u00e9rdek\u00e9ben \u00f6ntapad\u00f3 cs\u00edkokat mell\u00e9kelt\u00fcnk, amelyek biztos\u00edtj\u00e1k a biztons\u00e1gos \u00e9s probl\u00e9mamentes illeszked\u00e9st.<\/p>\n<p>Ak\u00e1r professzion\u00e1lis, aki kiv\u00e1l\u00f3 k\u00e9perny\u0151teljes\u00edtm\u00e9nyt keres, vagy egy h\u00e9tk\u00f6znapi felhaszn\u00e1l\u00f3, aki megb\u00edzhat\u00f3 cser\u00e9re szorul, az NV140FHM-N65 kiv\u00e9teles \u00e9rt\u00e9ket \u00e9s min\u0151s\u00e9get k\u00edn\u00e1l.<\/p>\n","protected":false},"excerpt":{"rendered":"<p>Friss\u00edtse laptopja kijelz\u0151j\u00e9t az NV140FHM-N65-tel, egy 14 h\u00fcvelykes FHD IPS-k\u00e9perny\u0151vel, 30 t\u0171s eDP-csatlakoz\u00f3val \u00e9s matt fel\u00fclettel a csillap\u00edt\u00e1s cs\u00f6kkent\u00e9se \u00e9rdek\u00e9ben. Ez a vadonat\u00faj panel leny\u0171g\u00f6z\u0151 l\u00e1tv\u00e1nyt ny\u00fajt \u00e9l\u00e9nk sz\u00ednekkel \u00e9s \u00e9les r\u00e9szletekkel, \u00edgy t\u00f6k\u00e9letes mind a munk\u00e1hoz, mind a sz\u00f3rakoz\u00e1shoz. Megjegyz\u00e9s: Ez a k\u00e9perny\u0151 nem tartalmaz fels\u0151 \u00e9s als\u00f3 cs\u00edkot az egyszer\u0171 telep\u00edt\u00e9shez.<\/p>\n","protected":false},"featured_media":7864,"template":"","meta":[],"product_brand":[],"product_cat":[74,71],"product_tag":[],"class_list":{"0":"post-9666","1":"product","2":"type-product","3":"status-publish","4":"has-post-thumbnail","6":"product_cat-14-new-laptop-screens-lcd-panels","7":"product_cat-new-laptop-screens-lcd-panels","9":"first","10":"instock","11":"taxable","12":"shipping-taxable","13":"purchasable","14":"product-type-simple"},"_links":{"self":[{"href":"https:\/\/boreait.com\/hu\/wp-json\/wp\/v2\/product\/9666","targetHints":{"allow":["GET"]}}],"collection":[{"href":"https:\/\/boreait.com\/hu\/wp-json\/wp\/v2\/product"}],"about":[{"href":"https:\/\/boreait.com\/hu\/wp-json\/wp\/v2\/types\/product"}],"wp:featuredmedia":[{"embeddable":true,"href":"https:\/\/boreait.com\/hu\/wp-json\/wp\/v2\/media\/7864"}],"wp:attachment":[{"href":"https:\/\/boreait.com\/hu\/wp-json\/wp\/v2\/media?parent=9666"}],"wp:term":[{"taxonomy":"product_brand","embeddable":true,"href":"https:\/\/boreait.com\/hu\/wp-json\/wp\/v2\/product_brand?post=9666"},{"taxonomy":"product_cat","embeddable":true,"href":"https:\/\/boreait.com\/hu\/wp-json\/wp\/v2\/product_cat?post=9666"},{"taxonomy":"product_tag","embeddable":true,"href":"https:\/\/boreait.com\/hu\/wp-json\/wp\/v2\/product_tag?post=9666"}],"curies":[{"name":"wp","href":"https:\/\/api.w.org\/{rel}","templated":true}]}}