{"id":9664,"date":"2025-09-17T12:39:54","date_gmt":"2025-09-17T10:39:54","guid":{"rendered":"https:\/\/boreait.com\/hu\/?post_type=product&#038;p=9664"},"modified":"2025-09-17T12:40:02","modified_gmt":"2025-09-17T10:40:02","slug":"14-fhd-ips-matt-laptop-kepernyo-b140han04-d-30-tus-edp-uj-ontapado-csikokkal","status":"publish","type":"product","link":"https:\/\/boreait.com\/hu\/termek\/14-fhd-ips-matt-laptop-kepernyo-b140han04-d-30-tus-edp-uj-ontapado-csikokkal\/","title":{"rendered":"14&#8243; FHD IPS matt laptop k\u00e9perny\u0151 B140HAN04.D, 30 t\u0171s eDP, \u00faj \u00f6ntapad\u00f3 cs\u00edkokkal"},"content":{"rendered":"<p><strong>T\u00e9nyleges k\u00e9perny\u0151modell: <span data-sheets-root=\"1\">B140HAN04.<\/span>D \/ B140HA07.1 \/NV140FHM-N4T V8.2 \/ N140HCA-EEK <\/strong><\/p>\n<p>Fokozza laptopja kijelz\u0151j\u00e9t a B140HAN04.D 14 h\u00fcvelykes Full HD IPS matt k\u00e9perny\u0151vel, amelyet \u00fagy terveztek, hogy kiv\u00e1l\u00f3 tisztas\u00e1got \u00e9s \u00e9l\u00e9nk sz\u00edneket biztos\u00edtson. Ez a cserek\u00e9perny\u0151 t\u00f6k\u00e9letes azoknak a felhaszn\u00e1l\u00f3knak, akik laptopjuk kijelz\u0151j\u00e9t szeretn\u00e9k friss\u00edteni, vagy kicser\u00e9lni egy s\u00e9r\u00fcltet. Az 1920&#215;1080-as felbont\u00e1snak k\u00f6sz\u00f6nhet\u0151en \u00e9les l\u00e1tv\u00e1nyt biztos\u00edt, m\u00edg az IPS technol\u00f3gia minden sz\u00ednsz\u00f6gb\u0151l egys\u00e9ges k\u00e9pet \u00e9s tisztas\u00e1got biztos\u00edt.<\/p>\n<p>A k\u00e9perny\u0151 30 t\u0171s eDP-csatlakoz\u00f3val rendelkezik, amely biztos\u00edtja a kompatibilit\u00e1st a laptopok sz\u00e9les v\u00e1laszt\u00e9k\u00e1val. Horgok n\u00e9lk\u00fcl \u00e9rkezik, de \u00f6ntapad\u00f3 cs\u00edkokat tartalmaz, \u00edgy a telep\u00edt\u00e9si folyamat egyszer\u0171 \u00e9s probl\u00e9mamentes. Legyen \u00d6n profi, di\u00e1k vagy alkalmi felhaszn\u00e1l\u00f3, ez a k\u00e9perny\u0151 a teljes\u00edtm\u00e9ny \u00e9s a megb\u00edzhat\u00f3s\u00e1g t\u00f6k\u00e9letes kever\u00e9k\u00e9t k\u00edn\u00e1lja.<\/p>\n<p><strong>F\u0151bb jellemz\u0151k:<\/strong><\/p>\n<ul>\n<li>14 h\u00fcvelykes Full HD (1920&#215;1080) IPS kijelz\u0151<\/li>\n<li>Matt fel\u00fclet a t\u00fckr\u00f6z\u0151d\u00e9s \u00e9s a t\u00fckr\u00f6z\u0151d\u00e9s cs\u00f6kkent\u00e9se \u00e9rdek\u00e9ben<\/li>\n<li>30 t\u0171s eDP-csatlakoz\u00f3 a sz\u00e9les k\u00f6r\u0171 kompatibilit\u00e1s \u00e9rdek\u00e9ben<\/li>\n<li>\u00d6ntapad\u00f3 cs\u00edkok mell\u00e9kelve az egyszer\u0171 telep\u00edt\u00e9s \u00e9rdek\u00e9ben<\/li>\n<li>\u00daj \u00e1llapot\u00fa, kiv\u00e1l\u00f3 min\u0151s\u00e9g\u0171 cserealkatr\u00e9sz<\/li>\n<\/ul>\n<p>T\u00f6k\u00e9letes mindazoknak, akiknek tart\u00f3s \u00e9s nagy teljes\u00edtm\u00e9ny\u0171 k\u00e9perny\u0151cser\u00e9re van sz\u00fcks\u00e9g\u00fck. A B140HAN04.D ide\u00e1lis v\u00e1laszt\u00e1s laptopja kijelz\u0151j\u00e9nek friss\u00edt\u00e9s\u00e9hez.<\/p>\n","protected":false},"excerpt":{"rendered":"<p>B\u0151v\u00edtse laptopj\u00e1nak kijelz\u0151j\u00e9t a B140HAN04.D 14&#8243; FHD IPS matt k\u00e9perny\u0151vel. Ez a kiv\u00e1l\u00f3 min\u0151s\u00e9g\u0171, vadonat\u00faj cserek\u00e9perny\u0151 30 t\u0171s eDP-csatlakoz\u00f3val rendelkezik, amely \u00e9les k\u00e9pet \u00e9s sz\u00e9les betekint\u00e9si sz\u00f6get biztos\u00edt. A k\u00e9perny\u0151t horgok n\u00e9lk\u00fcl sz\u00e1ll\u00edtjuk, \u00e9s \u00f6ntapad\u00f3 cs\u00edkokat is mell\u00e9kel\u00fcnk az egyszer\u0171 telep\u00edt\u00e9s \u00e9rdek\u00e9ben.<\/p>\n","protected":false},"featured_media":7864,"template":"","meta":[],"product_brand":[],"product_cat":[74,71],"product_tag":[],"class_list":{"0":"post-9664","1":"product","2":"type-product","3":"status-publish","4":"has-post-thumbnail","6":"product_cat-14-new-laptop-screens-lcd-panels","7":"product_cat-new-laptop-screens-lcd-panels","9":"first","10":"instock","11":"taxable","12":"shipping-taxable","13":"purchasable","14":"product-type-simple"},"_links":{"self":[{"href":"https:\/\/boreait.com\/hu\/wp-json\/wp\/v2\/product\/9664","targetHints":{"allow":["GET"]}}],"collection":[{"href":"https:\/\/boreait.com\/hu\/wp-json\/wp\/v2\/product"}],"about":[{"href":"https:\/\/boreait.com\/hu\/wp-json\/wp\/v2\/types\/product"}],"wp:featuredmedia":[{"embeddable":true,"href":"https:\/\/boreait.com\/hu\/wp-json\/wp\/v2\/media\/7864"}],"wp:attachment":[{"href":"https:\/\/boreait.com\/hu\/wp-json\/wp\/v2\/media?parent=9664"}],"wp:term":[{"taxonomy":"product_brand","embeddable":true,"href":"https:\/\/boreait.com\/hu\/wp-json\/wp\/v2\/product_brand?post=9664"},{"taxonomy":"product_cat","embeddable":true,"href":"https:\/\/boreait.com\/hu\/wp-json\/wp\/v2\/product_cat?post=9664"},{"taxonomy":"product_tag","embeddable":true,"href":"https:\/\/boreait.com\/hu\/wp-json\/wp\/v2\/product_tag?post=9664"}],"curies":[{"name":"wp","href":"https:\/\/api.w.org\/{rel}","templated":true}]}}