{"id":9661,"date":"2025-09-17T12:39:53","date_gmt":"2025-09-17T10:39:53","guid":{"rendered":"https:\/\/boreait.com\/hu\/?post_type=product&#038;p=9661"},"modified":"2025-09-17T12:40:00","modified_gmt":"2025-09-17T10:40:00","slug":"uj-14-fhd-ips-matt-lcd-kepernyo-lenovo-thinkpad-t440s-t440p-30-tus-edp-hez","status":"publish","type":"product","link":"https:\/\/boreait.com\/hu\/termek\/uj-14-fhd-ips-matt-lcd-kepernyo-lenovo-thinkpad-t440s-t440p-30-tus-edp-hez\/","title":{"rendered":"\u00daj 14&#8243; FHD IPS matt LCD k\u00e9perny\u0151 Lenovo ThinkPad T440s T440p, 30 t\u0171s eDP-hez"},"content":{"rendered":"<p><strong>T\u00e9nyleges k\u00e9perny\u0151modell: LP140WF8-SPFA \/ B140HAN01.1\/ B140HAN04.0\/ NV140FHM-N46 tart\u00f3kkal \u2013 Teljesen kompatibilis a laptopokkal <span data-sheets-root=\"1\">Lenovo ThinkPad T440p<\/strong> \u00e9s T4\/40p><\/p>\n<p>N\u00f6velje Lenovo ThinkPad T440s vagy T440p kijelz\u0151j\u00e9nek min\u0151s\u00e9g\u00e9t ezzel a pr\u00e9mium 14 h\u00fcvelykes Full HD (FHD) IPS LCD-k\u00e9perny\u0151vel. A kifejezetten ezekhez a modellekhez tervezett cserek\u00e9perny\u0151 leny\u0171g\u00f6z\u0151 1920&#215;1080-as felbont\u00e1ssal b\u00fcszk\u00e9lkedhet, \u00e9l\u00e9nk sz\u00edneket \u00e9s krist\u00e1lytiszta l\u00e1tv\u00e1nyt biztos\u00edtva. Az IPS accura technol\u00f3gia biztos\u00edtja a t\u00f6k\u00e9letes m\u0171k\u00f6d\u00e9st \u00e9s a sz\u00e9les sz\u00ednez\u00e9si sz\u00f6get. sz\u00f3rakoztat\u00e1s.<\/p>\n<p>Ez a k\u00e9perny\u0151 matt fel\u00fclettel rendelkezik, cs\u00f6kkenti a t\u00fckr\u00f6z\u0151d\u00e9st \u00e9s a t\u00fckr\u00f6z\u0151d\u00e9st, amely ide\u00e1lis vil\u00e1gos k\u00f6rnyezetben vagy hossz\u00fa \u00f3r\u00e1kon \u00e1t tart\u00f3 munk\u00e1hoz. A 30 t\u0171s eDP csatlakoz\u00f3 z\u00f6kken\u0151mentes kompatibilit\u00e1st garant\u00e1l az eszk\u00f6zzel, egyszer\u0171 telep\u00edt\u00e9st \u00e9s megb\u00edzhat\u00f3 teljes\u00edtm\u00e9nyt biztos\u00edtva.<\/p>\n<p>Ak\u00e1r repedt k\u00e9perny\u0151vel van dolgod, ak\u00e1r egyszer\u0171en csak friss\u00edteni szeretn\u00e9d laptopod kijelz\u0151j\u00e9t, ez a vadonat\u00faj, kiv\u00e1l\u00f3 min\u0151s\u00e9g\u0171 cserek\u00e9perny\u0151 a t\u00f6k\u00e9letes v\u00e1laszt\u00e1s. Ezzel a tart\u00f3s \u00e9s megb\u00edzhat\u00f3 k\u00e9perny\u0151vel \u00e1ll\u00edtsa vissza Lenovo ThinkPad T440s vagy T440p eredeti vizu\u00e1lis kiv\u00e1l\u00f3s\u00e1g\u00e1t.<\/p>\n","protected":false},"excerpt":{"rendered":"<p>Friss\u00edtse Lenovo ThinkPad T440s vagy T440p k\u00e9sz\u00fcl\u00e9k\u00e9t ezzel a vadonat\u00faj 14&#8243;-es FHD IPS LCD-k\u00e9perny\u0151vel. A matt fel\u00fclettel \u00e9s 30 t\u0171s eDP-csatlakoz\u00f3val rendelkez\u0151, kiv\u00e1l\u00f3 min\u0151s\u00e9g\u0171 cserek\u00e9perny\u0151 \u00e9les k\u00e9pet \u00e9s t\u00fckr\u00f6z\u0151d\u00e9smentes \u00e9lm\u00e9nyt biztos\u00edt. T\u00f6k\u00e9letes laptopja megjelen\u00edt\u00e9si min\u0151s\u00e9g\u00e9nek helyre\u00e1ll\u00edt\u00e1s\u00e1hoz, ide\u00e1lis megold\u00e1s a megrepedt vagy meghib\u00e1sodott k\u00e9perny\u0151kre.<\/p>\n","protected":false},"featured_media":9654,"template":"","meta":[],"product_brand":[],"product_cat":[74,71],"product_tag":[26],"class_list":{"0":"post-9661","1":"product","2":"type-product","3":"status-publish","4":"has-post-thumbnail","6":"product_cat-14-new-laptop-screens-lcd-panels","7":"product_cat-new-laptop-screens-lcd-panels","8":"product_tag-lenovo","10":"first","11":"instock","12":"taxable","13":"shipping-taxable","14":"purchasable","15":"product-type-simple"},"_links":{"self":[{"href":"https:\/\/boreait.com\/hu\/wp-json\/wp\/v2\/product\/9661","targetHints":{"allow":["GET"]}}],"collection":[{"href":"https:\/\/boreait.com\/hu\/wp-json\/wp\/v2\/product"}],"about":[{"href":"https:\/\/boreait.com\/hu\/wp-json\/wp\/v2\/types\/product"}],"wp:featuredmedia":[{"embeddable":true,"href":"https:\/\/boreait.com\/hu\/wp-json\/wp\/v2\/media\/9654"}],"wp:attachment":[{"href":"https:\/\/boreait.com\/hu\/wp-json\/wp\/v2\/media?parent=9661"}],"wp:term":[{"taxonomy":"product_brand","embeddable":true,"href":"https:\/\/boreait.com\/hu\/wp-json\/wp\/v2\/product_brand?post=9661"},{"taxonomy":"product_cat","embeddable":true,"href":"https:\/\/boreait.com\/hu\/wp-json\/wp\/v2\/product_cat?post=9661"},{"taxonomy":"product_tag","embeddable":true,"href":"https:\/\/boreait.com\/hu\/wp-json\/wp\/v2\/product_tag?post=9661"}],"curies":[{"name":"wp","href":"https:\/\/api.w.org\/{rel}","templated":true}]}}