{"id":9660,"date":"2025-09-17T12:39:53","date_gmt":"2025-09-17T10:39:53","guid":{"rendered":"https:\/\/boreait.com\/hu\/?post_type=product&#038;p=9660"},"modified":"2025-09-17T12:40:00","modified_gmt":"2025-09-17T10:40:00","slug":"hp-chromebook-14-db-14-huvelykes-fhd-ips-matt-lcd-kepernyo-30-tus-edp-csatlakozo-uj","status":"publish","type":"product","link":"https:\/\/boreait.com\/hu\/termek\/hp-chromebook-14-db-14-huvelykes-fhd-ips-matt-lcd-kepernyo-30-tus-edp-csatlakozo-uj\/","title":{"rendered":"HP Chromebook 14 db 14 h\u00fcvelykes FHD IPS matt LCD k\u00e9perny\u0151 30 t\u0171s eDp csatlakoz\u00f3 \u00daj"},"content":{"rendered":"<p><strong>T\u00e9nyleges k\u00e9perny\u0151modell: LP140WF8-SPFA \/ B140HAN01.1\/ B140HAN04.0\/ NV140FHM-N46 konzolokkal \u2013 Teljesen kompatibilis a HP Chromebook 14-db sorozattal<\/strong><\/p>\n<p>Fokozza a megtekint\u00e9si \u00e9lm\u00e9nyt cs\u00facsmin\u0151s\u00e9g\u0171, 14 h\u00fcvelykes LCD-k\u00e9perny\u0151nkkel, amelyet kifejezetten a HP Chromebook 14 db-os sorozathoz tervezt\u00fcnk. Ez a Full HD (FHD) IPS-kijelz\u0151 leny\u0171g\u00f6z\u0151 tisztas\u00e1got \u00e9s \u00e9l\u00e9nk sz\u00edneket k\u00edn\u00e1l, \u00edgy minden k\u00e9p \u00e9s vide\u00f3 \u00e9les \u00e9s \u00e9leth\u0171 megjelen\u00e9st biztos\u00edt. A matt fel\u00fclet nemcsak eleg\u00e1ns, professzion\u00e1lis megjelen\u00e9st biztos\u00edt, hanem jelent\u0151sen cs\u00f6kkenti a k\u00fcl\u00f6nf\u00e9le f\u00e9nyviszonyokat is, \u00edgy ide\u00e1lis a t\u00fckr\u00f6z\u0151d\u00e9shez.<\/p>\n<p>A 30 t\u0171s eDp csatlakoz\u00f3val ezt a k\u00e9perny\u0151t az egyszer\u0171 telep\u00edt\u00e9sre tervezt\u00e9k, \u00edgy kompatibilis az eszk\u00f6zzel an\u00e9lk\u00fcl, hogy bonyolult be\u00e1ll\u00edt\u00e1si elj\u00e1r\u00e1sokra lenne sz\u00fcks\u00e9g. Ak\u00e1r s\u00e9r\u00fclt k\u00e9perny\u0151t cser\u00e9l, ak\u00e1r Chromebookja kijelz\u0151j\u00e9t friss\u00edti, ez a vadonat\u00faj laptopk\u00e9perny\u0151 az elv\u00e1rt teljes\u00edtm\u00e9nyt \u00e9s megb\u00edzhat\u00f3s\u00e1got ny\u00fajtja. Adjon \u00faj \u00e9letet HP Chromebook 14 db-os sorozat\u00e1nak ezzel a kiv\u00e1l\u00f3 min\u0151s\u00e9g\u0171 k\u00e9perny\u0151cser\u00e9vel.<\/p>\n","protected":false},"excerpt":{"rendered":"<p>Friss\u00edtse HP Chromebook 14 db-os sorozat\u00e1t ezzel a pr\u00e9mium 14&#8243;-es FHD IPS LCD-k\u00e9perny\u0151vel. \u00c9lvezze a krist\u00e1lytiszta l\u00e1tv\u00e1nyt a matt fel\u00fclettel, amely cs\u00f6kkenti a t\u00fckr\u00f6z\u0151d\u00e9st. A 30 t\u0171s eDp-csatlakoz\u00f3 z\u00f6kken\u0151mentes csatlakoz\u00e1st biztos\u00edt, \u00edgy a telep\u00edt\u00e9s gyors \u00e9s probl\u00e9mamentes. Ez a vadonat\u00faj laptopk\u00e9perny\u0151 t\u00f6k\u00e9letes csere eszk\u00f6ze megjelen\u00edt\u00e9si min\u0151s\u00e9g\u00e9nek helyre\u00e1ll\u00edt\u00e1s\u00e1hoz.<\/p>\n","protected":false},"featured_media":9654,"template":"","meta":[],"product_brand":[],"product_cat":[74,71],"product_tag":[25],"class_list":{"0":"post-9660","1":"product","2":"type-product","3":"status-publish","4":"has-post-thumbnail","6":"product_cat-14-new-laptop-screens-lcd-panels","7":"product_cat-new-laptop-screens-lcd-panels","8":"product_tag-hp","10":"first","11":"instock","12":"taxable","13":"shipping-taxable","14":"purchasable","15":"product-type-simple"},"_links":{"self":[{"href":"https:\/\/boreait.com\/hu\/wp-json\/wp\/v2\/product\/9660","targetHints":{"allow":["GET"]}}],"collection":[{"href":"https:\/\/boreait.com\/hu\/wp-json\/wp\/v2\/product"}],"about":[{"href":"https:\/\/boreait.com\/hu\/wp-json\/wp\/v2\/types\/product"}],"wp:featuredmedia":[{"embeddable":true,"href":"https:\/\/boreait.com\/hu\/wp-json\/wp\/v2\/media\/9654"}],"wp:attachment":[{"href":"https:\/\/boreait.com\/hu\/wp-json\/wp\/v2\/media?parent=9660"}],"wp:term":[{"taxonomy":"product_brand","embeddable":true,"href":"https:\/\/boreait.com\/hu\/wp-json\/wp\/v2\/product_brand?post=9660"},{"taxonomy":"product_cat","embeddable":true,"href":"https:\/\/boreait.com\/hu\/wp-json\/wp\/v2\/product_cat?post=9660"},{"taxonomy":"product_tag","embeddable":true,"href":"https:\/\/boreait.com\/hu\/wp-json\/wp\/v2\/product_tag?post=9660"}],"curies":[{"name":"wp","href":"https:\/\/api.w.org\/{rel}","templated":true}]}}