{"id":9659,"date":"2025-09-17T12:39:53","date_gmt":"2025-09-17T10:39:53","guid":{"rendered":"https:\/\/boreait.com\/hu\/?post_type=product&#038;p=9659"},"modified":"2026-02-17T14:23:09","modified_gmt":"2026-02-17T13:23:09","slug":"dell-latitude-5480-5490-5491-14-fhd-ips-lcd-kepernyo-matt-30-tus-189yj-uj","status":"publish","type":"product","link":"https:\/\/boreait.com\/hu\/termek\/dell-latitude-5480-5490-5491-14-fhd-ips-lcd-kepernyo-matt-30-tus-189yj-uj\/","title":{"rendered":"Dell Latitude 5480\/5490\/5491 14&#8243; FHD IPS LCD k\u00e9perny\u0151 matt 30 t\u0171s 189YJ \u00daj"},"content":{"rendered":"<p><strong>T\u00e9nyleges k\u00e9perny\u0151modell: LP140WF8-SPFA \/ B140HAN01.1\/ B140HAN04.0\/ NV140FHM-N46 konzolokkal \u2013 Teljesen kompatibilis a k\u00f6vetkez\u0151vel: <span data-sheets-root=\"1\">Dell Latitude 5480, 5491,<\/15491,<\/15491,\n\n\n\nFokozza a laptop \u00e9lm\u00e9ny\u00e9t a kiv\u00e1l\u00f3 min\u0151s\u00e9g\u0171, vadonat\u00faj 14\"-es FHD IPS LCD-k\u00e9perny\u0151vel, amelyet kifejezetten a Dell Latitude 5480, 5490 \u00e9s 5491 modellekhez terveztek. Ez a cserek\u00e9perny\u0151 (cikksz\u00e1m: 189YJ) leny\u0171g\u00f6z\u0151 l\u00e1tv\u00e1nyt ny\u00fajt Full HD felbont\u00e1ssal, tiszta \u00e9s \u00e9les k\u00e9peket biztos\u00edtva minden IPS-komputerhez, sz\u00e9les l\u00e1t\u00f3sz\u00f6g\u0171 technol\u00f3gi\u00e1hoz \u00e9s sz\u00e9les l\u00e1t\u00f3sz\u00f6gh\u00f6z. \u00edgy t\u00f6k\u00e9letes mind professzion\u00e1lis, mind szem\u00e9lyes haszn\u00e1latra.\n\n\n\nA k\u00e9perny\u0151 matt fel\u00fclettel rendelkezik, amely jelent\u0151sen cs\u00f6kkenti a t\u00fckr\u00f6z\u0151d\u00e9st \u00e9s a t\u00fckr\u00f6z\u0151d\u00e9st, \u00edgy k\u00e9nyelmes haszn\u00e1latot tesz lehet\u0151v\u00e9 k\u00fcl\u00f6nf\u00e9le f\u00e9nyviszonyok k\u00f6z\u00f6tt. A 30 t\u0171s eDp csatlakoz\u00f3nak k\u00f6sz\u00f6nhet\u0151en a telep\u00edt\u00e9s egyszer\u0171, \u00edgy a laptop pillanatok alatt \u00fczembe helyezhet\u0151. Ak\u00e1r egy s\u00e9r\u00fclt k\u00e9perny\u0151t cser\u00e9l, ak\u00e1r a jobb teljes\u00edtm\u00e9ny \u00e9rdek\u00e9ben friss\u00edt, ez az LCD-k\u00e9perny\u0151 azt a megb\u00edzhat\u00f3s\u00e1got \u00e9s min\u0151s\u00e9get k\u00edn\u00e1lja, amelyet a Dell-\u00f6sszetev\u0151kt\u0151l elv\u00e1r.\n\n\n\nEz a k\u00e9perny\u0151 kompatibilis a Dell Latitude 5480, 5490 \u00e9s 5491 modelljeivel, garant\u00e1lva a pontos illeszked\u00e9st \u00e9s az optim\u00e1lis m\u0171k\u00f6d\u00e9st. Fektessen be ebbe az \u00faj laptop k\u00e9perny\u0151j\u00e9be, hogy helyre\u00e1ll\u00edtsa vagy jav\u00edtsa eszk\u00f6ze megjelen\u00edt\u00e9si teljes\u00edtm\u00e9ny\u00e9t, \u00e9s \u00e9lvezze a jobb vizu\u00e1lis \u00e9lm\u00e9nyt minden haszn\u00e1lat sor\u00e1n.\n<\/p>\n","protected":false},"excerpt":{"rendered":"<p>Friss\u00edtse Dell Latitude 5480, 5490 vagy 5491 k\u00e9sz\u00fcl\u00e9k\u00e9t ezzel a vadonat\u00faj 14&#8243;-es FHD IPS LCD-k\u00e9perny\u0151vel. A matt fel\u00fclet cs\u00f6kkenti a t\u00fckr\u00f6z\u0151d\u00e9st, ez a k\u00e9perny\u0151 \u00e9les k\u00e9pet ny\u00fajt Full HD felbont\u00e1sban. 30 t\u0171s eDp csatlakoz\u00f3val van felszerelve az egyszer\u0171 telep\u00edt\u00e9s \u00e9rdek\u00e9ben. Ez az eredeti sz\u00e1m: t\u00f6k\u00e9letes cserealkatr\u00e9szek (aPart9Y) a laptopod.<\/p>\n","protected":false},"featured_media":9654,"template":"","meta":[],"product_brand":[],"product_cat":[74,71],"product_tag":[17],"class_list":{"0":"post-9659","1":"product","2":"type-product","3":"status-publish","4":"has-post-thumbnail","6":"product_cat-14-new-laptop-screens-lcd-panels","7":"product_cat-new-laptop-screens-lcd-panels","8":"product_tag-dell","10":"first","11":"instock","12":"taxable","13":"shipping-taxable","14":"purchasable","15":"product-type-simple"},"_links":{"self":[{"href":"https:\/\/boreait.com\/hu\/wp-json\/wp\/v2\/product\/9659","targetHints":{"allow":["GET"]}}],"collection":[{"href":"https:\/\/boreait.com\/hu\/wp-json\/wp\/v2\/product"}],"about":[{"href":"https:\/\/boreait.com\/hu\/wp-json\/wp\/v2\/types\/product"}],"wp:featuredmedia":[{"embeddable":true,"href":"https:\/\/boreait.com\/hu\/wp-json\/wp\/v2\/media\/9654"}],"wp:attachment":[{"href":"https:\/\/boreait.com\/hu\/wp-json\/wp\/v2\/media?parent=9659"}],"wp:term":[{"taxonomy":"product_brand","embeddable":true,"href":"https:\/\/boreait.com\/hu\/wp-json\/wp\/v2\/product_brand?post=9659"},{"taxonomy":"product_cat","embeddable":true,"href":"https:\/\/boreait.com\/hu\/wp-json\/wp\/v2\/product_cat?post=9659"},{"taxonomy":"product_tag","embeddable":true,"href":"https:\/\/boreait.com\/hu\/wp-json\/wp\/v2\/product_tag?post=9659"}],"curies":[{"name":"wp","href":"https:\/\/api.w.org\/{rel}","templated":true}]}}