{"id":9658,"date":"2025-09-17T12:39:52","date_gmt":"2025-09-17T10:39:52","guid":{"rendered":"https:\/\/boreait.com\/hu\/?post_type=product&#038;p=9658"},"modified":"2025-09-17T12:39:59","modified_gmt":"2025-09-17T10:39:59","slug":"lenovo-t480p-20l6-14-fhd-ips-matt-lcd-kepernyo-30-tus-edp-csatlakozo-uj","status":"publish","type":"product","link":"https:\/\/boreait.com\/hu\/termek\/lenovo-t480p-20l6-14-fhd-ips-matt-lcd-kepernyo-30-tus-edp-csatlakozo-uj\/","title":{"rendered":"Lenovo T480P 20L6 14&#8243; FHD IPS matt LCD k\u00e9perny\u0151, 30 t\u0171s eDp csatlakoz\u00f3 &#8211; \u00daj"},"content":{"rendered":"<p><strong>T\u00e9nyleges k\u00e9perny\u0151s modell: LP140WF8-SPFA \/ B140HAN01.1\/ B140HAN04.0\/ NV140FHM-N46 konzolokkal \u2013 Teljesen kompatibilis a Lenovo T480P (20L6) k\u00e9sz\u00fcl\u00e9kkel<\/strong><\/p>\n<p>Friss\u00edtse Lenovo T480P 20L6 laptopj\u00e1t pr\u00e9mium 14 h\u00fcvelykes LCD-k\u00e9perny\u0151nkkel. A kiv\u00e9teles tisztas\u00e1gra tervezett Full HD (FHD) kijelz\u0151 IPS technol\u00f3gi\u00e1val rendelkezik, amely \u00e9l\u00e9nk sz\u00edneket \u00e9s sz\u00e9les betekint\u00e9si sz\u00f6geket biztos\u00edt. A matt fel\u00fclet cs\u00f6kkenti a t\u00fckr\u00f6z\u0151d\u00e9st, \u00edgy m\u00e9g vil\u00e1gos k\u00f6rnyezetben is k\u00e9nyelmes megtekint\u00e9si \u00e9lm\u00e9nyt biztos\u00edt. Az eDp csatlakoz\u00f3val \u00e9s a 30 t\u0171s interf\u00e9sszel a telep\u00edt\u00e9s gyors \u00e9s probl\u00e9mamentes. Ak\u00e1r egy s\u00e9r\u00fclt k\u00e9perny\u0151t cser\u00e9l, ak\u00e1r laptopja megjelen\u00edt\u00e9si min\u0151s\u00e9g\u00e9t szeretn\u00e9 jav\u00edtani, ez a vadonat\u00faj LCD-k\u00e9perny\u0151 t\u00f6k\u00e9letes megold\u00e1s Lenovo T480P 20L6-hoz. \u00c9lvezze az \u00e9les, tiszta \u00e9s \u00e9l\u00e9nk vizu\u00e1lis \u00e9lm\u00e9nyt minden haszn\u00e1lat sor\u00e1n.<\/p>\n","protected":false},"excerpt":{"rendered":"<p>Friss\u00edtse Lenovo T480P 20L6-j\u00e1t ezzel a 14 h\u00fcvelykes FHD IPS matt LCD-k\u00e9perny\u0151vel. \u00c9lvezze az \u00e9l\u00e9nk sz\u00edneket \u00e9s a cs\u00f6kkentett t\u00fckr\u00f6z\u0151d\u00e9st a 30 t\u0171s eDp csatlakoz\u00f3n kereszt\u00fcli egyszer\u0171 telep\u00edt\u00e9ssel.<\/p>\n","protected":false},"featured_media":9654,"template":"","meta":[],"product_brand":[],"product_cat":[74,71],"product_tag":[26],"class_list":{"0":"post-9658","1":"product","2":"type-product","3":"status-publish","4":"has-post-thumbnail","6":"product_cat-14-new-laptop-screens-lcd-panels","7":"product_cat-new-laptop-screens-lcd-panels","8":"product_tag-lenovo","10":"first","11":"instock","12":"taxable","13":"shipping-taxable","14":"purchasable","15":"product-type-simple"},"_links":{"self":[{"href":"https:\/\/boreait.com\/hu\/wp-json\/wp\/v2\/product\/9658","targetHints":{"allow":["GET"]}}],"collection":[{"href":"https:\/\/boreait.com\/hu\/wp-json\/wp\/v2\/product"}],"about":[{"href":"https:\/\/boreait.com\/hu\/wp-json\/wp\/v2\/types\/product"}],"wp:featuredmedia":[{"embeddable":true,"href":"https:\/\/boreait.com\/hu\/wp-json\/wp\/v2\/media\/9654"}],"wp:attachment":[{"href":"https:\/\/boreait.com\/hu\/wp-json\/wp\/v2\/media?parent=9658"}],"wp:term":[{"taxonomy":"product_brand","embeddable":true,"href":"https:\/\/boreait.com\/hu\/wp-json\/wp\/v2\/product_brand?post=9658"},{"taxonomy":"product_cat","embeddable":true,"href":"https:\/\/boreait.com\/hu\/wp-json\/wp\/v2\/product_cat?post=9658"},{"taxonomy":"product_tag","embeddable":true,"href":"https:\/\/boreait.com\/hu\/wp-json\/wp\/v2\/product_tag?post=9658"}],"curies":[{"name":"wp","href":"https:\/\/api.w.org\/{rel}","templated":true}]}}