{"id":9655,"date":"2025-09-17T12:39:51","date_gmt":"2025-09-17T10:39:51","guid":{"rendered":"https:\/\/boreait.com\/hu\/?post_type=product&#038;p=9655"},"modified":"2025-09-17T12:39:58","modified_gmt":"2025-09-17T10:39:58","slug":"14-ltn140hl05-901-fhd-ips-matt-laptop-kepernyo-30-tus-edp-csatlakozo-uj","status":"publish","type":"product","link":"https:\/\/boreait.com\/hu\/termek\/14-ltn140hl05-901-fhd-ips-matt-laptop-kepernyo-30-tus-edp-csatlakozo-uj\/","title":{"rendered":"14&#8243; LTN140HL05-901 FHD IPS matt laptop k\u00e9perny\u0151 &#8211; 30 t\u0171s eDP csatlakoz\u00f3, \u00faj"},"content":{"rendered":"<p><strong>T\u00e9nyleges k\u00e9perny\u0151modell: LP140WF8-SPFA \/ B140HAN01.1\/ B140HAN04.0\/ NV140FHM-N46 konzolokkal \u2013 Teljesen kompatibilis a k\u00f6vetkez\u0151vel: <span data-sheets-root=\"1\">LTN140HL05-901<\/span><\/strong><\/p>\n<p>Tapasztalja meg a jelent\u0151s vizu\u00e1lis friss\u00edt\u00e9st az LTN140HL05-901 14&#8243;-es LCD laptopk\u00e9perny\u0151vel. A mag\u00e1val ragad\u00f3 vizu\u00e1lis \u00e9lm\u00e9nyt ny\u00fajt\u00f3 k\u00e9perny\u0151 Full HD (1920&#215;1080) felbont\u00e1ssal \u00e9s IPS (In-Plane Switching) technol\u00f3gi\u00e1val p\u00e1rosul, \u00e9l\u00e9nk sz\u00edneket, sz\u00e9les betekint\u00e9si sz\u00f6geket \u00e9s egyenletes f\u00e9nyerej\u0171 matracot biztos\u00edtva. f\u00e9nyviszonyok.<\/p>\n<p>Ez a k\u00e9perny\u0151 30 t\u0171s eDP-csatlakoz\u00f3val van felszerelve, amely sz\u00e1mos laptopmodellel kompatibilis. T\u00f6k\u00e9letesen helyettes\u00edti a megl\u00e9v\u0151 k\u00e9perny\u0151j\u00e9t, ak\u00e1r s\u00e9r\u00fclt, hib\u00e1s, ak\u00e1r csak laptopja megjelen\u00edt\u00e9si min\u0151s\u00e9g\u00e9t szeretn\u00e9 jav\u00edtani.<\/p>\n<p>Ezt a vadonat\u00faj k\u00e9perny\u0151t a tart\u00f3ss\u00e1gra \u00e9s a hossz\u00fa \u00e9lettartamra tervezt\u00e9k, \u00edgy garant\u00e1lja, hogy laptopja kijelz\u0151je \u00e9les \u00e9s tiszta marad az elk\u00f6vetkez\u0151 \u00e9vekben. K\u00f6nnyen telep\u00edthet\u0151, minim\u00e1lis er\u0151fesz\u00edt\u00e9ssel jobb megtekint\u00e9si \u00e9lm\u00e9nyt ny\u00fajt. Friss\u00edtsen m\u00e9g ma, \u00e9s tapasztalja meg, milyen k\u00fcl\u00f6nbs\u00e9get tud tenni egy j\u00f3 min\u0151s\u00e9g\u0171 k\u00e9perny\u0151!<\/p>\n","protected":false},"excerpt":{"rendered":"<p>B\u0151v\u00edtse laptopj\u00e1t a 14&#8243;-es LTN140HL05-901 LCD-k\u00e9perny\u0151vel, amely leny\u0171g\u00f6z\u0151 Full HD (FHD) felbont\u00e1st \u00e9s \u00e9l\u00e9nk sz\u00edneket k\u00edn\u00e1l az IPS technol\u00f3gi\u00e1val. Ez a vadonat\u00faj, kiv\u00e1l\u00f3 min\u0151s\u00e9g\u0171 kijelz\u0151 matt fel\u00fclettel rendelkezik a csillap\u00edt\u00e1s cs\u00f6kkent\u00e9se \u00e9rdek\u00e9ben, \u00e9s 30 t\u0171s eDP-csatlakoz\u00f3val rendelkezik, amely biztos\u00edtja az egyszer\u0171 telep\u00edt\u00e9st. T\u00f6k\u00e9letes a r\u00e9gi vagy s\u00e9r\u00fclt k\u00e9perny\u0151 cser\u00e9j\u00e9hez, \u00e9s ez a panel egyenletes \u00e9les megjelen\u00edt\u00e9st biztos\u00edt.<\/p>\n","protected":false},"featured_media":9654,"template":"","meta":[],"product_brand":[],"product_cat":[74,71],"product_tag":[],"class_list":{"0":"post-9655","1":"product","2":"type-product","3":"status-publish","4":"has-post-thumbnail","6":"product_cat-14-new-laptop-screens-lcd-panels","7":"product_cat-new-laptop-screens-lcd-panels","9":"first","10":"instock","11":"taxable","12":"shipping-taxable","13":"purchasable","14":"product-type-simple"},"_links":{"self":[{"href":"https:\/\/boreait.com\/hu\/wp-json\/wp\/v2\/product\/9655","targetHints":{"allow":["GET"]}}],"collection":[{"href":"https:\/\/boreait.com\/hu\/wp-json\/wp\/v2\/product"}],"about":[{"href":"https:\/\/boreait.com\/hu\/wp-json\/wp\/v2\/types\/product"}],"wp:featuredmedia":[{"embeddable":true,"href":"https:\/\/boreait.com\/hu\/wp-json\/wp\/v2\/media\/9654"}],"wp:attachment":[{"href":"https:\/\/boreait.com\/hu\/wp-json\/wp\/v2\/media?parent=9655"}],"wp:term":[{"taxonomy":"product_brand","embeddable":true,"href":"https:\/\/boreait.com\/hu\/wp-json\/wp\/v2\/product_brand?post=9655"},{"taxonomy":"product_cat","embeddable":true,"href":"https:\/\/boreait.com\/hu\/wp-json\/wp\/v2\/product_cat?post=9655"},{"taxonomy":"product_tag","embeddable":true,"href":"https:\/\/boreait.com\/hu\/wp-json\/wp\/v2\/product_tag?post=9655"}],"curies":[{"name":"wp","href":"https:\/\/api.w.org\/{rel}","templated":true}]}}