{"id":9644,"date":"2025-09-17T12:39:28","date_gmt":"2025-09-17T10:39:28","guid":{"rendered":"https:\/\/boreait.com\/hu\/?post_type=product&#038;p=9644"},"modified":"2025-09-17T12:39:58","modified_gmt":"2025-09-17T10:39:58","slug":"14-nv140fhm-n46-fhd-ips-matt-lcd-kepernyo-30-tus-edp-laptop-kijelzo-uj","status":"publish","type":"product","link":"https:\/\/boreait.com\/hu\/termek\/14-nv140fhm-n46-fhd-ips-matt-lcd-kepernyo-30-tus-edp-laptop-kijelzo-uj\/","title":{"rendered":"14&#8243; NV140FHM-N46 FHD IPS matt LCD k\u00e9perny\u0151, 30 t\u0171s eDP, laptop kijelz\u0151 &#8211; \u00daj"},"content":{"rendered":"<p><strong>T\u00e9nyleges k\u00e9perny\u0151s modell: LP140WF8-SPFA \/ B140HAN01.1\/ B140HAN04.0\/ NV140FHM-N46 konzolokkal \u2013 Teljesen kompatibilis az NV140FHM-N46-tal<\/strong><\/p>\n<p>Friss\u00edtse laptopja kijelz\u0151j\u00e9t az <strong>NV140FHM-N46 14&#8243;-es LCD k\u00e9perny\u0151vel<\/strong>. Ez a kiv\u00e1l\u00f3 min\u0151s\u00e9g\u0171 cserek\u00e9perny\u0151 Full HD felbont\u00e1ssal (1920&#215;1080) \u00e9s In-Plane Switching (IPS) technol\u00f3gi\u00e1val rendelkezik, \u00e9l\u00e9nk sz\u00edneket \u00e9s sz\u00e9les betekint\u00e9si sz\u00f6geket biztos\u00edtva a k\u00fclt\u00e9ri haszn\u00e1lat jobb vizu\u00e1lis \u00e9lm\u00e9ny\u00e9\u00e9rt. Mindkett\u0151t a matt csillog\u00e1s \u00e9rdek\u00e9ben cs\u00f6kkenti. A 30 t\u0171s eDP-csatlakoz\u00f3 biztos\u00edtja a kompatibilit\u00e1st a laptopmodellek sz\u00e9les v\u00e1laszt\u00e9k\u00e1val. Ak\u00e1r s\u00e9r\u00fclt k\u00e9perny\u0151t cser\u00e9l, ak\u00e1r jobb teljes\u00edtm\u00e9nyt k\u00edv\u00e1n, ez a vadonat\u00faj LCD-k\u00e9perny\u0151 ide\u00e1lis v\u00e1laszt\u00e1s az \u00e9les, tiszta \u00e9s k\u00e9nyelmes megjelen\u00edt\u00e9shez.<\/p>\n","protected":false},"excerpt":{"rendered":"<p>Fejlessze laptopja kijelz\u0151j\u00e9t az NV140FHM-N46 14&#8243;-es LCD-k\u00e9perny\u0151vel. Ez az FHD, IPS k\u00e9perny\u0151 \u00e9l\u00e9nk sz\u00edneket, sz\u00e9les betekint\u00e9si sz\u00f6geket \u00e9s matt fel\u00fcletet k\u00edn\u00e1l a t\u00fckr\u00f6z\u0151d\u00e9s cs\u00f6kkent\u00e9se \u00e9rdek\u00e9ben. A 30 t\u0171s eDP-csatlakoz\u00f3j\u00e1n kereszt\u00fcl k\u00fcl\u00f6nf\u00e9le modellekkel kompatibilis ez az \u00faj k\u00e9perny\u0151, amely \u00e9les \u00e9s tiszta vizu\u00e1lis \u00e9lm\u00e9nyt biztos\u00edt.<\/p>\n","protected":false},"featured_media":9654,"template":"","meta":[],"product_brand":[],"product_cat":[74,71],"product_tag":[],"class_list":{"0":"post-9644","1":"product","2":"type-product","3":"status-publish","4":"has-post-thumbnail","6":"product_cat-14-new-laptop-screens-lcd-panels","7":"product_cat-new-laptop-screens-lcd-panels","9":"first","10":"instock","11":"taxable","12":"shipping-taxable","13":"purchasable","14":"product-type-simple"},"_links":{"self":[{"href":"https:\/\/boreait.com\/hu\/wp-json\/wp\/v2\/product\/9644","targetHints":{"allow":["GET"]}}],"collection":[{"href":"https:\/\/boreait.com\/hu\/wp-json\/wp\/v2\/product"}],"about":[{"href":"https:\/\/boreait.com\/hu\/wp-json\/wp\/v2\/types\/product"}],"wp:featuredmedia":[{"embeddable":true,"href":"https:\/\/boreait.com\/hu\/wp-json\/wp\/v2\/media\/9654"}],"wp:attachment":[{"href":"https:\/\/boreait.com\/hu\/wp-json\/wp\/v2\/media?parent=9644"}],"wp:term":[{"taxonomy":"product_brand","embeddable":true,"href":"https:\/\/boreait.com\/hu\/wp-json\/wp\/v2\/product_brand?post=9644"},{"taxonomy":"product_cat","embeddable":true,"href":"https:\/\/boreait.com\/hu\/wp-json\/wp\/v2\/product_cat?post=9644"},{"taxonomy":"product_tag","embeddable":true,"href":"https:\/\/boreait.com\/hu\/wp-json\/wp\/v2\/product_tag?post=9644"}],"curies":[{"name":"wp","href":"https:\/\/api.w.org\/{rel}","templated":true}]}}