{"id":9643,"date":"2025-09-17T12:39:28","date_gmt":"2025-09-17T10:39:28","guid":{"rendered":"https:\/\/boreait.com\/hu\/?post_type=product&#038;p=9643"},"modified":"2025-09-17T12:39:57","modified_gmt":"2025-09-17T10:39:57","slug":"14-fhd-ips-matt-laptop-kepernyo-b140htn01-2-30-tus-edp-uj","status":"publish","type":"product","link":"https:\/\/boreait.com\/hu\/termek\/14-fhd-ips-matt-laptop-kepernyo-b140htn01-2-30-tus-edp-uj\/","title":{"rendered":"14&#8243; FHD IPS matt laptop k\u00e9perny\u0151 &#8211; B140HTN01.2, 30 t\u0171s eDP, \u00faj"},"content":{"rendered":"<p><strong>T\u00e9nyleges k\u00e9perny\u0151s modell: LP140WF8-SPFA \/ B140HAN01.1\/ B140HAN04.0\/ NV140FHM-N46 konzolokkal \u2013 Teljesen kompatibilis a B140HTN01.2-vel<\/strong><\/p>\n<p>Fokozza laptopja kijelz\u0151j\u00e9t a B140HTN01.2 14&#8243;-es LCD-k\u00e9perny\u0151vel. A kiv\u00e9teles k\u00e9pmin\u0151s\u00e9g biztos\u00edt\u00e1s\u00e1ra tervezett k\u00e9perny\u0151 Full HD felbont\u00e1ssal (1920&#215;1080) \u00e9s IPS technol\u00f3gi\u00e1val rendelkezik a sz\u00e9les l\u00e1t\u00f3sz\u00f6gek \u00e9s a pontos sz\u00ednvisszaad\u00e1s \u00e9rdek\u00e9ben. A matt fel\u00fclet minim\u00e1lisra cs\u00f6kkenti a t\u00fckr\u00f6z\u0151d\u00e9st, \u00edgy ide\u00e1lis f\u00e9nyes k\u00f6rnyezetben val\u00f3 haszn\u00e1latra.<\/p>\n<p>A k\u00e9perny\u0151 30 t\u0171s eDP-csatlakoz\u00f3val van felszerelve, amely z\u00f6kken\u0151mentes kapcsolatot \u00e9s kompatibilit\u00e1st biztos\u00edt a laptopmodellek sz\u00e9les v\u00e1laszt\u00e9k\u00e1val. Ak\u00e1r egy s\u00e9r\u00fclt k\u00e9perny\u0151t cser\u00e9l, ak\u00e1r a jobb l\u00e1tv\u00e1ny \u00e9rdek\u00e9ben friss\u00edt, a B140HTN01.2 a t\u00f6k\u00e9letes v\u00e1laszt\u00e1s. Ez a k\u00e9perny\u0151 vadonat\u00faj, megb\u00edzhat\u00f3 teljes\u00edtm\u00e9nyt \u00e9s hossz\u00fa \u00e9lettartamot biztos\u00edt.<\/p>\n<p>F\u0151bb jellemz\u0151k:<\/p>\n<ul>\n<li><strong>M\u00e9ret<\/strong>: 14 h\u00fcvelyk<\/li>\n<li><strong>Felbont\u00e1s<\/strong>: Full HD (1920&#215;1080)<\/li>\n<li><strong>Panelt\u00edpus<\/strong>: IPS a sz\u00e9les betekint\u00e9si sz\u00f6gek \u00e9s a sz\u00ednpontoss\u00e1g \u00e9rdek\u00e9ben<\/li>\n<li><strong>Befejez\u00e9s<\/strong>: matt a t\u00fckr\u00f6z\u0151d\u00e9s cs\u00f6kkent\u00e9se \u00e9rdek\u00e9ben<\/li>\n<li><strong>Csatlakoz\u00f3<\/strong>: 30 t\u0171s eDP<\/li>\n<li><strong>\u00c1llapot<\/strong>: \u00daj<\/li>\n<\/ul>\n<p> \u00c9lvezze az \u00e9les, tiszta kijelz\u0151t a B140HTN01.2 LCD-k\u00e9perny\u0151vel, amelyet \u00fagy terveztek, hogy megfeleljen az \u00d6n magas min\u0151s\u00e9gi \u00e9s teljes\u00edtm\u00e9nyi k\u00f6vetelm\u00e9nyeinek.<\/p>\n","protected":false},"excerpt":{"rendered":"<p>B\u0151v\u00edtse laptopja kijelz\u0151j\u00e9t a B140HTN01.2 LCD k\u00e9perny\u0151vel. Ez a 14&#8243;-es FHD (1920&#215;1080) IPS panel \u00e9l\u00e9nk sz\u00edneket \u00e9s \u00e9les k\u00e9peket biztos\u00edt. A 30 t\u0171s eDP-csatlakoz\u00f3val \u00e9s a t\u00fckr\u00f6z\u0151d\u00e9st cs\u00f6kkent\u0151 matt fel\u00fclettel ez a k\u00e9perny\u0151 t\u00f6k\u00e9letes a megtekint\u00e9si \u00e9lm\u00e9ny fokoz\u00e1s\u00e1ra. \u00c1llapot: \u00daj.<\/p>\n","protected":false},"featured_media":9654,"template":"","meta":[],"product_brand":[],"product_cat":[74,71],"product_tag":[],"class_list":{"0":"post-9643","1":"product","2":"type-product","3":"status-publish","4":"has-post-thumbnail","6":"product_cat-14-new-laptop-screens-lcd-panels","7":"product_cat-new-laptop-screens-lcd-panels","9":"first","10":"instock","11":"taxable","12":"shipping-taxable","13":"purchasable","14":"product-type-simple"},"_links":{"self":[{"href":"https:\/\/boreait.com\/hu\/wp-json\/wp\/v2\/product\/9643","targetHints":{"allow":["GET"]}}],"collection":[{"href":"https:\/\/boreait.com\/hu\/wp-json\/wp\/v2\/product"}],"about":[{"href":"https:\/\/boreait.com\/hu\/wp-json\/wp\/v2\/types\/product"}],"wp:featuredmedia":[{"embeddable":true,"href":"https:\/\/boreait.com\/hu\/wp-json\/wp\/v2\/media\/9654"}],"wp:attachment":[{"href":"https:\/\/boreait.com\/hu\/wp-json\/wp\/v2\/media?parent=9643"}],"wp:term":[{"taxonomy":"product_brand","embeddable":true,"href":"https:\/\/boreait.com\/hu\/wp-json\/wp\/v2\/product_brand?post=9643"},{"taxonomy":"product_cat","embeddable":true,"href":"https:\/\/boreait.com\/hu\/wp-json\/wp\/v2\/product_cat?post=9643"},{"taxonomy":"product_tag","embeddable":true,"href":"https:\/\/boreait.com\/hu\/wp-json\/wp\/v2\/product_tag?post=9643"}],"curies":[{"name":"wp","href":"https:\/\/api.w.org\/{rel}","templated":true}]}}