{"id":9642,"date":"2025-09-17T12:39:27","date_gmt":"2025-09-17T10:39:27","guid":{"rendered":"https:\/\/boreait.com\/hu\/?post_type=product&#038;p=9642"},"modified":"2025-09-17T12:39:57","modified_gmt":"2025-09-17T10:39:57","slug":"14-fhd-ips-matt-laptop-kepernyo-n140hca-eab-ebb-30-tus-edp-csatlakozo-uj","status":"publish","type":"product","link":"https:\/\/boreait.com\/hu\/termek\/14-fhd-ips-matt-laptop-kepernyo-n140hca-eab-ebb-30-tus-edp-csatlakozo-uj\/","title":{"rendered":"14&#8243; FHD IPS matt laptop k\u00e9perny\u0151 N140HCA-EAB\/EBB 30 t\u0171s eDP csatlakoz\u00f3, \u00faj"},"content":{"rendered":"<p><strong>T\u00e9nyleges k\u00e9perny\u0151s modell: LP140WF8-SPFA \/ B140HAN01.1\/ B140HAN04.0\/ NV140FHM-N46 konzolokkal \u2013 Teljesen kompatibilis az N140HCA-EAB \/ N140HCA-EBB-vel<\/strong><\/p>\n<p>Fokozza laptopja megjelen\u00edt\u00e9si teljes\u00edtm\u00e9ny\u00e9t az N140HCA-EAB\/EBB 14 h\u00fcvelykes LCD-k\u00e9perny\u0151vel. Az \u00e9les \u00e9s \u00e9l\u00e9nk l\u00e1tv\u00e1nyt ny\u00fajt\u00f3 Full HD (1920&#215;1080) k\u00e9perny\u0151 az In-Plane Switching (IPS) technol\u00f3gi\u00e1val rendelkezik, amely sz\u00e9les l\u00e1t\u00f3sz\u00f6get \u00e9s kiv\u00e9teles sz\u00ednpontoss\u00e1got biztos\u00edt a mag\u00e1val ragad\u00f3 \u00e9lm\u00e9ny \u00e9rdek\u00e9ben. A matt fel\u00fclet minim\u00e1lisra cs\u00f6kkenti a visszaver\u0151d\u00e9st, \u00edgy t\u00f6k\u00e9letes a f\u00e9nyes k\u00f6rnyezetben val\u00f3 haszn\u00e1latra an\u00e9lk\u00fcl, hogy a k\u00e9p tisztas\u00e1g\u00e1t fel\u00e1ldozn\u00e1.<\/p>\n<p>Ez a k\u00e9perny\u0151 30 t\u0171s eDP-csatlakoz\u00f3val van felszerelve, amely biztos\u00edtja a kompatibilit\u00e1st a laptopok sz\u00e9les v\u00e1laszt\u00e9k\u00e1val. Ak\u00e1r egy s\u00e9r\u00fclt k\u00e9perny\u0151t cser\u00e9l, ak\u00e1r a jobb min\u0151s\u00e9g \u00e9rdek\u00e9ben friss\u00edt, az N140HCA-EAB\/EBB megb\u00edzhat\u00f3 v\u00e1laszt\u00e1s. A k\u00e9perny\u0151 vadonat\u00faj, \u00edgy kiv\u00e1l\u00f3 min\u0151s\u00e9g\u0171 term\u00e9ket kap, amely minden megjelen\u00edt\u00e9si ig\u00e9ny\u00e9t kiel\u00e9g\u00edti.<\/p>\n<p>A szakemberek, a di\u00e1kok \u00e9s a mindennapi felhaszn\u00e1l\u00f3k sz\u00e1m\u00e1ra ide\u00e1lis laptop k\u00e9perny\u0151je \u00e9letre kelt tartalmaiban, a dokumentumokt\u00f3l \u00e9s t\u00e1bl\u00e1zatokt\u00f3l a streamel\u00e9sig \u00e9s a j\u00e1t\u00e9kokig. K\u00f6nnyen telep\u00edthet\u0151, k\u00f6lts\u00e9ghat\u00e9kony m\u00f3dja annak, hogy meghosszabb\u00edtsa laptopja \u00e9lettartam\u00e1t, mik\u00f6zben jav\u00edtja a megtekint\u00e9si \u00e9lm\u00e9nyt.<\/p>\n","protected":false},"excerpt":{"rendered":"<p>Friss\u00edtse laptopja kijelz\u0151j\u00e9t az N140HCA-EAB\/EBB 14 h\u00fcvelykes LCD-k\u00e9perny\u0151vel. Ez a vadonat\u00faj Full HD (FHD) k\u00e9perny\u0151 leny\u0171g\u00f6z\u0151 l\u00e1tv\u00e1nyt ny\u00fajt az In-Plane Switching (IPS) technol\u00f3gi\u00e1val a sz\u00e9les betekint\u00e9si sz\u00f6gek \u00e9s a pontos sz\u00ednvisszaad\u00e1s \u00e9rdek\u00e9ben. A matt fel\u00fclet cs\u00f6kkenti a k\u00e1pr\u00e1z\u00e1st, \u00edgy tiszta l\u00e1that\u00f3s\u00e1got biztos\u00edt k\u00fcl\u00f6nf\u00e9le f\u00e9nyviszonyok k\u00f6z\u00f6tt. Kompatibilis a 30 t\u0171s eDP-csatlakoz\u00f3kkal, ide\u00e1lis helyettes\u00edt\u0151je eszk\u00f6ze megl\u00e9v\u0151 k\u00e9perny\u0151j\u00e9nek.<\/p>\n","protected":false},"featured_media":9654,"template":"","meta":[],"product_brand":[],"product_cat":[74,71],"product_tag":[],"class_list":{"0":"post-9642","1":"product","2":"type-product","3":"status-publish","4":"has-post-thumbnail","6":"product_cat-14-new-laptop-screens-lcd-panels","7":"product_cat-new-laptop-screens-lcd-panels","9":"first","10":"instock","11":"taxable","12":"shipping-taxable","13":"purchasable","14":"product-type-simple"},"_links":{"self":[{"href":"https:\/\/boreait.com\/hu\/wp-json\/wp\/v2\/product\/9642","targetHints":{"allow":["GET"]}}],"collection":[{"href":"https:\/\/boreait.com\/hu\/wp-json\/wp\/v2\/product"}],"about":[{"href":"https:\/\/boreait.com\/hu\/wp-json\/wp\/v2\/types\/product"}],"wp:featuredmedia":[{"embeddable":true,"href":"https:\/\/boreait.com\/hu\/wp-json\/wp\/v2\/media\/9654"}],"wp:attachment":[{"href":"https:\/\/boreait.com\/hu\/wp-json\/wp\/v2\/media?parent=9642"}],"wp:term":[{"taxonomy":"product_brand","embeddable":true,"href":"https:\/\/boreait.com\/hu\/wp-json\/wp\/v2\/product_brand?post=9642"},{"taxonomy":"product_cat","embeddable":true,"href":"https:\/\/boreait.com\/hu\/wp-json\/wp\/v2\/product_cat?post=9642"},{"taxonomy":"product_tag","embeddable":true,"href":"https:\/\/boreait.com\/hu\/wp-json\/wp\/v2\/product_tag?post=9642"}],"curies":[{"name":"wp","href":"https:\/\/api.w.org\/{rel}","templated":true}]}}