{"id":9641,"date":"2025-09-17T12:39:27","date_gmt":"2025-09-17T10:39:27","guid":{"rendered":"https:\/\/boreait.com\/hu\/?post_type=product&#038;p=9641"},"modified":"2025-09-17T12:39:57","modified_gmt":"2025-09-17T10:39:57","slug":"14-fhd-ips-matt-lcd-kepernyo-nv140fhm-n4a-n62-konzolokkal-edp-uj-30-tus","status":"publish","type":"product","link":"https:\/\/boreait.com\/hu\/termek\/14-fhd-ips-matt-lcd-kepernyo-nv140fhm-n4a-n62-konzolokkal-edp-uj-30-tus\/","title":{"rendered":"14&#8243; FHD IPS matt LCD k\u00e9perny\u0151 NV140FHM-N4A N62 konzolokkal, eDp, \u00faj 30 t\u0171s"},"content":{"rendered":"<p><strong>T\u00e9nyleges k\u00e9perny\u0151s modell: LP140WF8-SPFA \/ B140HAN01.1\/ B140HAN04.0\/ NV140FHM-N46 konzolokkal \u2013 Teljesen kompatibilis az LP140WF SP M1 (SPM1) k\u00e9sz\u00fcl\u00e9kkel<\/strong><\/p>\n<p>Friss\u00edtse laptopja kijelz\u0151j\u00e9t az NV140FHM-N4A N62 14&#8243;-es FHD IPS LCD-k\u00e9perny\u0151vel. Leny\u0171g\u00f6z\u0151 l\u00e1tv\u00e1nyt ny\u00fajt\u00f3 k\u00e9perny\u0151 teljes nagyfelbont\u00e1s\u00fa (FHD) felbont\u00e1sa 1920&#215;1080 pixeles, \u00e9les, tiszta k\u00e9peket \u00e9s \u00e9l\u00e9nk sz\u00edneket k\u00edn\u00e1l. munka \u00e9s sz\u00f3rakoz\u00e1s egyar\u00e1nt.<\/p>\n<p>Ez a laptop k\u00e9perny\u0151je matt fel\u00fclettel rendelkezik, cs\u00f6kkentve a t\u00fckr\u00f6z\u0151d\u00e9st \u00e9s a t\u00fckr\u00f6z\u0151d\u00e9st a k\u00e9nyelmesebb megtekint\u00e9s \u00e9rdek\u00e9ben, k\u00fcl\u00f6n\u00f6sen vil\u00e1gos k\u00f6rnyezetben. A k\u00e9perny\u0151 eDP-csatlakoz\u00f3val van felszerelve, \u00e9s konzolokat tartalmaz az egyszer\u0171 telep\u00edt\u00e9s \u00e9rdek\u00e9ben, biztos\u00edtva a kompatibilit\u00e1st sz\u00e1mos laptopmodellel. Pinek: 30.<\/p>\n<p>A vadonat\u00faj \u00e1llapot\u00fa cserek\u00e9perny\u0151 k\u00e9szen \u00e1ll arra, hogy vissza\u00e1ll\u00edtsa laptopja kijelz\u0151j\u00e9nek min\u0151s\u00e9g\u00e9t az eredeti ragyog\u00e1sba. Legyen sz\u00f3 pontos sz\u00ednvisszaad\u00e1st ig\u00e9nyl\u0151 profir\u00f3l, vagy \u00e9les, megb\u00edzhat\u00f3 kijelz\u0151t keres\u0151 di\u00e1kr\u00f3l, az NV140FHM-N4A N62 mindent megtal\u00e1l.<\/p>\n","protected":false},"excerpt":{"rendered":"<p>Friss\u00edtse laptopj\u00e1t az NV140FHM-N4A N62 14&#8243;-es FHD IPS matt LCD-k\u00e9perny\u0151vel. Ez az \u00faj, kiv\u00e1l\u00f3 min\u0151s\u00e9g\u0171 kijelz\u0151 \u00e9les k\u00e9pet, sz\u00e9les betekint\u00e9si sz\u00f6geket \u00e9s cs\u00f6kkentett t\u00fckr\u00f6z\u0151d\u00e9st k\u00edn\u00e1l. Tartalmazza az eDP-csatlakoz\u00f3t \u00e9s a konzolokat az egyszer\u0171 telep\u00edt\u00e9s \u00e9rdek\u00e9ben. T\u00f6k\u00e9letes a laptop megjelen\u00edt\u00e9si min\u0151s\u00e9g\u00e9nek helyre\u00e1ll\u00edt\u00e1s\u00e1hoz.<\/p>\n","protected":false},"featured_media":9654,"template":"","meta":[],"product_brand":[],"product_cat":[74,71],"product_tag":[],"class_list":{"0":"post-9641","1":"product","2":"type-product","3":"status-publish","4":"has-post-thumbnail","6":"product_cat-14-new-laptop-screens-lcd-panels","7":"product_cat-new-laptop-screens-lcd-panels","9":"first","10":"instock","11":"taxable","12":"shipping-taxable","13":"purchasable","14":"product-type-simple"},"_links":{"self":[{"href":"https:\/\/boreait.com\/hu\/wp-json\/wp\/v2\/product\/9641","targetHints":{"allow":["GET"]}}],"collection":[{"href":"https:\/\/boreait.com\/hu\/wp-json\/wp\/v2\/product"}],"about":[{"href":"https:\/\/boreait.com\/hu\/wp-json\/wp\/v2\/types\/product"}],"wp:featuredmedia":[{"embeddable":true,"href":"https:\/\/boreait.com\/hu\/wp-json\/wp\/v2\/media\/9654"}],"wp:attachment":[{"href":"https:\/\/boreait.com\/hu\/wp-json\/wp\/v2\/media?parent=9641"}],"wp:term":[{"taxonomy":"product_brand","embeddable":true,"href":"https:\/\/boreait.com\/hu\/wp-json\/wp\/v2\/product_brand?post=9641"},{"taxonomy":"product_cat","embeddable":true,"href":"https:\/\/boreait.com\/hu\/wp-json\/wp\/v2\/product_cat?post=9641"},{"taxonomy":"product_tag","embeddable":true,"href":"https:\/\/boreait.com\/hu\/wp-json\/wp\/v2\/product_tag?post=9641"}],"curies":[{"name":"wp","href":"https:\/\/api.w.org\/{rel}","templated":true}]}}