{"id":9640,"date":"2025-09-17T12:39:27","date_gmt":"2025-09-17T10:39:27","guid":{"rendered":"https:\/\/boreait.com\/hu\/?post_type=product&#038;p=9640"},"modified":"2025-09-17T12:39:56","modified_gmt":"2025-09-17T10:39:56","slug":"uj-14-huvelykes-fhd-ips-laptop-kepernyo-lp140wf-sp-m1-spm1-konzolokkal-matt-edp-30-tus","status":"publish","type":"product","link":"https:\/\/boreait.com\/hu\/termek\/uj-14-huvelykes-fhd-ips-laptop-kepernyo-lp140wf-sp-m1-spm1-konzolokkal-matt-edp-30-tus\/","title":{"rendered":"\u00daj 14 h\u00fcvelykes FHD IPS laptop k\u00e9perny\u0151 LP140WF SP M1 SPM1 konzolokkal &#8211; matt eDP 30 t\u0171s"},"content":{"rendered":"<p><strong>T\u00e9nyleges k\u00e9perny\u0151s modell: LP140WF8-SPFA \/ B140HAN01.1\/ B140HAN04.0\/ NV140FHM-N46 konzolokkal \u2013 Teljesen kompatibilis az LP140WF SP M1 (SPM1) k\u00e9sz\u00fcl\u00e9kkel<\/strong><\/p>\n<p>Tapasztalja meg a kiv\u00e1l\u00f3 megjelen\u00edt\u00e9si min\u0151s\u00e9get az LP140WF SP M1 SPM1 14&#8243; FHD IPS laptopk\u00e9perny\u0151vel. A tisztas\u00e1gra \u00e9s \u00e9l\u00e9nk sz\u00ednekre tervezett k\u00e9perny\u0151 Full HD (1920&#215;1080) felbont\u00e1s\u00fa IPS technol\u00f3gi\u00e1val, egyenletes f\u00e9nyer\u0151t \u00e9s sz\u00ednpontoss\u00e1got biztos\u00edt minden sz\u00f6gb\u0151l. A matt fel\u00fclet cs\u00f6kkenti a t\u00fckr\u00f6z\u0151d\u00e9st, \u00edgy t\u00f6k\u00e9letes a f\u00e9nyes k\u00f6rnyezetben t\u00f6rt\u00e9n\u0151 munkav\u00e9gz\u00e9shez.<\/p>\n<p>Ez a vadonat\u00faj k\u00e9perny\u0151 eDP-csatlakoz\u00f3val rendelkezik, amely biztos\u00edtja a kompatibilit\u00e1st a modern laptopokkal, valamint tart\u00f3kat is tartalmaz a biztons\u00e1gos \u00e9s probl\u00e9mamentes telep\u00edt\u00e9s \u00e9rdek\u00e9ben. Ak\u00e1r egy s\u00e9r\u00fclt k\u00e9perny\u0151t cser\u00e9l, ak\u00e1r a jobb l\u00e1tv\u00e1ny \u00e9rdek\u00e9ben friss\u00edt, az LP140WF SP M1 SPM1 kiv\u00e1l\u00f3 v\u00e1laszt\u00e1s minden laptop felhaszn\u00e1l\u00f3 sz\u00e1m\u00e1ra.<\/p>\n<p><strong>F\u0151bb jellemz\u0151k:<\/strong><\/p>\n<ul>\n<li>14&#8243; Full HD (1920&#215;1080) kijelz\u0151 IPS technol\u00f3gi\u00e1val<\/li>\n<li>Matt fel\u00fclet a t\u00fckr\u00f6z\u0151d\u00e9s cs\u00f6kkent\u00e9se \u00e9rdek\u00e9ben<\/li>\n<li>eDP csatlakoz\u00f3 az egyszer\u0171 telep\u00edt\u00e9s\u00e9rt \/ 30 t\u0171s<\/li>\n<li>R\u00f6gz\u00edt\u0151konzolokat tartalmaz<\/li>\n<li>\u00c1llapot: \u00daj<\/li>\n<\/ul>\n<p>Friss\u00edtse laptopja kijelz\u0151j\u00e9t m\u00e9g ma, \u00e9s \u00e9lvezze az \u00e9lesebb, tiszt\u00e1bb l\u00e1tv\u00e1nyt az LP140WF SP M1 SPM1 k\u00e9perny\u0151vel.<\/p>\n","protected":false},"excerpt":{"rendered":"<p>Friss\u00edtse laptop kijelz\u0151j\u00e9t az LP140WF SP M1 SPM1 14&#8243; FHD IPS k\u00e9perny\u0151vel. Ez az \u00faj, matt fel\u00fclet\u0171 laptopk\u00e9perny\u0151 krist\u00e1lytiszta k\u00e9pet \u00e9s sz\u00e9les betekint\u00e9si sz\u00f6get k\u00edn\u00e1l, amely t\u00f6k\u00e9letes a megtekint\u00e9si \u00e9lm\u00e9ny fokoz\u00e1s\u00e1hoz. EDP-csatlakoz\u00f3val rendelkezik az egyszer\u0171 telep\u00edt\u00e9s \u00e9rdek\u00e9ben, \u00e9s konzolokat is tartalmaz a biztons\u00e1gos r\u00f6gz\u00edt\u00e9shez.<\/p>\n","protected":false},"featured_media":9654,"template":"","meta":[],"product_brand":[],"product_cat":[74,71],"product_tag":[],"class_list":{"0":"post-9640","1":"product","2":"type-product","3":"status-publish","4":"has-post-thumbnail","6":"product_cat-14-new-laptop-screens-lcd-panels","7":"product_cat-new-laptop-screens-lcd-panels","9":"first","10":"instock","11":"taxable","12":"shipping-taxable","13":"purchasable","14":"product-type-simple"},"_links":{"self":[{"href":"https:\/\/boreait.com\/hu\/wp-json\/wp\/v2\/product\/9640","targetHints":{"allow":["GET"]}}],"collection":[{"href":"https:\/\/boreait.com\/hu\/wp-json\/wp\/v2\/product"}],"about":[{"href":"https:\/\/boreait.com\/hu\/wp-json\/wp\/v2\/types\/product"}],"wp:featuredmedia":[{"embeddable":true,"href":"https:\/\/boreait.com\/hu\/wp-json\/wp\/v2\/media\/9654"}],"wp:attachment":[{"href":"https:\/\/boreait.com\/hu\/wp-json\/wp\/v2\/media?parent=9640"}],"wp:term":[{"taxonomy":"product_brand","embeddable":true,"href":"https:\/\/boreait.com\/hu\/wp-json\/wp\/v2\/product_brand?post=9640"},{"taxonomy":"product_cat","embeddable":true,"href":"https:\/\/boreait.com\/hu\/wp-json\/wp\/v2\/product_cat?post=9640"},{"taxonomy":"product_tag","embeddable":true,"href":"https:\/\/boreait.com\/hu\/wp-json\/wp\/v2\/product_tag?post=9640"}],"curies":[{"name":"wp","href":"https:\/\/api.w.org\/{rel}","templated":true}]}}