{"id":9639,"date":"2025-09-17T12:39:27","date_gmt":"2025-09-17T10:39:27","guid":{"rendered":"https:\/\/boreait.com\/hu\/?post_type=product&#038;p=9639"},"modified":"2025-09-17T12:39:56","modified_gmt":"2025-09-17T10:39:56","slug":"14-fhd-ips-laptop-kepernyo-b140han0101-b140han01-02-b140han01-3-edp-matt-uj","status":"publish","type":"product","link":"https:\/\/boreait.com\/hu\/termek\/14-fhd-ips-laptop-kepernyo-b140han0101-b140han01-02-b140han01-3-edp-matt-uj\/","title":{"rendered":"14&#8243; FHD IPS laptop k\u00e9perny\u0151 B140HAN0101, B140HAN01.02,\u00a0 B140HAN01.3 eDP matt \u2013 \u00faj"},"content":{"rendered":"<p><strong>T\u00e9nyleges k\u00e9perny\u0151s modell: LP140WF8-SPFA \/ B140HAN01.1\/ B140HAN04.0\/ NV140FHM-N46 konzolokkal \u2013 Teljesen kompatibilis a B140HAN0101, B140HAN01.02,\u00a0 <span data-sheets-root=\"1\">B140HAN01.3<\/span><\/strong><\/p>\n<p>Fokozza laptopja teljes\u00edtm\u00e9ny\u00e9t kiv\u00e1l\u00f3 min\u0151s\u00e9g\u0171, 14 h\u00fcvelykes FHD IPS LCD-k\u00e9perny\u0151nkkel, amely kompatibilis a B140HAN01.1, B140HAN01.2 \u00e9s B140HAN01.3 modellekkel. Ez a k\u00e9perny\u0151 kiv\u00e9teles tisztas\u00e1got \u00e9s \u00e9l\u00e9nk sz\u00edneket biztos\u00edt a Full HD felbont\u00e1snak \u00e9s az IPS technol\u00f3gi\u00e1nak k\u00f6sz\u00f6nhet\u0151en, amely sz\u00e9les l\u00e1t\u00f3sz\u00f6get \u00e9s egyenletes k\u00e9pmin\u0151s\u00e9get biztos\u00edt. A matt fel\u00fclet minim\u00e1lisra cs\u00f6kkenti a t\u00fckr\u00f6z\u0151d\u00e9st \u00e9s a t\u00fckr\u00f6z\u0151d\u00e9st, \u00edgy m\u00e9g vil\u00e1gos k\u00f6rnyezetben is k\u00e9nyelmes megtekint\u00e9si \u00e9lm\u00e9nyt ny\u00fajt.<\/p>\n<p>Az eDP-csatlakoz\u00f3val felszerelt k\u00e9perny\u0151 k\u00f6nnyen telep\u00edthet\u0151, \u00e9s z\u00f6kken\u0151mentesen illeszkedik a laptopj\u00e1ba. Ak\u00e1r egy s\u00e9r\u00fclt k\u00e9perny\u0151t cser\u00e9l, ak\u00e1r a jobb l\u00e1tv\u00e1ny \u00e9rdek\u00e9ben friss\u00edt, ez az \u00faj LCD-k\u00e9perny\u0151 \u00e9letre keltheti k\u00e9sz\u00fcl\u00e9k\u00e9t. N\u00f6velje sz\u00e1m\u00edt\u00e1stechnikai \u00e9lm\u00e9ny\u00e9t \u00e9lesebb k\u00e9pekkel, gazdagabb sz\u00ednekkel \u00e9s egy karcs\u00fa matt kijelz\u0151vel, amely munk\u00e1hoz \u00e9s sz\u00f3rakoz\u00e1shoz egyar\u00e1nt t\u00f6k\u00e9letes.<\/p>\n<p><strong>Jellemz\u0151k:<\/strong><\/p>\n<ul>\n<li><strong>M\u00e9ret:<\/strong> 14 h\u00fcvelyk<\/li>\n<li><strong>Felbont\u00e1s:<\/strong> Full HD (1920&#215;1080)<\/li>\n<li><strong>Panel t\u00edpusa:<\/strong> IPS a sz\u00e9les l\u00e1t\u00f3sz\u00f6gekhez<\/li>\n<li><strong>Befejez\u00e9s:<\/strong> matt a t\u00fckr\u00f6z\u0151d\u00e9s cs\u00f6kkent\u00e9se \u00e9rdek\u00e9ben<\/li>\n<li><strong>Csatlakoz\u00f3:<\/strong> eDP \/ 30 t\u0171s<\/li>\n<li><strong>\u00c1llapot:<\/strong> vadonat\u00faj<\/li>\n<\/ul>\n<p>Ide\u00e1lis mindenkinek, akinek megb\u00edzhat\u00f3 \u00e9s nagy teljes\u00edtm\u00e9ny\u0171 k\u00e9perny\u0151cser\u00e9re van sz\u00fcks\u00e9ge. Ez az LCD-panel biztos\u00edtja, hogy kompromisszumok n\u00e9lk\u00fcl \u00e9lvezhesse a tiszta, \u00e9l\u00e9nk l\u00e1tv\u00e1nyt.<\/p>\n","protected":false},"excerpt":{"rendered":"<p>Friss\u00edtse laptopj\u00e1t pr\u00e9mium 14 h\u00fcvelykes FHD IPS k\u00e9perny\u0151nkkel, amely kompatibilis a B140HAN01.1, B140HAN01.2 \u00e9s B140HAN01.3 modellekkel. A matt fel\u00fcletnek k\u00f6sz\u00f6nhet\u0151en cs\u00f6kkenti a t\u00fckr\u00f6z\u0151d\u00e9st, ez a k\u00e9perny\u0151 leny\u0171g\u00f6z\u0151 l\u00e1tv\u00e1nyt ny\u00fajt \u00e9les tisztas\u00e1ggal \u00e9s \u00e9l\u00e9nk sz\u00ednekkel. T\u00f6k\u00e9letes z\u00f6kken\u0151mentes cser\u00e9hez vagy friss\u00edt\u00e9shez, vadonat\u00faj, \u00e9s k\u00e9szen \u00e1ll arra, hogy fokozza a laptop \u00e9lm\u00e9ny\u00e9t.<\/p>\n","protected":false},"featured_media":9654,"template":"","meta":[],"product_brand":[],"product_cat":[74,71],"product_tag":[],"class_list":{"0":"post-9639","1":"product","2":"type-product","3":"status-publish","4":"has-post-thumbnail","6":"product_cat-14-new-laptop-screens-lcd-panels","7":"product_cat-new-laptop-screens-lcd-panels","9":"first","10":"instock","11":"taxable","12":"shipping-taxable","13":"purchasable","14":"product-type-simple"},"_links":{"self":[{"href":"https:\/\/boreait.com\/hu\/wp-json\/wp\/v2\/product\/9639","targetHints":{"allow":["GET"]}}],"collection":[{"href":"https:\/\/boreait.com\/hu\/wp-json\/wp\/v2\/product"}],"about":[{"href":"https:\/\/boreait.com\/hu\/wp-json\/wp\/v2\/types\/product"}],"wp:featuredmedia":[{"embeddable":true,"href":"https:\/\/boreait.com\/hu\/wp-json\/wp\/v2\/media\/9654"}],"wp:attachment":[{"href":"https:\/\/boreait.com\/hu\/wp-json\/wp\/v2\/media?parent=9639"}],"wp:term":[{"taxonomy":"product_brand","embeddable":true,"href":"https:\/\/boreait.com\/hu\/wp-json\/wp\/v2\/product_brand?post=9639"},{"taxonomy":"product_cat","embeddable":true,"href":"https:\/\/boreait.com\/hu\/wp-json\/wp\/v2\/product_cat?post=9639"},{"taxonomy":"product_tag","embeddable":true,"href":"https:\/\/boreait.com\/hu\/wp-json\/wp\/v2\/product_tag?post=9639"}],"curies":[{"name":"wp","href":"https:\/\/api.w.org\/{rel}","templated":true}]}}