{"id":9638,"date":"2025-09-17T12:39:27","date_gmt":"2025-09-17T10:39:27","guid":{"rendered":"https:\/\/boreait.com\/hu\/?post_type=product&#038;p=9638"},"modified":"2025-09-17T12:39:50","modified_gmt":"2025-09-17T10:39:50","slug":"14-fhd-ips-matt-laptop-kepernyo-lp140wf8-spfa-30-tus-edp-konzolokkal","status":"publish","type":"product","link":"https:\/\/boreait.com\/hu\/termek\/14-fhd-ips-matt-laptop-kepernyo-lp140wf8-spfa-30-tus-edp-konzolokkal\/","title":{"rendered":"14&#8243; FHD IPS matt laptop k\u00e9perny\u0151 LP140WF8-SPFA, 30 t\u0171s eDP &#8211; konzolokkal"},"content":{"rendered":"<p><strong>T\u00e9nyleges k\u00e9perny\u0151s modell: LP140WF8-SPFA \/ B140HAN01.1\/ B140HAN04.0\/ NV140FHM-N46<\/strong><\/p>\n<p>Az LP140WF8-SPFA egy kiv\u00e1l\u00f3 min\u0151s\u00e9g\u0171, 14 h\u00fcvelykes Full HD (1920&#215;1080) IPS laptopk\u00e9perny\u0151, amely kiv\u00e9teles vizu\u00e1lis tisztas\u00e1got \u00e9s sz\u00ednpontoss\u00e1got biztos\u00edt. Ez a k\u00e9perny\u0151 t\u00f6k\u00e9letes azoknak a felhaszn\u00e1l\u00f3knak, akik laptopjuk kijelz\u0151j\u00e9t cs\u00facskateg\u00f3ri\u00e1s komponensre szeretn\u00e9k cser\u00e9lni vagy friss\u00edteni.<\/p>\n<p>A matt fel\u00fclet\u0171 k\u00e9perny\u0151 minim\u00e1lisra cs\u00f6kkenti a t\u00fckr\u00f6z\u0151d\u00e9st \u00e9s a t\u00fckr\u00f6z\u0151d\u00e9st, \u00edgy k\u00e9nyelmesebb megtekint\u00e9si \u00e9lm\u00e9nyt ny\u00fajt, k\u00fcl\u00f6n\u00f6sen vil\u00e1gos k\u00f6rnyezetben. Az IPS technol\u00f3gia egyenletes sz\u00ednt \u00e9s sz\u00e9les betekint\u00e9si sz\u00f6get biztos\u00edt, \u00edgy ide\u00e1lis profik, j\u00e1t\u00e9kosok \u00e9s multim\u00e9di\u00e1s rajong\u00f3k sz\u00e1m\u00e1ra.<\/p>\n<p>Ez a k\u00e9perny\u0151 30 t\u0171s eDP-csatlakoz\u00f3val van felszerelve, \u00edgy sz\u00e1mos laptoppal kompatibilis. A telep\u00edt\u00e9s egyszer\u0171, lehet\u0151v\u00e9 t\u00e9ve az eszk\u00f6z gyors friss\u00edt\u00e9s\u00e9t technikai szak\u00e9rtelem n\u00e9lk\u00fcl.<\/p>\n<p>Ak\u00e1r s\u00e9r\u00fclt kijelz\u0151r\u0151l van sz\u00f3, ak\u00e1r csak laptopja teljes\u00edtm\u00e9ny\u00e9t szeretn\u00e9 jav\u00edtani, az LP140WF8-SPFA a t\u00f6k\u00e9letes v\u00e1laszt\u00e1s az \u00e9les, \u00e9l\u00e9nk \u00e9s megb\u00edzhat\u00f3 k\u00e9perny\u0151h\u00f6z.<\/p>\n<p><strong>F\u0151bb jellemz\u0151k:<\/strong><\/p>\n<ul>\n<li><strong>K\u00e9perny\u0151m\u00e9ret:<\/strong> 14 h\u00fcvelyk (z\u00e1r\u00f3jelekkel \u2013 n\u00e9zze meg a fot\u00f3t)<\/li>\n<li><strong>Felbont\u00e1s:<\/strong> Full HD (1920&#215;1080)<\/li>\n<li><strong>Panel t\u00edpusa:<\/strong> IPS<\/li>\n<li><strong>Befejez\u00e9s:<\/strong> Matt<\/li>\n<li><strong>Csatlakoz\u00f3:<\/strong> 30 t\u0171s eDP<\/li>\n<li><strong>\u00c1llapot:<\/strong> \u00daj<\/li>\n<\/ul>\n<p>Jav\u00edtsa m\u00e9g ma laptopja kijelz\u0151j\u00e9nek min\u0151s\u00e9g\u00e9t az LP140WF8-SPFA-val, \u00e9s \u00e9lvezze a teljes\u00edtm\u00e9ny, a tisztas\u00e1g \u00e9s a tart\u00f3ss\u00e1g t\u00f6k\u00e9letes kever\u00e9k\u00e9t.<\/p>\n","protected":false},"excerpt":{"rendered":"<p>Friss\u00edtse laptopja kijelz\u0151j\u00e9t az LP140WF8-SPFA, egy 14 h\u00fcvelykes Full HD IPS k\u00e9perny\u0151vel. A t\u00fckr\u00f6z\u0151d\u00e9st cs\u00f6kkent\u0151 matt fel\u00fclettel rendelkez\u0151 \u00faj k\u00e9perny\u0151 \u00e9l\u00e9nk sz\u00edneket \u00e9s \u00e9les l\u00e1tv\u00e1nyt k\u00edn\u00e1l. 30 t\u0171s eDP csatlakoz\u00f3j\u00e1val gyors \u00e9s egyszer\u0171 telep\u00edt\u00e9st tesz lehet\u0151v\u00e9.<\/p>\n","protected":false},"featured_media":9654,"template":"","meta":[],"product_brand":[],"product_cat":[74,71],"product_tag":[],"class_list":{"0":"post-9638","1":"product","2":"type-product","3":"status-publish","4":"has-post-thumbnail","6":"product_cat-14-new-laptop-screens-lcd-panels","7":"product_cat-new-laptop-screens-lcd-panels","9":"first","10":"instock","11":"taxable","12":"shipping-taxable","13":"purchasable","14":"product-type-simple"},"_links":{"self":[{"href":"https:\/\/boreait.com\/hu\/wp-json\/wp\/v2\/product\/9638","targetHints":{"allow":["GET"]}}],"collection":[{"href":"https:\/\/boreait.com\/hu\/wp-json\/wp\/v2\/product"}],"about":[{"href":"https:\/\/boreait.com\/hu\/wp-json\/wp\/v2\/types\/product"}],"wp:featuredmedia":[{"embeddable":true,"href":"https:\/\/boreait.com\/hu\/wp-json\/wp\/v2\/media\/9654"}],"wp:attachment":[{"href":"https:\/\/boreait.com\/hu\/wp-json\/wp\/v2\/media?parent=9638"}],"wp:term":[{"taxonomy":"product_brand","embeddable":true,"href":"https:\/\/boreait.com\/hu\/wp-json\/wp\/v2\/product_brand?post=9638"},{"taxonomy":"product_cat","embeddable":true,"href":"https:\/\/boreait.com\/hu\/wp-json\/wp\/v2\/product_cat?post=9638"},{"taxonomy":"product_tag","embeddable":true,"href":"https:\/\/boreait.com\/hu\/wp-json\/wp\/v2\/product_tag?post=9638"}],"curies":[{"name":"wp","href":"https:\/\/api.w.org\/{rel}","templated":true}]}}