{"id":9634,"date":"2025-09-17T12:39:26","date_gmt":"2025-09-17T10:39:26","guid":{"rendered":"https:\/\/boreait.com\/hu\/?post_type=product&#038;p=9634"},"modified":"2025-09-17T12:39:40","modified_gmt":"2025-09-17T10:39:40","slug":"kabel-lan-tesztelo-rj45-rj11-rj12-cat5-cat6-utp-halozati-kabeltesztelo-uj","status":"publish","type":"product","link":"https:\/\/boreait.com\/hu\/termek\/kabel-lan-tesztelo-rj45-rj11-rj12-cat5-cat6-utp-halozati-kabeltesztelo-uj\/","title":{"rendered":"K\u00e1bel LAN tesztel\u0151 RJ45 RJ11 RJ12 CAT5 CAT6 UTP h\u00e1l\u00f3zati k\u00e1beltesztel\u0151 &#8211; \u00daj"},"content":{"rendered":"<p>A <strong>Cable LAN Tester<\/strong> alapvet\u0151 eszk\u00f6z a h\u00e1l\u00f3zati telep\u00edt\u00e9ssel \u00e9s karbantart\u00e1ssal foglalkoz\u00f3 felhaszn\u00e1l\u00f3k sz\u00e1m\u00e1ra. A k\u00e1belek sz\u00e9les sk\u00e1l\u00e1j\u00e1nak tesztel\u00e9s\u00e9re tervezt\u00e9k, bele\u00e9rtve az RJ45, RJ11, RJ12 \u00e9s CAT5 \/ CAT6 UTP k\u00e1beleket, \u00edgy ez a teszter biztos\u00edtja a h\u00e1l\u00f3zati k\u00e1belek megfelel\u0151 \u00e9s hat\u00e9kony m\u0171k\u00f6d\u00e9s\u00e9t. Egyszer\u0171 kialak\u00edt\u00e1s\u00e1nak \u00e9s robusztus jellemz\u0151inek k\u00f6sz\u00f6nhet\u0151en mind a professzion\u00e1lis technikusok, mind a bark\u00e1csol\u00e1s szerelmesei sz\u00e1m\u00e1ra k\u00f6telez\u0151 darab.<\/p>\n<p><strong>F\u0151bb jellemz\u0151k:<\/strong><\/p>\n<ul>\n<li><strong>Sokoldal\u00fa kompatibilit\u00e1s:<\/strong> Ez a k\u00e1beltesztel\u0151 sz\u00e1mos k\u00e1belt\u00edpust t\u00e1mogat, bele\u00e9rtve az RJ45, RJ11, RJ12 \u00e9s CAT5 \/ CAT6 UTP k\u00e1beleket, \u00edgy \u00e1tfog\u00f3 tesztel\u00e9st tesz lehet\u0151v\u00e9 a k\u00fcl\u00f6nb\u00f6z\u0151 h\u00e1l\u00f3zati be\u00e1ll\u00edt\u00e1sok k\u00f6z\u00f6tt.<\/li>\n<li><strong>K\u00f6nny\u0171 kezel\u00e9s:<\/strong> Egyszer\u0171en kapcsolja be a t\u00e1pell\u00e1t\u00e1st, \u00e9s csatlakoztassa a k\u00e1beleket a f\u0151 \u00e9s a t\u00e1voli tesztel\u0151h\u00f6z. A jelz\u0151f\u00e9nyek egym\u00e1s ut\u00e1n 1-t\u0151l G-ig vil\u00e1g\u00edtanak mindk\u00e9t teszteren, jelezve a k\u00e1bel megfelel\u0151 m\u0171k\u00f6d\u00e9s\u00e9t.<\/li>\n<li><strong>Hib\u00e1k azonos\u00edt\u00e1sa:<\/strong> A tesztel\u0151 gyorsan k\u00e9pes azonos\u00edtani a szakadt \u00e1ramk\u00f6r\u00f6ket, a rosszul bek\u00f6t\u00f6tt k\u00e1beleket \u00e9s a r\u00f6vidz\u00e1rlatokat. Hib\u00e1s csatlakoz\u00e1s eset\u00e9n a megfelel\u0151 jelz\u0151l\u00e1mp\u00e1k nem kapcsolnak be, ami megk\u00f6nny\u00edti a hibaelh\u00e1r\u00edt\u00e1st.<\/li>\n<li><strong>Szekvenci\u00e1lis tesztel\u00e9s:<\/strong> A f\u0151 tesztel\u0151 \u00e9s a t\u00e1voli tesztel\u0151 megjelen\u00edti az eredm\u00e9nyeket az 1-2-3-4-5-6-7-8-G jelz\u0151kkel RJ45 \u00e9s 1-2-3-4-5-6 jelz\u0151kkel RJ11 eset\u00e9n, amelyek seg\u00edtenek pontosan diagnosztiz\u00e1lni az olyan probl\u00e9m\u00e1kat, mint p\u00e9ld\u00e1ul a rosszul elrendezett vagy r\u00f6vidre z\u00e1rt k\u00e1belek.<\/li>\n<li><strong>K\u00e9nyelmes \u00e9s hordozhat\u00f3:<\/strong> Ez a k\u00f6nny\u0171 \u00e9s hordozhat\u00f3 teszter k\u00f6nnyen sz\u00e1ll\u00edthat\u00f3 a munkahelyekre, \u00e9s gyors \u00e9s megb\u00edzhat\u00f3 tesztel\u00e9st tesz lehet\u0151v\u00e9 tov\u00e1bbi felszerel\u00e9s n\u00e9lk\u00fcl.<\/li>\n<li><strong>Akkumul\u00e1tor:<\/strong> 9 V-os elemmel m\u0171k\u00f6dik (nem tartoz\u00e9k), \u00edgy a teszter hat\u00e9kony energiafogyaszt\u00e1st k\u00edn\u00e1l. Az optim\u00e1lis teljes\u00edtm\u00e9ny \u00e9rdek\u00e9ben cser\u00e9lje ki az elemet, amikor a jelz\u0151f\u00e9nyek halv\u00e1nyan jelennek meg.<\/li>\n<\/ul>\n<p><strong>Hibaelh\u00e1r\u00edt\u00e1si lehet\u0151s\u00e9gek:<\/strong><\/p>\n<ul>\n<li><strong>Nyitott \u00e1ramk\u00f6r \u00e9szlel\u00e9se:<\/strong> Ha nincs k\u00e1bel csatlakoztatva, a megfelel\u0151 jelz\u0151f\u00e9nyek nem vil\u00e1g\u00edtanak, \u00e9s azonnal kiemeli a probl\u00e9m\u00e1t.<\/li>\n<li><strong>Elhib\u00e1zott k\u00e1bel azonos\u00edt\u00e1sa:<\/strong> \u00c9rz\u00e9keli, ha a k\u00e1belek rossz sorrendben vannak csatlakoztatva, \u00e9s a hib\u00e1t meghat\u00e1rozott f\u00e9nymint\u00e1kon kereszt\u00fcl jelen\u00edti meg.<\/li>\n<li><strong>Z\u00e1rlati z\u00e1rlat figyelmeztet\u00e9se:<\/strong> Azonos\u00edtja \u00e9s figyelmezteti \u00d6nt a r\u00f6vidz\u00e1rlatra, ha nem vil\u00e1g\u00edtja meg az \u00e9rintett l\u00e1mp\u00e1kat.<\/li>\n<\/ul>\n<p><strong>M\u0171szaki adatok:<\/strong><\/p>\n<ul>\n<li><strong>Sz\u00edn:<\/strong> S\u00e1rga (a preferenci\u00e1kt\u00f3l f\u00fcgg\u0151en v\u00e1ltozik)<\/li>\n<li><strong>\u00c1ramforr\u00e1s:<\/strong> 9 V-os elem (t\u00f6bbsz\u00f6r\u00f6zve, elem nem tartoz\u00e9k)<\/li>\n<li><strong>Alkalmazhat\u00f3 k\u00e1belt\u00edpusok:<\/strong> RJ45, RJ11, RJ12, CAT5, CAT6 UTP<\/li>\n<\/ul>\n<p><strong>Haszn\u00e1lati utas\u00edt\u00e1sok:<\/strong><\/p>\n<ol>\n<li><strong>Bekapcsol\u00e1s:<\/strong> Kapcsolja be az eszk\u00f6zt (S a lass\u00fa automatikus lejt\u0151h\u00f6z, Mis a manu\u00e1lishoz).<\/li>\n<li><strong>K\u00e1belek csatlakoztat\u00e1sa:<\/strong> Dugja be a k\u00e1beleket a f\u0151 \u00e9s a t\u00e1voli tesztel\u0151be egyar\u00e1nt.<\/li>\n<li><strong>Eredm\u00e9nyek elemz\u00e9se:<\/strong> Figyelje meg a f\u0151 tesztel\u0151 \u00e9s a t\u00e1voli tesztel\u0151 jelz\u0151f\u00e9nyeit, hogy azonos\u00edtsa a probl\u00e9m\u00e1kat.<\/li>\n<\/ol>\n<p><strong>A csomag tartalma:<\/strong><\/p>\n<ul>\n<li>1 f\u0151 tesztel\u0151<\/li>\n<li>1 x t\u00e1voli tesztel\u0151<\/li>\n<li>Felhaszn\u00e1l\u00f3i k\u00e9zik\u00f6nyv<\/li>\n<\/ul>\n<p>Megb\u00edzhat\u00f3 \u00e9s k\u00f6nnyen haszn\u00e1lhat\u00f3 k\u00e1bel-LAN-tesztel\u0151nk seg\u00edts\u00e9g\u00e9vel biztos\u00edthatja, hogy h\u00e1l\u00f3zata cs\u00facsteljes\u00edtm\u00e9ny\u0171 legyen. Rendeljen most, hogy megtapasztalja a probl\u00e9mamentes h\u00e1l\u00f3zati karbantart\u00e1st \u00e9s telep\u00edt\u00e9st!<\/p>\n","protected":false},"excerpt":{"rendered":"<p>Gy\u0151z\u0151dj\u00f6n meg arr\u00f3l, hogy h\u00e1l\u00f3zati k\u00e1belei hib\u00e1tlanul m\u0171k\u00f6dnek a K\u00e1bel LAN tesztel\u0151nkkel. Az RJ45, RJ11, RJ12 \u00e9s CAT5 \/ CAT6 UTP k\u00e1belek tesztel\u00e9s\u00e9re tervezett sokoldal\u00fa eszk\u00f6z gyorsan azonos\u00edtja a szakadt \u00e1ramk\u00f6r\u00f6ket, a hib\u00e1s bek\u00f6t\u00e9seket \u00e9s a r\u00f6vidz\u00e1rlatokat. K\u00f6nnyen leolvashat\u00f3 jelz\u0151l\u00e1mp\u00e1kkal rendelkezik, \u00e9s 9 V-os elemmel m\u0171k\u00f6dik (nem tartoz\u00e9k). Kompakt \u00e9s hordozhat\u00f3, t\u00f6k\u00e9letes helysz\u00edni tesztel\u00e9shez \u00e9s hibaelh\u00e1r\u00edt\u00e1shoz.<\/p>\n","protected":false},"featured_media":9649,"template":"","meta":[],"product_brand":[],"product_cat":[82],"product_tag":[],"class_list":{"0":"post-9634","1":"product","2":"type-product","3":"status-publish","4":"has-post-thumbnail","6":"product_cat-tools","8":"first","9":"instock","10":"taxable","11":"shipping-taxable","12":"purchasable","13":"product-type-simple"},"_links":{"self":[{"href":"https:\/\/boreait.com\/hu\/wp-json\/wp\/v2\/product\/9634","targetHints":{"allow":["GET"]}}],"collection":[{"href":"https:\/\/boreait.com\/hu\/wp-json\/wp\/v2\/product"}],"about":[{"href":"https:\/\/boreait.com\/hu\/wp-json\/wp\/v2\/types\/product"}],"wp:featuredmedia":[{"embeddable":true,"href":"https:\/\/boreait.com\/hu\/wp-json\/wp\/v2\/media\/9649"}],"wp:attachment":[{"href":"https:\/\/boreait.com\/hu\/wp-json\/wp\/v2\/media?parent=9634"}],"wp:term":[{"taxonomy":"product_brand","embeddable":true,"href":"https:\/\/boreait.com\/hu\/wp-json\/wp\/v2\/product_brand?post=9634"},{"taxonomy":"product_cat","embeddable":true,"href":"https:\/\/boreait.com\/hu\/wp-json\/wp\/v2\/product_cat?post=9634"},{"taxonomy":"product_tag","embeddable":true,"href":"https:\/\/boreait.com\/hu\/wp-json\/wp\/v2\/product_tag?post=9634"}],"curies":[{"name":"wp","href":"https:\/\/api.w.org\/{rel}","templated":true}]}}