{"id":9624,"date":"2025-09-17T12:39:25","date_gmt":"2025-09-17T10:39:25","guid":{"rendered":"https:\/\/boreait.com\/hu\/?post_type=product&#038;p=9624"},"modified":"2025-09-17T12:39:35","modified_gmt":"2025-09-17T10:39:35","slug":"msi-ge72vr-6rf-173-fhd-ips-laptop-kepernyo-matt-30-tus-edp-csatlakozo-uj","status":"publish","type":"product","link":"https:\/\/boreait.com\/hu\/termek\/msi-ge72vr-6rf-173-fhd-ips-laptop-kepernyo-matt-30-tus-edp-csatlakozo-uj\/","title":{"rendered":"MSI GE72VR-6RF 17,3&#8243; FHD IPS laptop k\u00e9perny\u0151 &#8211; matt 30 t\u0171s eDP csatlakoz\u00f3 &#8211; \u00daJ"},"content":{"rendered":"<p><strong>T\u00e9nyleges k\u00e9perny\u0151s modell: N173HCE-E31 Rev. C2 \/ NV173FHM-N41 v8.0 \u2013 teljes m\u00e9rt\u00e9kben kompatibilis az MSI GE72VR-6RF-vel<\/strong><\/p>\n<p>Revitaliz\u00e1lja MSI GE72VR-6RF laptopj\u00e1t a cs\u00facskateg\u00f3ri\u00e1s 17,3&#8243;-es Full HD IPS kijelz\u0151nkkel. Ez a k\u00e9perny\u0151csere leny\u0171g\u00f6z\u0151 l\u00e1tv\u00e1nyt ny\u00fajt, 1920&#215;1080 felbont\u00e1ssal, amely minden k\u00e9pet \u00e9s vide\u00f3t \u00e9les \u00e9s \u00e9l\u00e9nk sz\u00ednekkel kelt \u00e9letre. Az IPS technol\u00f3gia biztos\u00edtja a sz\u00e9les sz\u00edn- \u00e9s sz\u00f6gperspekt\u00edv\u00e1t a f\u00e9nyer\u0151ss\u00e9gt\u0151l a teljes l\u00e1t\u00f3sz\u00f6gig.<\/p>\n<p>A k\u00e9perny\u0151 matt fel\u00fclettel rendelkezik, amely hat\u00e9konyan cs\u00f6kkenti a t\u00fckr\u00f6z\u0151d\u00e9st \u00e9s a t\u00fckr\u00f6z\u0151d\u00e9st, \u00edgy belt\u00e9ri \u00e9s k\u00fclt\u00e9ri haszn\u00e1latra egyar\u00e1nt ide\u00e1lis. Ez t\u00f6k\u00e9letess\u00e9 teszi a j\u00e1t\u00e9kosok, tervez\u0151k \u00e9s \u00fczleti szakemberek sz\u00e1m\u00e1ra, akiknek tiszta \u00e9s k\u00e9nyelmes megtekint\u00e9si \u00e9lm\u00e9nyre van sz\u00fcks\u00e9g\u00fck, zavar\u00f3 t\u00fckr\u00f6z\u0151d\u00e9s n\u00e9lk\u00fcl.<\/p>\n<p>F\u0151bb jellemz\u0151k:<\/p>\n<ul>\n<li><strong>Kompatibilit\u00e1s:<\/strong> Kifejezetten az MSI GE72VR-6RF laptopmodellhez tervezt\u00e9k.<\/li>\n<li><strong>Kijelz\u0151:<\/strong> 17,3 h\u00fcvelykes Full HD (1920&#215;1080) IPS az \u00e9les \u00e9s \u00e9l\u00e9nk l\u00e1tv\u00e1ny\u00e9rt.<\/li>\n<li><strong>Kifejez\u00e9s:<\/strong> Matt t\u00fckr\u00f6z\u0151d\u00e9sg\u00e1tl\u00f3 bevonat a t\u00fckr\u00f6z\u0151d\u00e9s cs\u00f6kkent\u00e9s\u00e9re.<\/li>\n<li><strong>Csatlakoz\u00f3:<\/strong> 30 t\u0171s eDP az egyszer\u0171 \u00e9s biztons\u00e1gos telep\u00edt\u00e9shez.<\/li>\n<li><strong>\u00c1llapot:<\/strong> Vadonat\u00faj, hossz\u00fa \u00e9lettartamot \u00e9s optim\u00e1lis teljes\u00edtm\u00e9nyt biztos\u00edt.<\/li>\n<\/ul>\n<p>A 30 t\u0171s eDP-csatlakoz\u00f3val egyszer\u0171en telep\u00edthet\u0151, ez a k\u00e9perny\u0151csere z\u00f6kken\u0151mentesen illeszkedik az eszk\u00f6zh\u00f6z, lehet\u0151v\u00e9 t\u00e9ve, hogy bonyolult be\u00e1ll\u00edt\u00e1sok n\u00e9lk\u00fcl \u00e9lvezze a tov\u00e1bbfejlesztett l\u00e1tv\u00e1nyt. Ak\u00e1r egy s\u00e9r\u00fclt k\u00e9perny\u0151t cser\u00e9l, ak\u00e1r egyszer\u0171en friss\u00edt a jobb vizu\u00e1lis \u00e9lm\u00e9ny \u00e9rdek\u00e9ben, ez az LCD-k\u00e9perny\u0151 t\u00f6k\u00e9letes v\u00e1laszt\u00e1s az MSI GE72VR-6RF-hez.<\/p>\n<p><strong>Megjegyz\u00e9s:<\/strong> K\u00e9rj\u00fck, v\u00e1s\u00e1rl\u00e1s el\u0151tt gy\u0151z\u0151dj\u00f6n meg arr\u00f3l, hogy kompatibilis az eszk\u00f6z modellj\u00e9vel. A professzion\u00e1lis telep\u00edt\u00e9s azoknak aj\u00e1nlott, akik nem ismerik a laptop k\u00e9perny\u0151cser\u00e9j\u00e9t.<\/p>\n","protected":false},"excerpt":{"rendered":"<p>Friss\u00edtse MSI GE72VR-6RF laptopj\u00e1t ezzel a 17,3 h\u00fcvelykes Full HD IPS matt k\u00e9perny\u0151vel. A kiv\u00e9teles tisztas\u00e1got \u00e9s \u00e9l\u00e9nk sz\u00edneket k\u00edn\u00e1l\u00f3 vadonat\u00faj cserek\u00e9perny\u0151 t\u00f6k\u00e9letes a j\u00e1t\u00e9kosoknak, a szakembereknek \u00e9s b\u00e1rkinek, aki vizu\u00e1lis er\u0151s\u00edt\u00e9st ig\u00e9nyel. A 30 t\u0171s eDP-csatlakoz\u00f3val z\u00f6kken\u0151mentes telep\u00edt\u00e9si folyamatot biztos\u00edt. vil\u00e1g\u00edt\u00e1si \u00e1llapot.<\/p>\n","protected":false},"featured_media":9647,"template":"","meta":[],"product_brand":[],"product_cat":[72,71],"product_tag":[58],"class_list":{"0":"post-9624","1":"product","2":"type-product","3":"status-publish","4":"has-post-thumbnail","6":"product_cat-17-3","7":"product_cat-new-laptop-screens-lcd-panels","8":"product_tag-msi","10":"first","11":"instock","12":"taxable","13":"shipping-taxable","14":"purchasable","15":"product-type-simple"},"_links":{"self":[{"href":"https:\/\/boreait.com\/hu\/wp-json\/wp\/v2\/product\/9624","targetHints":{"allow":["GET"]}}],"collection":[{"href":"https:\/\/boreait.com\/hu\/wp-json\/wp\/v2\/product"}],"about":[{"href":"https:\/\/boreait.com\/hu\/wp-json\/wp\/v2\/types\/product"}],"wp:featuredmedia":[{"embeddable":true,"href":"https:\/\/boreait.com\/hu\/wp-json\/wp\/v2\/media\/9647"}],"wp:attachment":[{"href":"https:\/\/boreait.com\/hu\/wp-json\/wp\/v2\/media?parent=9624"}],"wp:term":[{"taxonomy":"product_brand","embeddable":true,"href":"https:\/\/boreait.com\/hu\/wp-json\/wp\/v2\/product_brand?post=9624"},{"taxonomy":"product_cat","embeddable":true,"href":"https:\/\/boreait.com\/hu\/wp-json\/wp\/v2\/product_cat?post=9624"},{"taxonomy":"product_tag","embeddable":true,"href":"https:\/\/boreait.com\/hu\/wp-json\/wp\/v2\/product_tag?post=9624"}],"curies":[{"name":"wp","href":"https:\/\/api.w.org\/{rel}","templated":true}]}}