{"id":9623,"date":"2025-09-17T12:39:25","date_gmt":"2025-09-17T10:39:25","guid":{"rendered":"https:\/\/boreait.com\/hu\/?post_type=product&#038;p=9623"},"modified":"2025-09-17T12:39:35","modified_gmt":"2025-09-17T10:39:35","slug":"lenovo-z70-80-173-fhd-ips-matt-laptop-kepernyo-uj-fru-5d10k84476","status":"publish","type":"product","link":"https:\/\/boreait.com\/hu\/termek\/lenovo-z70-80-173-fhd-ips-matt-laptop-kepernyo-uj-fru-5d10k84476\/","title":{"rendered":"Lenovo Z70-80 17,3&#8243; FHD IPS matt laptop k\u00e9perny\u0151 &#8211; \u00faj FRU 5D10K84476"},"content":{"rendered":"<p><strong>T\u00e9nyleges k\u00e9perny\u0151s modell: N173HCE-E31 Rev. C2 \/ NV173FHM-N41 v8.0 \u2013 teljes m\u00e9rt\u00e9kben kompatibilis a Lenovo Z70-80-al<\/strong><\/p>\n<p><strong>17,3&#8243; FHD IPS matt laptopk\u00e9perny\u0151\u00a0<\/strong><\/p>\n<p>Friss\u00edtse Lenovo Z70-80 laptopj\u00e1t ezzel a vadonat\u00faj, 17,3 h\u00fcvelykes FHD IPS matt LCD-k\u00e9perny\u0151vel, amely 1920&#215;1080 pixeles felbont\u00e1st k\u00edn\u00e1l az \u00e9les \u00e9s \u00e9l\u00e9nk k\u00e9p \u00e9rdek\u00e9ben. A kiv\u00e1l\u00f3 sz\u00ednpontoss\u00e1got \u00e9s sz\u00e9lesebb betekint\u00e9si sz\u00f6get biztos\u00edt\u00f3 k\u00e9perny\u0151 t\u00f6k\u00e9letes a profiknak \u00e9s a t\u00fckr\u00f6z\u0151d\u00e9smentes fel\u00fcletnek k\u00f6sz\u00f6nhet\u0151en a j\u00e1t\u00e9kosok sz\u00e1m\u00e1ra egyar\u00e1nt. k\u00f6rnyezetben vagy a szabadban.<\/p>\n<p><strong>F\u0151bb jellemz\u0151k:<\/strong><\/p>\n<ul>\n<li><strong>T\u00f6k\u00e9letes kompatibilit\u00e1s:<\/strong> Ez a k\u00e9perny\u0151 kifejezetten a Lenovo Z70-80 modellekhez k\u00e9sz\u00fclt, \u00e9s az FRU 5D10K84476 k\u00f6zvetlen helyettes\u00edt\u0151je.<\/li>\n<li><strong>Leny\u0171g\u00f6z\u0151 l\u00e1tv\u00e1ny:<\/strong> \u00c9lvezze az \u00e9les \u00e9s tiszta k\u00e9peket a Full HD (1920&#215;1080) felbont\u00e1ssal \u00e9s az IPS technol\u00f3gi\u00e1val, amely minden sz\u00f6gb\u0151l egyenletes sz\u00edneket biztos\u00edt.<\/li>\n<li><strong>Matt fel\u00fclet:<\/strong> A t\u00fckr\u00f6z\u0151d\u00e9smentes bevonat minim\u00e1lisra cs\u00f6kkenti a t\u00fckr\u00f6z\u0151d\u00e9st \u00e9s a t\u00fckr\u00f6z\u0151d\u00e9st, \u00edgy m\u00e9g er\u0151sen megvil\u00e1g\u00edtott ter\u00fcleteken is k\u00e9nyelmes megtekint\u00e9si \u00e9lm\u00e9nyt biztos\u00edt.<\/li>\n<li><strong>Egyszer\u0171 telep\u00edt\u00e9s:<\/strong> A 30 t\u0171s eDP-csatlakoz\u00f3 megk\u00f6nny\u00edti a r\u00e9gi k\u00e9perny\u0151 cser\u00e9j\u00e9t. Egyszer\u0171en t\u00e1vol\u00edtsa el a megl\u00e9v\u0151 k\u00e9perny\u0151t, \u00e9s n\u00e9h\u00e1ny egyszer\u0171 l\u00e9p\u00e9sben csatlakoztassa az \u00fajat.<\/li>\n<li><strong>Tart\u00f3s \u00e9s megb\u00edzhat\u00f3:<\/strong> Kiv\u00e1l\u00f3 min\u0151s\u00e9g\u0171 anyagokb\u00f3l k\u00e9sz\u00fclt, \u00edgy biztos\u00edtva a tart\u00f3s teljes\u00edtm\u00e9nyt \u00e9s megb\u00edzhat\u00f3s\u00e1got.<\/li>\n<\/ul>\n<p><strong>M\u0171szaki adatok:<\/strong><\/p>\n<ul>\n<li><strong>M\u00e9ret:<\/strong> 17,3 h\u00fcvelyk<\/li>\n<li><strong>Felbont\u00e1s:<\/strong> 1920&#215;1080 (Full HD)<\/li>\n<li><strong>Panel t\u00edpusa:<\/strong> IPS<\/li>\n<li><strong>Fel\u00fclet:<\/strong> Matt<\/li>\n<li><strong>Csatlakoz\u00f3:<\/strong> 30 t\u0171s eDP<\/li>\n<li><strong>\u00c1llapot:<\/strong> vadonat\u00faj<\/li>\n<\/ul>\n<p><strong>Mi\u00e9rt v\u00e1lassza ezt a k\u00e9perny\u0151t?<\/strong><\/p>\n<p>Legyen sz\u00f3 professzion\u00e1lis tervez\u0151r\u0151l, akinek prec\u00edz sz\u00ednvisszaad\u00e1sra van sz\u00fcks\u00e9ge, j\u00e1t\u00e9kos, aki mag\u00e1val ragad\u00f3 l\u00e1tv\u00e1nyt k\u00edv\u00e1n, vagy tanul\u00f3, aki vil\u00e1gos olvashat\u00f3s\u00e1got ig\u00e9nyel, ez az LCD-k\u00e9perny\u0151 kiv\u00e9teles teljes\u00edtm\u00e9nyt ny\u00fajt. Matt fel\u00fclete k\u00e9nyelmes megtekint\u00e9si \u00e9lm\u00e9nyt biztos\u00edt, cs\u00f6kkenti a szem meger\u0151ltet\u00e9s\u00e9t a hosszabb haszn\u00e1lat sor\u00e1n.<\/p>\n<p><strong>Egyszer\u0171 telep\u00edt\u00e9si \u00fatmutat\u00f3:<\/strong><\/p>\n<ol>\n<li>Kapcsolja ki laptopj\u00e1t, \u00e9s h\u00fazza ki a t\u00e1pegys\u00e9get.<\/li>\n<li>Ha sz\u00fcks\u00e9ges, t\u00e1vol\u00edtsa el az akkumul\u00e1tort.<\/li>\n<li>\u00d3vatosan csavarja le \u00e9s t\u00e1vol\u00edtsa el az el\u0151lapot.<\/li>\n<li>A 30 t\u0171s eDP-k\u00e1bel lev\u00e1laszt\u00e1s\u00e1val v\u00e1lassza le a r\u00e9gi k\u00e9perny\u0151t.<\/li>\n<li>Csatlakoztassa az \u00faj k\u00e9perny\u0151t az eDP-k\u00e1belhez.<\/li>\n<li>R\u00f6gz\u00edtse az \u00faj k\u00e9perny\u0151t, \u00e9s helyezze vissza az el\u0151lapot.<\/li>\n<li>Csatlakoztassa \u00fajra az akkumul\u00e1tort \u00e9s a t\u00e1pegys\u00e9get.<\/li>\n<\/ol>\n<p>Friss\u00edtse Lenovo Z70-80 laptopj\u00e1t m\u00e9g ma ezzel a kiv\u00e1l\u00f3 min\u0151s\u00e9g\u0171 LCD-k\u00e9perny\u0151vel, \u00e9s tapasztalja meg a fokozott vizu\u00e1lis teljes\u00edtm\u00e9nyt \u00e9s k\u00e9nyelmet.<\/p>\n","protected":false},"excerpt":{"rendered":"<p>Fejlessze Lenovo Z70-80 k\u00e9sz\u00fcl\u00e9k\u00e9t ezzel a 17,3&#8243;-es FHD IPS matt LCD-k\u00e9perny\u0151vel. Az 1920&#215;1080-as felbont\u00e1ssal, IPS technol\u00f3gi\u00e1val \u00e9s t\u00fckr\u00f6z\u0151d\u00e9smentes fel\u00fclettel rendelkez\u0151 \u00faj k\u00e9perny\u0151 t\u00f6k\u00e9letes azoknak a szakembereknek \u00e9s j\u00e1t\u00e9kosoknak, akik kiemelked\u0151 vizu\u00e1lis tisztas\u00e1got \u00e9s k\u00e9nyelmet keresnek. K\u00f6nnyen telep\u00edthet\u0151 a 30 t\u0171s eDP csatlakoz\u00f3val, amely k\u00f6zvetlen cser\u00e9t biztos\u00edt az FRU847D-hez.<\/p>\n","protected":false},"featured_media":9647,"template":"","meta":[],"product_brand":[],"product_cat":[72,71],"product_tag":[26],"class_list":{"0":"post-9623","1":"product","2":"type-product","3":"status-publish","4":"has-post-thumbnail","6":"product_cat-17-3","7":"product_cat-new-laptop-screens-lcd-panels","8":"product_tag-lenovo","10":"first","11":"instock","12":"taxable","13":"shipping-taxable","14":"purchasable","15":"product-type-simple"},"_links":{"self":[{"href":"https:\/\/boreait.com\/hu\/wp-json\/wp\/v2\/product\/9623","targetHints":{"allow":["GET"]}}],"collection":[{"href":"https:\/\/boreait.com\/hu\/wp-json\/wp\/v2\/product"}],"about":[{"href":"https:\/\/boreait.com\/hu\/wp-json\/wp\/v2\/types\/product"}],"wp:featuredmedia":[{"embeddable":true,"href":"https:\/\/boreait.com\/hu\/wp-json\/wp\/v2\/media\/9647"}],"wp:attachment":[{"href":"https:\/\/boreait.com\/hu\/wp-json\/wp\/v2\/media?parent=9623"}],"wp:term":[{"taxonomy":"product_brand","embeddable":true,"href":"https:\/\/boreait.com\/hu\/wp-json\/wp\/v2\/product_brand?post=9623"},{"taxonomy":"product_cat","embeddable":true,"href":"https:\/\/boreait.com\/hu\/wp-json\/wp\/v2\/product_cat?post=9623"},{"taxonomy":"product_tag","embeddable":true,"href":"https:\/\/boreait.com\/hu\/wp-json\/wp\/v2\/product_tag?post=9623"}],"curies":[{"name":"wp","href":"https:\/\/api.w.org\/{rel}","templated":true}]}}