{"id":9619,"date":"2025-09-17T12:39:25","date_gmt":"2025-09-17T10:39:25","guid":{"rendered":"https:\/\/boreait.com\/hu\/?post_type=product&#038;p=9619"},"modified":"2025-09-17T12:39:34","modified_gmt":"2025-09-17T10:39:34","slug":"ltn173hl01-173-fhd-ips-matt-laptop-kepernyo-30-tus-edp-uj","status":"publish","type":"product","link":"https:\/\/boreait.com\/hu\/termek\/ltn173hl01-173-fhd-ips-matt-laptop-kepernyo-30-tus-edp-uj\/","title":{"rendered":"LTN173HL01 17,3&#8243; FHD IPS matt laptop k\u00e9perny\u0151, 30 t\u0171s eDP, \u00faj"},"content":{"rendered":"<p><strong>T\u00e9nyleges k\u00e9perny\u0151s modell: N173HCE-E31 Rev. C2 \/ NV173FHM-N41 v8.0 \u2013 teljes m\u00e9rt\u00e9kben kompatibilis az LTN173HL01-el<\/strong><\/p>\n<p>Fokozza laptopja kijelz\u0151j\u00e9t az LTN173HL01 17,3 h\u00fcvelykes FHD IPS matt laptopk\u00e9perny\u0151vel. Ezt a pr\u00e9mium cserek\u00e9perny\u0151t \u00fagy tervezt\u00e9k, hogy leny\u0171g\u00f6z\u0151 l\u00e1tv\u00e1nyt ny\u00fajtson Full HD (1920&#215;1080) felbont\u00e1s\u00e1val \u00e9s IPS technol\u00f3gi\u00e1j\u00e1val, \u00e9l\u00e9nk sz\u00edneket \u00e9s sz\u00e9les betekint\u00e9si sz\u00f6geket biztos\u00edtva.<\/p>\n<p>F\u0151bb jellemz\u0151k:<\/p>\n<ul>\n<li><strong>Full HD felbont\u00e1s:<\/strong> Tapasztalja meg az \u00e9les \u00e9s r\u00e9szletgazdag k\u00e9peket az 1920&#215;1080-as felbont\u00e1ssal, amely t\u00f6k\u00e9letes multim\u00e9di\u00e1hoz, j\u00e1t\u00e9kokhoz \u00e9s professzion\u00e1lis alkalmaz\u00e1sokhoz.<\/li>\n<li><strong>IPS technol\u00f3gia:<\/strong> \u00c9lvezze a konzisztens \u00e9s pontos sz\u00edneket b\u00e1rmilyen sz\u00f6gb\u0151l, jobb f\u00e9nyer\u0151vel \u00e9s kontraszttal a kiv\u00e1l\u00f3 megtekint\u00e9si \u00e9lm\u00e9ny \u00e9rdek\u00e9ben.<\/li>\n<li><strong>Matt fel\u00fclet:<\/strong> A t\u00fckr\u00f6z\u0151d\u00e9smentes matt fel\u00fclet cs\u00f6kkenti a t\u00fckr\u00f6z\u0151d\u00e9st \u00e9s a szem meger\u0151ltet\u00e9s\u00e9t, \u00edgy m\u00e9g vil\u00e1gos k\u00f6rnyezetben is k\u00e9nyelmes megtekint\u00e9st biztos\u00edt.<\/li>\n<li><strong>30 t\u0171s eDP-csatlakoz\u00f3:<\/strong> Kompatibilis a laptopok sz\u00e9les v\u00e1laszt\u00e9k\u00e1val, amelyek a 30 t\u0171s eDP-interf\u00e9szt haszn\u00e1lj\u00e1k az egyszer\u0171 telep\u00edt\u00e9s \u00e9rdek\u00e9ben.<\/li>\n<li><strong>Tart\u00f3s fel\u00e9p\u00edt\u00e9s:<\/strong> A kiv\u00e1l\u00f3 min\u0151s\u00e9g\u0171 anyagokb\u00f3l k\u00e9sz\u00fclt k\u00e9perny\u0151t a tart\u00f3s teljes\u00edtm\u00e9nyre \u00e9s megb\u00edzhat\u00f3s\u00e1gra tervezt\u00e9k.<\/li>\n<\/ul>\n<p>Ak\u00e1r s\u00e9r\u00fclt k\u00e9perny\u0151t cser\u00e9l, ak\u00e1r a jobb teljes\u00edtm\u00e9ny \u00e9rdek\u00e9ben friss\u00edt, az LTN173HL01 kiv\u00e1l\u00f3 v\u00e1laszt\u00e1s laptopja megjelen\u00edt\u00e9si min\u0151s\u00e9g\u00e9nek jav\u00edt\u00e1s\u00e1ra. \u00c9lvezze a z\u00f6kken\u0151mentes telep\u00edt\u00e9si folyamatot, \u00e9s alak\u00edtsa \u00e1t laptopj\u00e1t a vizu\u00e1lis kiv\u00e1l\u00f3s\u00e1g er\u0151g\u00e9p\u00e9v\u00e9.<\/p>\n","protected":false},"excerpt":{"rendered":"<p>Friss\u00edtse laptopja kijelz\u0151j\u00e9t az LTN173HL01 17,3 h\u00fcvelykes FHD IPS matt k\u00e9perny\u0151vel. Ez a nagy felbont\u00e1s\u00fa cserek\u00e9perny\u0151 \u00e9l\u00e9nk sz\u00edneket \u00e9s \u00e9les tisztas\u00e1got k\u00edn\u00e1l, amely t\u00f6k\u00e9letes a megtekint\u00e9si \u00e9lm\u00e9ny fokoz\u00e1s\u00e1hoz. Kompatibilis a 30 t\u0171s eDP-csatlakoz\u00f3t haszn\u00e1l\u00f3 laptopokkal, karcs\u00fa, csillog\u00e1smentes fel\u00fcletet biztos\u00edt a szemk\u00e1ros\u00edt\u00e1s cs\u00f6kkent\u00e9se \u00e9rdek\u00e9ben.<\/p>\n","protected":false},"featured_media":9647,"template":"","meta":[],"product_brand":[],"product_cat":[72,71],"product_tag":[],"class_list":{"0":"post-9619","1":"product","2":"type-product","3":"status-publish","4":"has-post-thumbnail","6":"product_cat-17-3","7":"product_cat-new-laptop-screens-lcd-panels","9":"first","10":"instock","11":"taxable","12":"shipping-taxable","13":"purchasable","14":"product-type-simple"},"_links":{"self":[{"href":"https:\/\/boreait.com\/hu\/wp-json\/wp\/v2\/product\/9619","targetHints":{"allow":["GET"]}}],"collection":[{"href":"https:\/\/boreait.com\/hu\/wp-json\/wp\/v2\/product"}],"about":[{"href":"https:\/\/boreait.com\/hu\/wp-json\/wp\/v2\/types\/product"}],"wp:featuredmedia":[{"embeddable":true,"href":"https:\/\/boreait.com\/hu\/wp-json\/wp\/v2\/media\/9647"}],"wp:attachment":[{"href":"https:\/\/boreait.com\/hu\/wp-json\/wp\/v2\/media?parent=9619"}],"wp:term":[{"taxonomy":"product_brand","embeddable":true,"href":"https:\/\/boreait.com\/hu\/wp-json\/wp\/v2\/product_brand?post=9619"},{"taxonomy":"product_cat","embeddable":true,"href":"https:\/\/boreait.com\/hu\/wp-json\/wp\/v2\/product_cat?post=9619"},{"taxonomy":"product_tag","embeddable":true,"href":"https:\/\/boreait.com\/hu\/wp-json\/wp\/v2\/product_tag?post=9619"}],"curies":[{"name":"wp","href":"https:\/\/api.w.org\/{rel}","templated":true}]}}