{"id":9618,"date":"2025-09-17T12:39:25","date_gmt":"2025-09-17T10:39:25","guid":{"rendered":"https:\/\/boreait.com\/hu\/?post_type=product&#038;p=9618"},"modified":"2025-09-17T12:39:32","modified_gmt":"2025-09-17T10:39:32","slug":"n173hce-e31-rev-c2-173-fhd-ips-matt-laptop-kepernyo-30-tus-edp-uj","status":"publish","type":"product","link":"https:\/\/boreait.com\/hu\/termek\/n173hce-e31-rev-c2-173-fhd-ips-matt-laptop-kepernyo-30-tus-edp-uj\/","title":{"rendered":"N173HCE-E31 Rev. C2 17,3&#8243; FHD IPS matt laptop k\u00e9perny\u0151 &#8211; 30 t\u0171s eDP \u00faj"},"content":{"rendered":"<p><strong>T\u00e9nyleges k\u00e9perny\u0151s modell: N173HCE-E31 Rev. C2 \/ NV173FHM-N41 v8.0 \u2013 17,3&#8243; FHD IPS matt laptopk\u00e9perny\u0151<\/strong><\/p>\n<p>Fokozza a laptop \u00e9lm\u00e9ny\u00e9t az N173HCE-E31 Rev. C2 17,3 h\u00fcvelykes Full HD IPS matt k\u00e9perny\u0151vel. A kiv\u00e1l\u00f3 k\u00e9pmin\u0151s\u00e9get \u00e9s teljes\u00edtm\u00e9nyt biztos\u00edt\u00f3, nagy felbont\u00e1s\u00fa kijelz\u0151 t\u00f6k\u00e9letes v\u00e1laszt\u00e1s a kiv\u00e1l\u00f3s\u00e1got ig\u00e9nyl\u0151 felhaszn\u00e1l\u00f3k sz\u00e1m\u00e1ra. Az 1920 x 1080 pixeles Full HD felbont\u00e1s\u00fa k\u00e9perny\u0151 \u00e9les, tiszta l\u00e1tv\u00e1nyt ny\u00fajt, amely \u00e9letre kelti a tartalmat.<\/p>\n<p>Az In-Plane Switching (IPS) technol\u00f3gia kiemelked\u0151 sz\u00ednpontoss\u00e1got \u00e9s egyenletes f\u00e9nyer\u0151t biztos\u00edt sz\u00e9les, 178 fokos l\u00e1t\u00f3sz\u00f6gben, \u00edgy ide\u00e1lis a kreat\u00edv szakemberek \u00e9s a multim\u00e9di\u00e1s rajong\u00f3k sz\u00e1m\u00e1ra. A matt fel\u00fclet minim\u00e1lisra cs\u00f6kkenti a t\u00fckr\u00f6z\u0151d\u00e9st, lehet\u0151v\u00e9 t\u00e9ve, hogy k\u00e9nyelmesen dolgozhasson k\u00fcl\u00f6nf\u00e9le f\u00e9nyviszonyok k\u00f6z\u00f6tt, an\u00e9lk\u00fcl, hogy eltereln\u00e9 a t\u00fckr\u00f6z\u0151d\u00e9st.<\/p>\n<p>A 30 t\u0171s be\u00e1gyazott DisplayPort (eDP) csatlakoz\u00f3val felszerelt k\u00e9perny\u0151 laptopmodellek sz\u00e9les v\u00e1laszt\u00e9k\u00e1val kompatibilis. Ak\u00e1r egy s\u00e9r\u00fclt k\u00e9perny\u0151t cser\u00e9l, ak\u00e1r a jobb teljes\u00edtm\u00e9ny \u00e9rdek\u00e9ben friss\u00edt, az N173HCE-E31 Rev. C2 kiv\u00e1l\u00f3 v\u00e1laszt\u00e1s. A LED-es h\u00e1tt\u00e9rvil\u00e1g\u00edt\u00e1s gondoskodik az energiahat\u00e9konys\u00e1gr\u00f3l \u00e9s a hosszabb \u00e9lettartamr\u00f3l, a v\u00e9kony kialak\u00edt\u00e1s pedig t\u00f6k\u00e9letesen illeszkedik a laptop form\u00e1j\u00e1ba.<\/p>\n<p>Ez a k\u00e9perny\u0151 t\u00f6k\u00e9letes mindenki sz\u00e1m\u00e1ra, aki jav\u00edtani szeretn\u00e9 a megtekint\u00e9si \u00e9lm\u00e9ny\u00e9t, legyen sz\u00f3 prec\u00edz sz\u00ednvisszaad\u00e1st ig\u00e9nyl\u0151 profir\u00f3l, mag\u00e1val ragad\u00f3 l\u00e1tv\u00e1nyt keres\u0151 j\u00e1t\u00e9kosr\u00f3l vagy egyszer\u0171en kiv\u00e1l\u00f3 kijelz\u0151r\u0151l. Fektessen be az N173HCE-E31 Rev. C2 k\u00e9perny\u0151be, \u00e9s jav\u00edtsa eszk\u00f6ze k\u00e9pess\u00e9geit m\u00e9g ma.<\/p>\n<p><strong>F\u0151bb jellemz\u0151k:<\/strong><\/p>\n<ul>\n<li><strong>Kijelz\u0151 m\u00e9rete:<\/strong> 17,3 h\u00fcvelyk<\/li>\n<li><strong>Felbont\u00e1s:<\/strong> Full HD 1920 x 1080 pixel<\/li>\n<li><strong>Technol\u00f3gia:<\/strong> IPS sz\u00e9les, 178 fokos l\u00e1t\u00f3sz\u00f6ggel<\/li>\n<li><strong>Fel\u00fclet:<\/strong> Matt t\u00fckr\u00f6z\u0151d\u00e9smentes fel\u00fclet<\/li>\n<li><strong>Csatlakoz\u00f3:<\/strong> 30 t\u0171s eDP<\/li>\n<li><strong>H\u00e1tt\u00e9rvil\u00e1g\u00edt\u00e1s:<\/strong> Energiatakar\u00e9kos LED<\/li>\n<li><strong>\u00c1llapot:<\/strong> \u00daj<\/li>\n<\/ul>\n","protected":false},"excerpt":{"rendered":"<p>Friss\u00edtse laptopj\u00e1t az N173HCE-E31 Rev. C2 17,3 h\u00fcvelykes FHD IPS matt k\u00e9perny\u0151vel. 1920 x 1080 felbont\u00e1s\u00fa, sz\u00e9les betekint\u00e9si sz\u00f6ggel \u00e9s t\u00fckr\u00f6z\u0151d\u00e9smentes fel\u00fclettel ez a k\u00e9perny\u0151 kiv\u00e9teles k\u00e9pmin\u0151s\u00e9get biztos\u00edt. A 30 t\u0171s eDP laptopokkal kompatibilis, t\u00f6k\u00e9letes cser\u00e9re vagy friss\u00edt\u00e9sre.<\/p>\n","protected":false},"featured_media":9647,"template":"","meta":[],"product_brand":[],"product_cat":[72,71],"product_tag":[],"class_list":{"0":"post-9618","1":"product","2":"type-product","3":"status-publish","4":"has-post-thumbnail","6":"product_cat-17-3","7":"product_cat-new-laptop-screens-lcd-panels","9":"first","10":"instock","11":"taxable","12":"shipping-taxable","13":"purchasable","14":"product-type-simple"},"_links":{"self":[{"href":"https:\/\/boreait.com\/hu\/wp-json\/wp\/v2\/product\/9618","targetHints":{"allow":["GET"]}}],"collection":[{"href":"https:\/\/boreait.com\/hu\/wp-json\/wp\/v2\/product"}],"about":[{"href":"https:\/\/boreait.com\/hu\/wp-json\/wp\/v2\/types\/product"}],"wp:featuredmedia":[{"embeddable":true,"href":"https:\/\/boreait.com\/hu\/wp-json\/wp\/v2\/media\/9647"}],"wp:attachment":[{"href":"https:\/\/boreait.com\/hu\/wp-json\/wp\/v2\/media?parent=9618"}],"wp:term":[{"taxonomy":"product_brand","embeddable":true,"href":"https:\/\/boreait.com\/hu\/wp-json\/wp\/v2\/product_brand?post=9618"},{"taxonomy":"product_cat","embeddable":true,"href":"https:\/\/boreait.com\/hu\/wp-json\/wp\/v2\/product_cat?post=9618"},{"taxonomy":"product_tag","embeddable":true,"href":"https:\/\/boreait.com\/hu\/wp-json\/wp\/v2\/product_tag?post=9618"}],"curies":[{"name":"wp","href":"https:\/\/api.w.org\/{rel}","templated":true}]}}