{"id":9613,"date":"2025-09-17T12:39:11","date_gmt":"2025-09-17T10:39:11","guid":{"rendered":"https:\/\/boreait.com\/hu\/?post_type=product&#038;p=9613"},"modified":"2025-10-15T14:12:47","modified_gmt":"2025-10-15T12:12:47","slug":"uj-156-os-fhd-ips-matt-lcd-kepernyo-hp-15-fc0013-es-mas-keszulekekhez-30-tus-konzolok-nelkul","status":"publish","type":"product","link":"https:\/\/boreait.com\/hu\/termek\/uj-156-os-fhd-ips-matt-lcd-kepernyo-hp-15-fc0013-es-mas-keszulekekhez-30-tus-konzolok-nelkul\/","title":{"rendered":"\u00daj, 15,6&#8243;-os FHD IPS matt LCD-k\u00e9perny\u0151 HP 15-fc0013 \u00e9s m\u00e1s k\u00e9sz\u00fcl\u00e9kekhez, 30 t\u0171s, konzolok n\u00e9lk\u00fcl"},"content":{"rendered":"<p><strong>T\u00e9nyleges LCD-kijelz\u0151s modell: B156ZAN03.6 vagy N156HCA-EAB Rev C.4 \u2013 teljesen kompatibilis a HP 15-fc0013 15-fc0013od 15-fc0037wm HP 15-fc0093dx 15-fd0555tfg05055tfd01013 15-fc0013 15-fc0013od laptopokkal 15-fd0707st 15-FC0017NA<\/strong><\/p>\n<p>Friss\u00edtse HP laptopj\u00e1t pr\u00e9mium 15,6 h\u00fcvelykes Full HD IPS LCD-k\u00e9perny\u0151nkkel, amely kompatibilis sz\u00e1mos HP modellel, bele\u00e9rtve a HP 15-fc0013, 15-fc0013od, 15-fc0037wm, 15-fc0093dx, 15-fd0055tg0, 0015tfg0 15-fd0707st Ez a kiv\u00e1l\u00f3 min\u0151s\u00e9g\u0171 kijelz\u0151 1920&#215;1080-as felbont\u00e1s\u00e1val leny\u0171g\u00f6z\u0151 l\u00e1tv\u00e1nyt ny\u00fajt, \u00e9les, \u00e9l\u00e9nk k\u00e9peket \u00e9s kiv\u00e1l\u00f3 megtekint\u00e9si \u00e9lm\u00e9nyt.<\/p>\n<p>A k\u00e9perny\u0151 matt fel\u00fclete cs\u00f6kkenti a t\u00fckr\u00f6z\u0151d\u00e9st \u00e9s a t\u00fckr\u00f6z\u0151d\u00e9st, \u00edgy ide\u00e1lis az er\u0151sen megvil\u00e1g\u00edtott k\u00f6rnyezetben val\u00f3 haszn\u00e1latra. Ak\u00e1r projekteken dolgozik, ak\u00e1r kedvenc m\u0171sorait streameli, ak\u00e1r az interneten b\u00f6ng\u00e9szik, ez a k\u00e9perny\u0151 tisztas\u00e1got \u00e9s k\u00e9nyelmet biztos\u00edt.<\/p>\n<p>Az egyszer\u0171 telep\u00edt\u00e9sre tervezett k\u00e9perny\u0151 30 t\u0171s eDP-csatlakoz\u00f3val rendelkezik, \u00e9s k\u00e9toldalas ragaszt\u00f3cs\u00edkokkal rendelkezik, \u00edgy nincs sz\u00fcks\u00e9g konzolokra. A robusztus fel\u00e9p\u00edt\u00e9s tart\u00f3ss\u00e1got biztos\u00edt, m\u00edg az IPS technol\u00f3gia sz\u00e9les betekint\u00e9si sz\u00f6geket biztos\u00edt, t\u00f6k\u00e9letes k\u00f6z\u00f6s munk\u00e1hoz vagy sz\u00f3rakoz\u00e1shoz.<\/p>\n<p><strong>Jellemz\u0151k:<\/strong><\/p>\n<ul>\n<li><strong>Kompatibilit\u00e1s:<\/strong> A k\u00f6vetkez\u0151 HP modellekhez haszn\u00e1lhat\u00f3: 15-fc0013, 15-fc0013od, 15-fc0037wm, 15-fc0093dx, 15-fd0055tg, 15-fd0075tg, 0707-stg, 0707 15-FC0017NA.<\/li>\n<li><strong>M\u00e9ret \u00e9s felbont\u00e1s:<\/strong> 15,6 h\u00fcvelykes Full HD (1920&#215;1080) kijelz\u0151 a tiszta, \u00e9les k\u00e9pek\u00e9rt.<\/li>\n<li><strong>Matt fel\u00fclet:<\/strong> Cs\u00f6kkenti a t\u00fckr\u00f6z\u0151d\u00e9st a k\u00e9nyelmes megtekint\u00e9s \u00e9rdek\u00e9ben k\u00fcl\u00f6nf\u00e9le f\u00e9nyviszonyok k\u00f6z\u00f6tt.<\/li>\n<li><strong>IPS technol\u00f3gia:<\/strong> \u00c9lvezze a sz\u00e9les betekint\u00e9si sz\u00f6geket \u00e9s az \u00e9l\u00e9nk sz\u00edneket.<\/li>\n<li><strong>Egyszer\u0171 telep\u00edt\u00e9s:<\/strong> 30 t\u0171s eDP-csatlakoz\u00f3 k\u00e9toldalas ragaszt\u00f3cs\u00edkokkal.<\/li>\n<\/ul>\n<p>Fokozza m\u00e9g ma laptopja \u00e9lm\u00e9ny\u00e9t ezzel a cs\u00facsmin\u0151s\u00e9g\u0171 LCD-k\u00e9perny\u0151vel, amelyet a legjobbat ig\u00e9nyl\u0151 profik \u00e9s h\u00e9tk\u00f6znapi felhaszn\u00e1l\u00f3k sz\u00e1m\u00e1ra egyar\u00e1nt terveztek.<\/p>\n","protected":false},"excerpt":{"rendered":"<p>Fejlessze HP laptopj\u00e1t 15,6&#8243;-os FHD IPS LCD-k\u00e9perny\u0151nkkel. Matt fel\u00fclettel \u00e9s 30 t\u0171s eDP-csatlakoz\u00f3val rendelkez\u0151 k\u00e9perny\u0151 \u00e9les k\u00e9pet \u00e9s sz\u00e9les betekint\u00e9si sz\u00f6get k\u00edn\u00e1l, kompatibilis t\u00f6bb HP-modellel. K\u00f6nny\u0171 telep\u00edt\u00e9s a mell\u00e9kelt ragaszt\u00f3cs\u00edkokkal. T\u00f6k\u00e9letes a t\u00fckr\u00f6z\u0151d\u00e9s cs\u00f6kkent\u00e9s\u00e9re b\u00e1rmilyen f\u00e9nyviszonyok mellett.<\/p>\n","protected":false},"featured_media":9615,"template":"","meta":[],"product_brand":[],"product_cat":[81,71],"product_tag":[],"class_list":{"0":"post-9613","1":"product","2":"type-product","3":"status-publish","4":"has-post-thumbnail","6":"product_cat-15-6-new-laptop-screens-lcd-panels","7":"product_cat-new-laptop-screens-lcd-panels","9":"first","10":"instock","11":"taxable","12":"shipping-taxable","13":"purchasable","14":"product-type-simple"},"_links":{"self":[{"href":"https:\/\/boreait.com\/hu\/wp-json\/wp\/v2\/product\/9613","targetHints":{"allow":["GET"]}}],"collection":[{"href":"https:\/\/boreait.com\/hu\/wp-json\/wp\/v2\/product"}],"about":[{"href":"https:\/\/boreait.com\/hu\/wp-json\/wp\/v2\/types\/product"}],"wp:featuredmedia":[{"embeddable":true,"href":"https:\/\/boreait.com\/hu\/wp-json\/wp\/v2\/media\/9615"}],"wp:attachment":[{"href":"https:\/\/boreait.com\/hu\/wp-json\/wp\/v2\/media?parent=9613"}],"wp:term":[{"taxonomy":"product_brand","embeddable":true,"href":"https:\/\/boreait.com\/hu\/wp-json\/wp\/v2\/product_brand?post=9613"},{"taxonomy":"product_cat","embeddable":true,"href":"https:\/\/boreait.com\/hu\/wp-json\/wp\/v2\/product_cat?post=9613"},{"taxonomy":"product_tag","embeddable":true,"href":"https:\/\/boreait.com\/hu\/wp-json\/wp\/v2\/product_tag?post=9613"}],"curies":[{"name":"wp","href":"https:\/\/api.w.org\/{rel}","templated":true}]}}