{"id":9612,"date":"2025-09-17T12:39:10","date_gmt":"2025-09-17T10:39:10","guid":{"rendered":"https:\/\/boreait.com\/hu\/?post_type=product&#038;p=9612"},"modified":"2025-10-15T14:12:47","modified_gmt":"2025-10-15T12:12:47","slug":"uj-156-huvelykes-fhd-matt-lcd-kepernyo-asus-vivobook-x513ea-hoz-30-tus-edp-csatlakozo","status":"publish","type":"product","link":"https:\/\/boreait.com\/hu\/termek\/uj-156-huvelykes-fhd-matt-lcd-kepernyo-asus-vivobook-x513ea-hoz-30-tus-edp-csatlakozo\/","title":{"rendered":"\u00daj 15,6 h\u00fcvelykes FHD matt LCD k\u00e9perny\u0151 ASUS VivoBook X513EA-hoz &#8211; 30 t\u0171s eDP csatlakoz\u00f3"},"content":{"rendered":"<p><strong>T\u00e9nyleges LCD-k\u00e9perny\u0151s modell: B156ZAN03.6 vagy N156HCA-EAB Rev C.4 \u2013 teljes m\u00e9rt\u00e9kben kompatibilis a k\u00f6vetkez\u0151vel: <span data-sheets-root=\"1\" data-sheets-value=\"{&quot;1&quot;:2,&quot;2&quot;:&quot;ASUS VI8VOCB7\"X5H1}EA-BOOK data-sheets-userformat=\"{&quot;2&quot;:513,&quot;3&quot;:{&quot;1&quot;:0},&quot;12&quot;:0}\">ASUS VIVOBOOK X513EA-BH79-CB<\/span><\/strong><\/p>\n<p>Fejlessze ASUS VivoBook X513EA-BH79-CB laptopj\u00e1t cs\u00facsmin\u0151s\u00e9g\u0171, 15,6 h\u00fcvelykes FHD IPS LCD k\u00e9perny\u0151nkkel. A leny\u0171g\u00f6z\u0151 l\u00e1tv\u00e1nyt ny\u00fajt\u00f3 k\u00e9perny\u0151 a k\u00f6vetkez\u0151ket k\u00edn\u00e1lja:<\/p>\n<ul>\n<li><strong>Full HD felbont\u00e1s<\/strong>: \u00c9lvezze az \u00e9les, tiszta k\u00e9peket \u00e9s az \u00e9l\u00e9nk sz\u00edneket az 1920&#215;1080 pixeles kijelz\u0151vel, amely munk\u00e1hoz \u00e9s sz\u00f3rakoz\u00e1shoz egyar\u00e1nt t\u00f6k\u00e9letes.<\/li>\n<li><strong>IPS technol\u00f3gia<\/strong>: A sz\u00e9les betekint\u00e9si sz\u00f6gek egyenletes, pontos sz\u00ednvisszaad\u00e1st biztos\u00edtanak, \u00edgy ide\u00e1lis grafikai tervez\u00e9shez, j\u00e1t\u00e9khoz \u00e9s vide\u00f3lej\u00e1tsz\u00e1shoz.<\/li>\n<li><strong>Matt fel\u00fclet<\/strong>: A t\u00fckr\u00f6z\u0151d\u00e9smentes fel\u00fclet minim\u00e1lisra cs\u00f6kkenti a t\u00fckr\u00f6z\u0151d\u00e9st \u00e9s a szem meger\u0151ltet\u00e9s\u00e9t, \u00edgy k\u00e9nyelmes megtekint\u00e9st biztos\u00edt k\u00fcl\u00f6nf\u00e9le f\u00e9nyviszonyok k\u00f6z\u00f6tt.<\/li>\n<li><strong>Egyszer\u0171 telep\u00edt\u00e9s<\/strong>: A 30 t\u0171s eDP-csatlakoz\u00f3val a telep\u00edt\u00e9s egyszer\u0171 \u00e9s gyors. A k\u00e9toldalas ragaszt\u00f3cs\u00edkok a biztons\u00e1gos illeszked\u00e9st \u00e9s a professzion\u00e1lis megjelen\u00e9st garant\u00e1lj\u00e1k.<\/li>\n<li><strong>Tart\u00f3s \u00e9s megb\u00edzhat\u00f3<\/strong>: Kiv\u00e1l\u00f3 min\u0151s\u00e9g\u0171 anyagokb\u00f3l k\u00e9sz\u00fclt, hogy ellen\u00e1lljon a napi haszn\u00e1latnak, \u00e9s hosszan tart\u00f3 teljes\u00edtm\u00e9nyt ny\u00fajtson.<\/li>\n<\/ul>\n<p>Magabiztosan friss\u00edtheti laptopja kijelz\u0151j\u00e9t, tudva, hogy egy olyan pr\u00e9mium cserek\u00e9perny\u0151re fektet be, amely megfelel a legmagasabb min\u0151s\u00e9gi \u00e9s teljes\u00edtm\u00e9nyi k\u00f6vetelm\u00e9nyeknek.<\/p>\n","protected":false},"excerpt":{"rendered":"<p>Friss\u00edtse ASUS VivoBook X513EA-BH79-CB-j\u00e9t ezzel a kiv\u00e1l\u00f3 min\u0151s\u00e9g\u0171 15,6&#8243;-es FHD IPS LCD-k\u00e9perny\u0151vel. Matt fel\u00fclettel \u00e9s \u00e9l\u00e9nk sz\u00ednpontoss\u00e1ggal rendelkez\u0151 k\u00e9perny\u0151 pr\u00e9mium n\u00e9z\u00e9si \u00e9lm\u00e9nyt ny\u00fajt t\u00fckr\u00f6z\u0151d\u00e9s n\u00e9lk\u00fcl. A 30 t\u0171s eDP-csatlakoz\u00f3val felszerelt z\u00f6kken\u0151mentes duplacs\u00edkos kompatibilit\u00e1st \u00e9s prec\u00edz telep\u00edt\u00e9st biztos\u00edt. illeszkedik, \u00edgy a csere folyamata z\u00f6kken\u0151mentes \u00e9s probl\u00e9mamentes lesz.<\/p>\n","protected":false},"featured_media":9615,"template":"","meta":[],"product_brand":[],"product_cat":[81,71],"product_tag":[30],"class_list":{"0":"post-9612","1":"product","2":"type-product","3":"status-publish","4":"has-post-thumbnail","6":"product_cat-15-6-new-laptop-screens-lcd-panels","7":"product_cat-new-laptop-screens-lcd-panels","8":"product_tag-asus","10":"first","11":"instock","12":"taxable","13":"shipping-taxable","14":"purchasable","15":"product-type-simple"},"_links":{"self":[{"href":"https:\/\/boreait.com\/hu\/wp-json\/wp\/v2\/product\/9612","targetHints":{"allow":["GET"]}}],"collection":[{"href":"https:\/\/boreait.com\/hu\/wp-json\/wp\/v2\/product"}],"about":[{"href":"https:\/\/boreait.com\/hu\/wp-json\/wp\/v2\/types\/product"}],"wp:featuredmedia":[{"embeddable":true,"href":"https:\/\/boreait.com\/hu\/wp-json\/wp\/v2\/media\/9615"}],"wp:attachment":[{"href":"https:\/\/boreait.com\/hu\/wp-json\/wp\/v2\/media?parent=9612"}],"wp:term":[{"taxonomy":"product_brand","embeddable":true,"href":"https:\/\/boreait.com\/hu\/wp-json\/wp\/v2\/product_brand?post=9612"},{"taxonomy":"product_cat","embeddable":true,"href":"https:\/\/boreait.com\/hu\/wp-json\/wp\/v2\/product_cat?post=9612"},{"taxonomy":"product_tag","embeddable":true,"href":"https:\/\/boreait.com\/hu\/wp-json\/wp\/v2\/product_tag?post=9612"}],"curies":[{"name":"wp","href":"https:\/\/api.w.org\/{rel}","templated":true}]}}