{"id":961,"date":"2025-09-17T09:47:32","date_gmt":"2025-09-17T07:47:32","guid":{"rendered":"https:\/\/boreait.com\/hu\/?post_type=product&#038;p=961"},"modified":"2026-01-07T10:07:54","modified_gmt":"2026-01-07T09:07:54","slug":"dell-optiplex-9010-3-5-merevlemez-caddy-28k79-028k79-cn-028k79","status":"publish","type":"product","link":"https:\/\/boreait.com\/hu\/termek\/dell-optiplex-9010-3-5-merevlemez-caddy-28k79-028k79-cn-028k79\/","title":{"rendered":"Dell OptiPlex 9010 3.5 merevlemez Caddy 28K79 028K79 CN-028K79"},"content":{"rendered":"<p>A Dell OptiPlex 9010 3,5&#8243;-os merevlemez-meghajt\u00f3 (cikksz\u00e1m: 28K79 vagy CN-028K79) n\u00e9lk\u00fcl\u00f6zhetetlen eleme a Dell OptiPlex 9010 asztali sz\u00e1m\u00edt\u00f3g\u00e9pe t\u00e1rol\u00f3kapacit\u00e1s\u00e1nak b\u0151v\u00edt\u00e9s\u00e9nek. Ez a Dell \u00e1ltal tervezett \u00e9s gy\u00e1rtott merevlemez-meghajt\u00f3 k\u00e9nyelmes \u00e9s biztons\u00e1gos megold\u00e1st k\u00edn\u00e1l a sz\u00e1m\u00edt\u00f3g\u00e9pbe t\u00f6rt\u00e9n\u0151 k\u00f6zvetlen telep\u00edt\u00e9shez.<\/p>\n<p>Az adatig\u00e9nyes alkalmaz\u00e1sok \u00e9s a multim\u00e9di\u00e1s tartalmak miatti n\u00f6vekv\u0151 t\u00e1rhelyig\u00e9ny miatt egy tov\u00e1bbi merevlemez hozz\u00e1ad\u00e1sa k\u00f6lts\u00e9ghat\u00e9kony m\u00f3dja annak, hogy \u00faj rendszer v\u00e1s\u00e1rl\u00e1sa n\u00e9lk\u00fcl fedezze t\u00e1rhelysz\u00fcks\u00e9gleteit. A caddy seg\u00edts\u00e9g\u00e9vel k\u00f6nnyed\u00e9n telep\u00edthet egy kompatibilis 3,5&#8243;-es merevlemezt, \u00edgy t\u00f6bb f\u00e1jl, alkalmaz\u00e1s \u00e9s m\u00e9dia t\u00e1rol\u00e1s\u00e1ra is rugalmasan lehet\u0151s\u00e9g ny\u00edlik.<\/p>\n<p>A telep\u00edt\u00e9si folyamat egyszer\u0171, \u00e9s minim\u00e1lis m\u0171szaki szak\u00e9rtelmet ig\u00e9nyel. A caddy a sz\u00fcks\u00e9ges csavarokkal egy\u00fctt \u00e9rkezik, \u00e9s k\u00f6zvetlen\u00fcl a Dell OptiPlex 9010 asztali sz\u00e1m\u00edt\u00f3g\u00e9p meghajt\u00f3rekesz\u00e9be r\u00f6gz\u00edthet\u0151. A biztons\u00e1gos telep\u00edt\u00e9s ut\u00e1n a merevlemez csatlakoztathat\u00f3 a rendszer alaplapj\u00e1hoz a megfelel\u0151 SATA vagy t\u00e1pk\u00e1belek seg\u00edts\u00e9g\u00e9vel.<\/p>\n<p>Egy tov\u00e1bbi merevlemez telep\u00edt\u00e9s\u00e9vel k\u00fcl\u00f6n t\u00e1rhelyet hozhat l\u00e9tre biztons\u00e1gi ment\u00e9sek, multim\u00e9di\u00e1s tartalmak vagy nagym\u00e9ret\u0171 f\u00e1jlok sz\u00e1m\u00e1ra, ami seg\u00edthet jav\u00edtani a rendszer \u00e1ltal\u00e1nos teljes\u00edtm\u00e9ny\u00e9t \u00e9s szervezetts\u00e9g\u00e9t.<\/p>\n<p>Ak\u00e1r otthoni felhaszn\u00e1l\u00f3, ak\u00e1r \u00fczleti szakember, ak\u00e1r kreat\u00edv rajong\u00f3, a Dell OptiPlex 9010 3,5&#8243; merevlemezes Caddy praktikus \u00e9s megb\u00edzhat\u00f3 megold\u00e1s asztali sz\u00e1m\u00edt\u00f3g\u00e9pe t\u00e1rol\u00f3kapacit\u00e1s\u00e1nak b\u0151v\u00edt\u00e9s\u00e9re. Friss\u00edtse rendszer\u00e9t ezzel az eredeti Dell term\u00e9kkel, hogy jav\u00edtsa a sz\u00e1m\u00edt\u00e1stechnikai \u00e9lm\u00e9nyt \u00e9s n\u00f6velje a termel\u00e9kenys\u00e9get.<\/p>\n","protected":false},"excerpt":{"rendered":"<p>A Dell OptiPlex 9010 3,5&#8243;-os merevlemez-meghajt\u00f3 (cikksz\u00e1m: 28K79 vagy CN-028K79) egy eredeti Dell term\u00e9k, amelyet a 3,5&#8243;-es merevlemez sz\u00e1m\u00edt\u00f3g\u00e9p h\u00e1z\u00e1ba val\u00f3 biztons\u00e1gos r\u00f6gz\u00edt\u00e9s\u00e9re terveztek. Lehet\u0151v\u00e9 teszi a merevlemez egyszer\u0171 beszerel\u00e9s\u00e9t \u00e9s elt\u00e1vol\u00edt\u00e1s\u00e1t, tov\u00e1bbi t\u00e1rhelyet biztos\u00edtva \u00e9s jav\u00edtva a rendszer \u00e1ltal\u00e1nos teljes\u00edtm\u00e9ny\u00e9t.<\/p>\n","protected":false},"featured_media":1030,"template":"","meta":[],"product_brand":[],"product_cat":[27],"product_tag":[17],"class_list":{"0":"post-961","1":"product","2":"type-product","3":"status-publish","4":"has-post-thumbnail","6":"product_cat-motherboards-board-parts","7":"product_tag-dell","9":"first","10":"instock","11":"taxable","12":"shipping-taxable","13":"purchasable","14":"product-type-simple"},"_links":{"self":[{"href":"https:\/\/boreait.com\/hu\/wp-json\/wp\/v2\/product\/961","targetHints":{"allow":["GET"]}}],"collection":[{"href":"https:\/\/boreait.com\/hu\/wp-json\/wp\/v2\/product"}],"about":[{"href":"https:\/\/boreait.com\/hu\/wp-json\/wp\/v2\/types\/product"}],"wp:featuredmedia":[{"embeddable":true,"href":"https:\/\/boreait.com\/hu\/wp-json\/wp\/v2\/media\/1030"}],"wp:attachment":[{"href":"https:\/\/boreait.com\/hu\/wp-json\/wp\/v2\/media?parent=961"}],"wp:term":[{"taxonomy":"product_brand","embeddable":true,"href":"https:\/\/boreait.com\/hu\/wp-json\/wp\/v2\/product_brand?post=961"},{"taxonomy":"product_cat","embeddable":true,"href":"https:\/\/boreait.com\/hu\/wp-json\/wp\/v2\/product_cat?post=961"},{"taxonomy":"product_tag","embeddable":true,"href":"https:\/\/boreait.com\/hu\/wp-json\/wp\/v2\/product_tag?post=961"}],"curies":[{"name":"wp","href":"https:\/\/api.w.org\/{rel}","templated":true}]}}