{"id":9609,"date":"2025-09-17T12:39:10","date_gmt":"2025-09-17T10:39:10","guid":{"rendered":"https:\/\/boreait.com\/hu\/?post_type=product&#038;p=9609"},"modified":"2025-10-15T14:12:47","modified_gmt":"2025-10-15T12:12:47","slug":"uj-156-huvelykes-fhd-ips-matt-kepernyo-30-tus-hp-15s-fq-sorozathoz","status":"publish","type":"product","link":"https:\/\/boreait.com\/hu\/termek\/uj-156-huvelykes-fhd-ips-matt-kepernyo-30-tus-hp-15s-fq-sorozathoz\/","title":{"rendered":"\u00daj 15,6 h\u00fcvelykes FHD IPS matt k\u00e9perny\u0151, 30 t\u0171s HP 15S-FQ sorozathoz"},"content":{"rendered":"<p><strong>T\u00e9nyleges LCD-k\u00e9perny\u0151s modell: B156ZAN03.6 vagy N156HCA-EAB Rev C.4 \u2013 teljes m\u00e9rt\u00e9kben kompatibilis a HP 15S-FQ sorozattal<\/strong><\/p>\n<p><strong>15,6&#8243; FHD IPS laptop k\u00e9perny\u0151 HP 15S-FQ sorozathoz<\/strong><\/p>\n<p>Helyezze \u00fajra \u00e9letre HP 15S-FQ sorozat\u00fa laptopj\u00e1t ezzel a kiv\u00e1l\u00f3 min\u0151s\u00e9g\u0171, 15,6 h\u00fcvelykes csereLCD-k\u00e9perny\u0151vel. A HP 15S-FQ1000, 15S-FQ1010 \u00e9s 15S-FQ1020 modellekhez tervezett k\u00e9perny\u0151 leny\u0171g\u00f6z\u0151, 1920 x 1080 Full HD felbont\u00e1st biztos\u00edt. A fejlett IPS technol\u00f3gia biztos\u00edtja, hogy a sz\u00ednek f\u00e9nyesek \u00e9s \u00e9leth\u0171ek maradnak m\u00e9g nagy sz\u00f6gb\u0151l n\u00e9zve is. Ak\u00e1r projekteken dolgozik, ak\u00e1r filmeket n\u00e9z, ak\u00e1r az interneten b\u00f6ng\u00e9szik, ez a k\u00e9perny\u0151 \u00e9les \u00e9s \u00e9l\u00e9nk l\u00e1tv\u00e1nyt ny\u00fajt a jobb \u00e9lm\u00e9ny \u00e9rdek\u00e9ben.<\/p>\n<p>A k\u00e9perny\u0151 matt fel\u00fclete seg\u00edt cs\u00f6kkenteni a t\u00fckr\u00f6z\u0151d\u00e9st \u00e9s a t\u00fckr\u00f6z\u0151d\u00e9st, \u00edgy k\u00e9nyelmesen haszn\u00e1lhatja laptopj\u00e1t k\u00fcl\u00f6nf\u00e9le f\u00e9nyviszonyok k\u00f6z\u00f6tt. Ez a t\u00fckr\u00f6z\u0151d\u00e9smentes bevonat minim\u00e1lisra cs\u00f6kkenti a szem meger\u0151ltet\u00e9s\u00e9t, megk\u00f6nny\u00edtve a munk\u00e1t vagy a j\u00e1t\u00e9kot hosszabb ideig.<\/p>\n<h4>F\u0151bb jellemz\u0151k:<\/h4>\n<ul>\n<li><strong>Full HD felbont\u00e1s:<\/strong> Az 1920 x 1080 felbont\u00e1s\u00fa k\u00e9perny\u0151 krist\u00e1lytiszta k\u00e9peket \u00e9s \u00e9l\u00e9nk r\u00e9szleteket k\u00edn\u00e1l, \u00edgy minden sz\u00e1m\u00edt\u00e1stechnikai ig\u00e9nyt kiel\u00e9g\u00edt.<\/li>\n<li><strong>IPS technol\u00f3gia:<\/strong> Tapasztalja meg az egyenletes f\u00e9nyer\u0151t \u00e9s a pontos sz\u00edneket sz\u00e9les, 178 fokos l\u00e1t\u00f3sz\u00f6gben, \u00edgy b\u00e1rmilyen poz\u00edci\u00f3b\u00f3l kiv\u00e1l\u00f3 k\u00e9pmin\u0151s\u00e9get biztos\u00edt.<\/li>\n<li><strong>Matt fel\u00fclet:<\/strong> A t\u00fckr\u00f6z\u0151d\u00e9smentes fel\u00fclet cs\u00f6kkenti a t\u00fckr\u00f6z\u0151d\u00e9st \u00e9s a szem kif\u00e1rad\u00e1s\u00e1t, k\u00e9nyelmes megtekint\u00e9si \u00e9lm\u00e9nyt biztos\u00edtva vil\u00e1gos k\u00f6rnyezetben.<\/li>\n<li><strong>30 t\u0171s eDP-csatlakoz\u00f3:<\/strong> A 30 t\u0171s be\u00e1gyazott DisplayPort (eDP) csatlakoz\u00f3val felszerelt k\u00e9perny\u0151t \u00fagy tervezt\u00e9k, hogy k\u00f6nnyen telep\u00edthet\u0151, \u00e9s kompatibilis a HP 15S-FQ sorozattal.<\/li>\n<li><strong>Egyszer\u0171 telep\u00edt\u00e9s:<\/strong> K\u00e9toldalas ragaszt\u00f3cs\u00edkokat tartalmaz a biztons\u00e1gos telep\u00edt\u00e9s \u00e9rdek\u00e9ben. Ne feledje, hogy ehhez a k\u00e9perny\u0151h\u00f6z nem tartozik tart\u00f3konzol, ez\u00e9rt el\u0151fordulhat, hogy megl\u00e9v\u0151 konzolokat kell haszn\u00e1lnia, vagy k\u00fcl\u00f6n kell megv\u00e1s\u00e1rolnia azokat.<\/li>\n<\/ul>\n<p>Friss\u00edtse laptopj\u00e1t ezzel a cserek\u00e9perny\u0151vel, hogy jobb l\u00e1tv\u00e1nyt \u00e9s jobb teljes\u00edtm\u00e9nyt \u00e9lvezhessen. K\u00e9rj\u00fck, ellen\u0151rizze az adott HP 15S-FQ modellel val\u00f3 kompatibilit\u00e1st az eszk\u00f6z specifik\u00e1ci\u00f3inak, p\u00e9ld\u00e1ul a csatlakoz\u00f3 t\u00edpus\u00e1nak, a k\u00e9perny\u0151 m\u00e9ret\u00e9nek \u00e9s a felbont\u00e1s\u00e1nak ellen\u0151rz\u00e9s\u00e9vel.<\/p>\n<h4>N\u00e9h\u00e1ny kompatibilis modell a HP 15S-FQ sorozatb\u00f3l:<\/h4>\n<p>HP 15S-FQ1000nl<\/p>\n<p>15S-FQ2015NA<\/p>\n<p>HP 15S-FQ1020<\/p>\n<p>HP 15S-FQ1030<\/p>\n<p>HP 15S-FQ1040<\/p>\n<p>HP 15S-FQ1050<\/p>\n<p>HP 15S-FQ1060<\/p>\n<p>HP 15S-FQ1070<\/p>\n<p>HP 15S-FQ1080<\/p>\n<p>15s-fq0000tx<\/p>\n<p>15s-fq0001tx<\/p>\n<p>15s-fq0005tx<\/p>\n<p>HP 15S-FQ1008NS<\/p>\n<p>15S-FQ1009NS<\/p>\n<p>15S-FQ1010NS<\/p>\n<p>HP 15S-FQ1019NS<\/p>\n<p>15S-FQ1020NS<\/p>\n<p>HP 15S-FQ1029NS<\/p>\n<p>15S-FQ1030NS<\/p>\n<p>HP 15S-FQ1038NS<\/p>\n<p>15S-FQ1039NS<\/p>\n<p>15S-FQ1040NS<\/p>\n<p>HP 15S-FQ1049NS<\/p>\n<p>15S-FQ1050NS<\/p>\n<p>HP 15S-FQ1059NS<\/p>\n<p>15S-FQ1060NS<\/p>\n<p>HP 15S-FQ1068NS<\/p>\n<p>15S-FQ1069NS<\/p>\n<p>15S-FQ1070NS<\/p>\n<p>HP 15S-FQ1080NS<\/p>\n<p>15S-FQ1081NS<\/p>\n<p>15S-FQ1082NS<\/p>\n<p>HP 15S-FQ1089NS<\/p>\n<p>15S-FQ1090NS<\/p>\n<p>15S-FQ1091NS<\/p>\n<p>15s-fq3510ng<\/p>\n<p>HP 15s-fq2037ns<\/p>\n<p>HP 15s-fq5020na<\/p>\n<p>15s-fq5333ng<\/p>\n<p>15s-fq1512sa<\/p>\n<p>HP 15s-fq3324ng<\/p>\n<p>HP 15s-fq5811ng<\/p>\n<p>HP 15s-fq0510ng<\/p>\n<p>HP 15s-fq0006na<\/p>\n<p>HP 15s-fq3612ng<\/p>\n<p>HP 15s-fq0317ng<\/p>\n<p>HP Laptop 15s-fq2014sl<\/p>\n<p>&nbsp;<\/p>\n<p>&nbsp;<\/p>\n<p>&nbsp;<\/p>\n","protected":false},"excerpt":{"rendered":"<p>Friss\u00edtse fel HP 15S-FQ sorozat\u00fa laptopj\u00e1t ezzel a 15,6 h\u00fcvelykes FHD IPS-k\u00e9perny\u0151vel. Az \u00e9l\u00e9nk sz\u00ednekkel \u00e9s az IPS technol\u00f3gi\u00e1val sz\u00e9les betekint\u00e9si sz\u00f6gekkel rendelkez\u0151 matt fel\u00fclet cs\u00f6kkenti a t\u00fckr\u00f6z\u0151d\u00e9st a k\u00e9nyelmes megjelen\u00edt\u00e9s \u00e9rdek\u00e9ben. Tartalmaz egy 30 t\u0171s eDP-csatlakoz\u00f3t \u00e9s \u00f6ntapad\u00f3 cs\u00edkokat az egyszer\u0171 telep\u00edt\u00e9s \u00e9rdek\u00e9ben. V\u00e1s\u00e1rl\u00e1s el\u0151tt ellen\u0151rizze a kompatibilit\u00e1st.<\/p>\n","protected":false},"featured_media":9615,"template":"","meta":[],"product_brand":[],"product_cat":[81,71],"product_tag":[],"class_list":{"0":"post-9609","1":"product","2":"type-product","3":"status-publish","4":"has-post-thumbnail","6":"product_cat-15-6-new-laptop-screens-lcd-panels","7":"product_cat-new-laptop-screens-lcd-panels","9":"first","10":"instock","11":"taxable","12":"shipping-taxable","13":"purchasable","14":"product-type-simple"},"_links":{"self":[{"href":"https:\/\/boreait.com\/hu\/wp-json\/wp\/v2\/product\/9609","targetHints":{"allow":["GET"]}}],"collection":[{"href":"https:\/\/boreait.com\/hu\/wp-json\/wp\/v2\/product"}],"about":[{"href":"https:\/\/boreait.com\/hu\/wp-json\/wp\/v2\/types\/product"}],"wp:featuredmedia":[{"embeddable":true,"href":"https:\/\/boreait.com\/hu\/wp-json\/wp\/v2\/media\/9615"}],"wp:attachment":[{"href":"https:\/\/boreait.com\/hu\/wp-json\/wp\/v2\/media?parent=9609"}],"wp:term":[{"taxonomy":"product_brand","embeddable":true,"href":"https:\/\/boreait.com\/hu\/wp-json\/wp\/v2\/product_brand?post=9609"},{"taxonomy":"product_cat","embeddable":true,"href":"https:\/\/boreait.com\/hu\/wp-json\/wp\/v2\/product_cat?post=9609"},{"taxonomy":"product_tag","embeddable":true,"href":"https:\/\/boreait.com\/hu\/wp-json\/wp\/v2\/product_tag?post=9609"}],"curies":[{"name":"wp","href":"https:\/\/api.w.org\/{rel}","templated":true}]}}