{"id":9608,"date":"2025-09-17T12:39:09","date_gmt":"2025-09-17T10:39:09","guid":{"rendered":"https:\/\/boreait.com\/hu\/?post_type=product&#038;p=9608"},"modified":"2025-10-15T14:12:47","modified_gmt":"2025-10-15T12:12:47","slug":"156-huvelykes-fhd-ips-matt-kepernyo-30-tus-asus-vivobook-pro-15-m3500qc-ds71","status":"publish","type":"product","link":"https:\/\/boreait.com\/hu\/termek\/156-huvelykes-fhd-ips-matt-kepernyo-30-tus-asus-vivobook-pro-15-m3500qc-ds71\/","title":{"rendered":"15,6 h\u00fcvelykes FHD IPS matt k\u00e9perny\u0151, 30 t\u0171s ASUS VivoBook Pro 15 M3500QC-DS71"},"content":{"rendered":"<p><strong>T\u00e9nyleges LCD-k\u00e9perny\u0151s modell: B156ZAN03.6 vagy N156HCA-EAB Rev C.4 \u2013 kompatibilis a k\u00f6vetkez\u0151vel: <span data-sheets-root=\"1\" data-sheets-value=\"{&quot;1&quot;:2,&quot;2&quot;:&quot;PROAS1 VIVOBOOK M3500QC-DS71&quot;}\" data-sheets-userformat=\"{&quot;2&quot;:513,&quot;3&quot;:{&quot;1&quot;:0},&quot;12&quot;:0}\">ASUS VIVOBOOK PRO 15 M3DS710QC-DS710<\/p>\n<p><strong>15,6&#8243; FHD IPS laptop k\u00e9perny\u0151 ASUS VivoBook Pro 15 M3500QC-DS71-hez<\/strong><\/p>\n<p>Friss\u00edtse ASUS VivoBook Pro 15 M3500QC-DS71 k\u00e9sz\u00fcl\u00e9k\u00e9t vizu\u00e1lisan ezzel a nagy teljes\u00edtm\u00e9ny\u0171, 15,6 h\u00fcvelykes csereLCD-k\u00e9perny\u0151vel. Az 1920 x 1080-as Full HD felbont\u00e1s\u00fa k\u00e9perny\u0151 leny\u0171g\u00f6z\u0151 k\u00e9ptisztas\u00e1got \u00e9s r\u00e9szletgazdags\u00e1got biztos\u00edt, \u00e9s minden feladathoz t\u00f6k\u00e9letes, legyen sz\u00f3 kreat\u00edv munk\u00e1r\u00f3l, j\u00e1t\u00e9kr\u00f3l vagy streamel\u00e9sr\u0151l. A fejlett IPS (In-Plane Switching) technol\u00f3gia gondoskodik arr\u00f3l, hogy a sz\u00ednek \u00e9l\u00e9nkek \u00e9s val\u00f3diak maradjanak m\u00e9g sz\u00e9les l\u00e1t\u00f3sz\u00f6gben is, \u00edgy b\u00e1rmilyen poz\u00edci\u00f3b\u00f3l lebilincsel\u0151 megtekint\u00e9si \u00e9lm\u00e9nyben lehet r\u00e9sze.<\/p>\n<p>Ez a matt fel\u00fclet\u0171 k\u00e9perny\u0151 hat\u00e9konyan cs\u00f6kkenti a t\u00fckr\u00f6z\u0151d\u00e9st \u00e9s a t\u00fckr\u00f6z\u0151d\u00e9st, \u00edgy ide\u00e1lisan haszn\u00e1lhat\u00f3 vil\u00e1gos k\u00f6rnyezetben, p\u00e9ld\u00e1ul irod\u00e1kban vagy a szabadban. A t\u00fckr\u00f6z\u0151d\u00e9smentes bevonat minim\u00e1lisra cs\u00f6kkenti a szem meger\u0151ltet\u00e9s\u00e9t, k\u00e9nyelmet biztos\u00edtva a k\u00e9perny\u0151n t\u00f6lt\u00f6tt \u00f3r\u00e1kon kereszt\u00fcl.<\/p>\n<h4>F\u0151bb jellemz\u0151k:<\/h4>\n<ul>\n<li><strong>Full HD felbont\u00e1s:<\/strong> \u00c9lvezze a krist\u00e1lytiszta k\u00e9pet az 1920 x 1080-as felbont\u00e1ssal, amely minden r\u00e9szletet kiemel, \u00edgy t\u00f6k\u00e9letes minden sz\u00f3rakoz\u00e1si \u00e9s munkahelyi ig\u00e9ny\u00e9hez.<\/li>\n<li><strong>IPS technol\u00f3gia:<\/strong> \u00c9lvezze az egyenletes sz\u00ednpontoss\u00e1got \u00e9s az \u00e9les k\u00e9peket 178 fokos sz\u00e9les betekint\u00e9si sz\u00f6gben, \u00edgy biztos\u00edtva, hogy k\u00e9perny\u0151je b\u00e1rmilyen perspekt\u00edv\u00e1b\u00f3l j\u00f3l n\u00e9zzen ki.<\/li>\n<li><strong>Matt fel\u00fclet:<\/strong> A t\u00fckr\u00f6z\u0151d\u00e9smentes fel\u00fclet cs\u00f6kkenti a visszaver\u0151d\u00e9st, k\u00e9nyelmes \u00e9s zavar\u00f3 l\u00e1tv\u00e1nyt biztos\u00edtva k\u00fcl\u00f6nf\u00e9le f\u00e9nyviszonyok mellett.<\/li>\n<li><strong>30 t\u0171s eDP-csatlakoz\u00f3:<\/strong> ez a k\u00e9perny\u0151 30 t\u0171s be\u00e1gyazott DisplayPort (eDP) csatlakoz\u00f3val rendelkezik, amely biztos\u00edtja az egyszer\u0171 telep\u00edt\u00e9st \u00e9s az ASUS VivoBook Pro 15 M3500QC-DS71 modellekkel val\u00f3 kompatibilit\u00e1st.<\/li>\n<li><strong>Egyszer\u0171 telep\u00edt\u00e9s:<\/strong> K\u00e9toldalas ragaszt\u00f3cs\u00edkokkal sz\u00e1ll\u00edtjuk a gyors \u00e9s biztons\u00e1gos telep\u00edt\u00e9s \u00e9rdek\u00e9ben.<\/li>\n<\/ul>\n<p>Ez az LCD-k\u00e9perny\u0151 kiv\u00e1l\u00f3 v\u00e1laszt\u00e1s a s\u00e9r\u00fclt kijelz\u0151 cser\u00e9j\u00e9hez vagy a laptop friss\u00edt\u00e9s\u00e9hez a jobb teljes\u00edtm\u00e9ny \u00e9rdek\u00e9ben. V\u00e1s\u00e1rl\u00e1s el\u0151tt gy\u0151z\u0151dj\u00f6n meg arr\u00f3l, hogy ez a k\u00e9perny\u0151 kompatibilis-e az ASUS VivoBook Pro 15 modellel. Ehhez ellen\u0151rizze az eszk\u00f6z specifik\u00e1ci\u00f3it a csatlakoz\u00f3 t\u00edpus\u00e1ra, a k\u00e9perny\u0151 m\u00e9ret\u00e9re \u00e9s a felbont\u00e1sra vonatkoz\u00f3an.<\/p>\n","protected":false},"excerpt":{"rendered":"<p>Fejlessze ASUS VivoBook Pro 15 M3500QC-DS71 k\u00e9sz\u00fcl\u00e9k\u00e9t ezzel a 15,6 h\u00fcvelykes FHD IPS k\u00e9perny\u0151vel. Az \u00e9l\u00e9nk sz\u00ednekkel \u00e9s az IPS technol\u00f3gi\u00e1val sz\u00e9les betekint\u00e9si sz\u00f6gekkel rendelkez\u0151 matt fel\u00fclet cs\u00f6kkenti a t\u00fckr\u00f6z\u0151d\u00e9st a k\u00e9nyelmes megtekint\u00e9s \u00e9rdek\u00e9ben. Tartalmaz egy 30 t\u0171s eDP-csatlakoz\u00f3t \u00e9s \u00f6ntapad\u00f3 cs\u00edkokat a k\u00f6nny\u0171 telep\u00edt\u00e9s \u00e9rdek\u00e9ben. V\u00e1s\u00e1rl\u00e1s el\u0151tt er\u0151s\u00edtse meg a kompatibilit\u00e1st.<\/p>\n","protected":false},"featured_media":9615,"template":"","meta":[],"product_brand":[],"product_cat":[81,71],"product_tag":[30],"class_list":{"0":"post-9608","1":"product","2":"type-product","3":"status-publish","4":"has-post-thumbnail","6":"product_cat-15-6-new-laptop-screens-lcd-panels","7":"product_cat-new-laptop-screens-lcd-panels","8":"product_tag-asus","10":"first","11":"instock","12":"taxable","13":"shipping-taxable","14":"purchasable","15":"product-type-simple"},"_links":{"self":[{"href":"https:\/\/boreait.com\/hu\/wp-json\/wp\/v2\/product\/9608","targetHints":{"allow":["GET"]}}],"collection":[{"href":"https:\/\/boreait.com\/hu\/wp-json\/wp\/v2\/product"}],"about":[{"href":"https:\/\/boreait.com\/hu\/wp-json\/wp\/v2\/types\/product"}],"wp:featuredmedia":[{"embeddable":true,"href":"https:\/\/boreait.com\/hu\/wp-json\/wp\/v2\/media\/9615"}],"wp:attachment":[{"href":"https:\/\/boreait.com\/hu\/wp-json\/wp\/v2\/media?parent=9608"}],"wp:term":[{"taxonomy":"product_brand","embeddable":true,"href":"https:\/\/boreait.com\/hu\/wp-json\/wp\/v2\/product_brand?post=9608"},{"taxonomy":"product_cat","embeddable":true,"href":"https:\/\/boreait.com\/hu\/wp-json\/wp\/v2\/product_cat?post=9608"},{"taxonomy":"product_tag","embeddable":true,"href":"https:\/\/boreait.com\/hu\/wp-json\/wp\/v2\/product_tag?post=9608"}],"curies":[{"name":"wp","href":"https:\/\/api.w.org\/{rel}","templated":true}]}}